{"id":2774,"date":"2014-07-14T08:27:54","date_gmt":"2014-07-14T08:27:54","guid":{"rendered":"http:\/\/musgerbil.dk\/?page_id=2774"},"modified":"2022-02-17T23:49:06","modified_gmt":"2022-02-17T22:49:06","slug":"hereford","status":"publish","type":"page","link":"https:\/\/musgerbil.dk\/?page_id=2774","title":{"rendered":"Hereford"},"content":{"rendered":"<p><strong>Genetik: <\/strong>ss w(n)w(n)<br \/>\n<strong> Farve: <\/strong>F\u00f8lger standarden for farven<br \/>\n<strong> Aftegning: <\/strong>Masken starter i en spids mellem \u00f8rerne, og forts\u00e6tter ned ad kinden under \u00f8jet, s\u00e5 den skaber en V form. Den m\u00e5 ikke g\u00e5 ned p\u00e5 halsen.<br \/>\nDen hvide markering p\u00e5 maven skal starte mellem forbenene, og f\u00f8rst slutte helt nede mellem bagbenene. En rektangul\u00e6r eller oval form er \u00f8nskv\u00e6rdig. Den hvide mave m\u00e5 ikke g\u00e5 op ad musens side.<br \/>\nAlle aftegninger skal v\u00e6re skarpe.<br \/>\n<strong> Hale: <\/strong>Som farvens standard og op til halvdelen af halen m\u00e5 v\u00e6re hvid.<br \/>\n<strong> F\u00f8dder:<\/strong> Hvide til og med anklen<br \/>\n<strong> \u00d8jne og \u00f8rer:<\/strong> F\u00f8lger standarden for farven<br \/>\n<strong> Almindelige fejl: <\/strong>Hvide markeringer i standard farven. Markeringen p\u00e5 maven viser sig op ad siden p\u00e5 musen. Hvid hals. Farvede pletter i de hvide markeringer.<\/p>\n<p><strong>Udstillingsvariant:<\/strong>&nbsp;Standard<\/p>\nngg_shortcode_0_placeholder\n<p><strong>&nbsp;<\/strong><\/p>\n<p>&nbsp;<\/p>\n<p>&nbsp;<\/p>\n","protected":false},"excerpt":{"rendered":"<p>Genetik: ss w(n)w(n) Farve: F\u00f8lger standarden for farven Aftegning: Masken starter i en spids mellem \u00f8rerne, og forts\u00e6tter ned ad kinden under \u00f8jet, s\u00e5 den skaber en V form. Den [&hellip;]<\/p>\n","protected":false},"author":1,"featured_media":0,"parent":150,"menu_order":0,"comment_status":"closed","ping_status":"closed","template":"","meta":{"site-sidebar-layout":"default","site-content-layout":"","ast-site-content-layout":"","site-content-style":"default","site-sidebar-style":"default","ast-global-header-display":"","ast-banner-title-visibility":"","ast-main-header-display":"","ast-hfb-above-header-display":"","ast-hfb-below-header-display":"","ast-hfb-mobile-header-display":"","site-post-title":"","ast-breadcrumbs-content":"","ast-featured-img":"","footer-sml-layout":"","theme-transparent-header-meta":"","adv-header-id-meta":"","stick-header-meta":"","header-above-stick-meta":"","header-main-stick-meta":"","header-below-stick-meta":"","astra-migrate-meta-layouts":"default","ast-page-background-enabled":"default","ast-page-background-meta":{"desktop":{"background-color":"var(--ast-global-color-4)","background-image":"","background-repeat":"repeat","background-position":"center center","background-size":"auto","background-attachment":"scroll","background-type":"","background-media":"","overlay-type":"","overlay-color":"","overlay-opacity":"","overlay-gradient":""},"tablet":{"background-color":"","background-image":"","background-repeat":"repeat","background-position":"center center","background-size":"auto","background-attachment":"scroll","background-type":"","background-media":"","overlay-type":"","overlay-color":"","overlay-opacity":"","overlay-gradient":""},"mobile":{"background-color":"","background-image":"","background-repeat":"repeat","background-position":"center center","background-size":"auto","background-attachment":"scroll","background-type":"","background-media":"","overlay-type":"","overlay-color":"","overlay-opacity":"","overlay-gradient":""}},"ast-content-background-meta":{"desktop":{"background-color":"var(--ast-global-color-5)","background-image":"","background-repeat":"repeat","background-position":"center center","background-size":"auto","background-attachment":"scroll","background-type":"","background-media":"","overlay-type":"","overlay-color":"","overlay-opacity":"","overlay-gradient":""},"tablet":{"background-color":"var(--ast-global-color-5)","background-image":"","background-repeat":"repeat","background-position":"center center","background-size":"auto","background-attachment":"scroll","background-type":"","background-media":"","overlay-type":"","overlay-color":"","overlay-opacity":"","overlay-gradient":""},"mobile":{"background-color":"var(--ast-global-color-5)","background-image":"","background-repeat":"repeat","background-position":"center center","background-size":"auto","background-attachment":"scroll","background-type":"","background-media":"","overlay-type":"","overlay-color":"","overlay-opacity":"","overlay-gradient":""}},"ngg_post_thumbnail":0,"footnotes":""},"class_list":["post-2774","page","type-page","status-publish","hentry"],"_links":{"self":[{"href":"https:\/\/musgerbil.dk\/index.php?rest_route=\/wp\/v2\/pages\/2774"}],"collection":[{"href":"https:\/\/musgerbil.dk\/index.php?rest_route=\/wp\/v2\/pages"}],"about":[{"href":"https:\/\/musgerbil.dk\/index.php?rest_route=\/wp\/v2\/types\/page"}],"author":[{"embeddable":true,"href":"https:\/\/musgerbil.dk\/index.php?rest_route=\/wp\/v2\/users\/1"}],"replies":[{"embeddable":true,"href":"https:\/\/musgerbil.dk\/index.php?rest_route=%2Fwp%2Fv2%2Fcomments&post=2774"}],"version-history":[{"count":13,"href":"https:\/\/musgerbil.dk\/index.php?rest_route=\/wp\/v2\/pages\/2774\/revisions"}],"predecessor-version":[{"id":9528,"href":"https:\/\/musgerbil.dk\/index.php?rest_route=\/wp\/v2\/pages\/2774\/revisions\/9528"}],"up":[{"embeddable":true,"href":"https:\/\/musgerbil.dk\/index.php?rest_route=\/wp\/v2\/pages\/150"}],"wp:attachment":[{"href":"https:\/\/musgerbil.dk\/index.php?rest_route=%2Fwp%2Fv2%2Fmedia&parent=2774"}],"curies":[{"name":"wp","href":"https:\/\/api.w.org\/{rel}","templated":true}]}}