{"id":2607,"date":"2014-06-29T09:31:34","date_gmt":"2014-06-29T09:31:34","guid":{"rendered":"http:\/\/musgerbil.dk\/?page_id=2607"},"modified":"2022-02-17T23:49:06","modified_gmt":"2022-02-17T22:49:06","slug":"udstillingsklasser-oerkenrotter","status":"publish","type":"page","link":"https:\/\/musgerbil.dk\/?page_id=2607","title":{"rendered":"Udstillingsklasser &#8211; \u00d8rkenrotter"},"content":{"rendered":"<h3>Typestandard<\/h3>\n<p>I klasserne Standard og Sj\u00e6lden Variant d\u00f8mmes deres type efter <a href=\"https:\/\/musgerbil.dk\/?page_id=1614\">typestandarden &#8211; klik her<\/a><\/p>\n<h3>Standard<\/h3>\n<p>Standard klassen er opdelt i 5 varianter.<br \/>\n\u00d8rkenrotten placeres i en standardvariant, s\u00e5 l\u00e6nge pelsen er standardiseret.<\/p>\n<p><strong>Ticked<\/strong><br \/>\n&#8211; <a title=\"Agouti \u2013 \u00d8rkenrotte\" href=\"https:\/\/musgerbil.dk\/?page_id=788\">Agouti<\/a><br \/>\n&#8211; <a title=\"Argente Golden \u2013 \u00d8rkenrotte\" href=\"https:\/\/musgerbil.dk\/?page_id=792\">Argente Golden<\/a><br \/>\n&#8211; <a title=\"Argente Cream \u2013 \u00d8rkenrotte\" href=\"https:\/\/musgerbil.dk\/?page_id=795\">Argente Cream<\/a><br \/>\n&#8211; <a title=\"Grey Agouti \u2013 \u00d8rkenrotte\" href=\"https:\/\/musgerbil.dk\/?page_id=797\">Grey Agouti<\/a><br \/>\n&#8211; <a title=\"Ivory Cream \u2013 \u00d8rkenrotte\" href=\"https:\/\/musgerbil.dk\/?page_id=799\">Ivory Cream<\/a><\/p>\n<p><strong>Self<\/strong><br \/>\n&#8211; <a title=\"Black \u2013 \u00d8rkenrotte\" href=\"https:\/\/musgerbil.dk\/?page_id=810\">Black<\/a><br \/>\n&#8211; <a title=\"BEW \u2013 \u00d8rkenrotte\" href=\"https:\/\/musgerbil.dk\/?page_id=840\">BEW<\/a><br \/>\n&#8211; <a title=\"Dove \u2013 \u00d8rkenrotte\" href=\"https:\/\/musgerbil.dk\/?page_id=818\">Dove<\/a><br \/>\n&#8211; <a title=\"Blue \u2013 \u00d8rkenrotte\" href=\"https:\/\/musgerbil.dk\/?page_id=812\">Blue<\/a><br \/>\n&#8211; <a title=\"Lilac \u2013 \u00d8rkenrotte\" href=\"https:\/\/musgerbil.dk\/?page_id=816\">Lilac<\/a><br \/>\n&#8211; <a title=\"Ruby Eyed White \u2013 \u00d8rkenrotte\" href=\"https:\/\/musgerbil.dk\/?page_id=820\">REW \u2013 Ruby Eyed White<\/a><br \/>\n&#8211; <a title=\"Pink Eyed White \u2013 \u00d8rkenrotte\" href=\"https:\/\/musgerbil.dk\/?page_id=868\">PEW &#8211; Pink Eyed White<\/a><br \/>\n&#8211; <a title=\"Red Fox \u2013 \u00d8rkenrotte\" href=\"https:\/\/musgerbil.dk\/?page_id=824\">Red Fox<\/a><br \/>\n&#8211; <a title=\"Slate \u2013 \u00d8rkenrotte\" href=\"https:\/\/musgerbil.dk\/?page_id=814\">Slate<\/a><\/p>\n<p><strong>Pointed<\/strong><br \/>\n&#8211; <a title=\"Burmese \u2013 \u00d8rkenrotte\" href=\"https:\/\/musgerbil.dk\/?page_id=844\">Burmese<\/a><br \/>\n&#8211; <a title=\"Siamese \u2013 \u00d8rkenrotte\" href=\"https:\/\/musgerbil.dk\/?page_id=846\">Siamese<\/a><br \/>\n&#8211; <a title=\"CP Agouti \u2013 \u00d8rkenrotte\" href=\"https:\/\/musgerbil.dk\/?page_id=830\">CP Agouti<\/a><br \/>\n&#8211; <a title=\"Dark Tailed White \u2013 \u00d8rkenrotte\" href=\"https:\/\/musgerbil.dk\/?page_id=866\">Himalayan \/ DTW \u2013 Dark tailed White<\/a><br \/>\n&#8211; <a title=\"CP Slate \u2013 \u00d8rkenrotte\" href=\"https:\/\/musgerbil.dk\/?page_id=856\">CP slate<\/a><br \/>\n&#8211;<a title=\"CP Nutmeg \u2013 \u00d8rkenrotte\" href=\"https:\/\/musgerbil.dk\/?page_id=854\"> CP Nutmeg<\/a><br \/>\n&#8211; <a title=\"CP Grey Agouti \u2013 \u00d8rkenrotte\" href=\"https:\/\/musgerbil.dk\/?page_id=836\">CP Grey Agouti<\/a><\/p>\n<p><strong>Tippede<\/strong><br \/>\n&#8211; <a title=\"Dark Eyed Honey \u2013 \u00d8rkenrotte\" href=\"https:\/\/musgerbil.dk\/?page_id=801\">Dark Eyed Honey<\/a><br \/>\n&#8211; <a title=\"Polar Fox \u2013 \u00d8rkenrotte\" href=\"https:\/\/musgerbil.dk\/?page_id=805\">Polar Fox<\/a><br \/>\n&#8211; <a title=\"Red Eyed Polar Fox \u2013 \u00d8rkenrotte\" href=\"https:\/\/musgerbil.dk\/?page_id=807\">RE Polar Fox<\/a><br \/>\n&#8211; <a title=\"Yellow Fox \u2013 \u00d8rkenrotte\" href=\"https:\/\/musgerbil.dk\/?page_id=803\">Yellow Fox<br \/>\n<\/a>&#8211; <a title=\"Nutmeg \u2013 \u00d8rkenrotte\" href=\"https:\/\/musgerbil.dk\/?page_id=822\">Nutmeg<\/a><a title=\"Yellow Fox \u2013 \u00d8rkenrotte\" href=\"https:\/\/musgerbil.dk\/?page_id=803\"><br \/>\n<\/a>&#8211; <a title=\"Silver Nutmeg \u2013 \u00d8rkenrotte\" href=\"https:\/\/musgerbil.dk\/?page_id=826\">Silver Nutmeg<\/a><\/p>\n<p><strong>Hvide aftegn<\/strong><br \/>\n&#8211; <a title=\"Spotted \u2013 \u00d8rkenrotte\" href=\"https:\/\/musgerbil.dk\/?page_id=870\">Spotted<\/a><br \/>\n&#8211; <a title=\"Pied \u2013 \u00d8rkenrotte\" href=\"https:\/\/musgerbil.dk\/?page_id=872\">Pied Collared<\/a><br \/>\n&#8211; <a title=\"Pied Dutch \u2013 \u00d8rkenrotte\" href=\"https:\/\/musgerbil.dk\/?page_id=874\">Pied Dutch<\/a><br \/>\n&#8211; <a title=\"Pied Striped \u2013 \u00d8rkenrotte\" href=\"https:\/\/musgerbil.dk\/?page_id=876\">Pied Striped<\/a><br \/>\n&#8211; <a title=\"Pied Variegated \u2013 \u00d8rkenrotte\" href=\"https:\/\/musgerbil.dk\/?page_id=878\">Pied Variegated<\/a><br \/>\nFor denne variant g\u00e6lder det, at enhver \u00f8rkenrotte med standardfarve og -pels med hvid aftegning, vil blive bed\u00f8mt i denne variant.<\/p>\n<p>&nbsp;<\/p>\n<h3>Sj\u00e6lden Variant<\/h3>\n<p>Derudover har \u00f8rkenrotter en klasse som hedder Sj\u00e6lden Variant. Dette er en klasse for farver, som ikke er endeligt standardiseret og som der indsamles erfaring med. Denne klasse er ogs\u00e5 for farver som er sv\u00e6r eller m\u00e5ske umulig at stabilisere og derfor ikke kan endeligt stabiliseres, men stadig udstilles og opdr\u00e6ttes.<\/p>\n<p><strong>Pelstype<\/strong><br \/>\n&#8211;<a title=\"Rex \u2013 \u00d8rkenrotte\" href=\"https:\/\/musgerbil.dk\/?page_id=882\">Rex<\/a><br \/>\nUanset farve og aftegn<\/p>\n<p><strong>Farver<\/strong><br \/>\n&#8211; <a title=\"Diluted Agouti \u2013 \u00d8rkenrotte\" href=\"https:\/\/musgerbil.dk\/?page_id=790\">Diluted Agouti<br \/>\n<\/a>&#8211; <a title=\"Diluted Nutmeg\" href=\"https:\/\/musgerbil.dk\/?page_id=4955\">Diluted Nutmeg<\/a><br \/>\n&#8211;<a title=\"Blue Slate\" href=\"https:\/\/musgerbil.dk\/?page_id=2642\"> Blue Slate<\/a><br \/>\n&#8211; <a title=\"CP Blue \u2013 \u00d8rkenrotte\" href=\"https:\/\/musgerbil.dk\/?page_id=848\">Blue Burmese ( &#8211; CP Blue \/ Colorpoint Blue \/ Diluted Burmese)<\/a><br \/>\n&#8211; <a title=\"LCP Blue \u2013 \u00d8rkenrotte\" href=\"https:\/\/musgerbil.dk\/?page_id=2627\">Blue Siamese (- <\/a><a title=\"LCP Blue \u2013 \u00d8rkenrotte\" href=\"https:\/\/musgerbil.dk\/?page_id=2627\">LCP Blue<\/a><a title=\"LCP Blue \u2013 \u00d8rkenrotte\" href=\"https:\/\/musgerbil.dk\/?page_id=2627\"> \/ Light Colorpoint Blue \/ Diluted siamese)<\/a><br \/>\n&#8211; <a title=\"Pointed Blue \u2013 \u00d8rkenrotte\" href=\"https:\/\/musgerbil.dk\/?page_id=850\">Pointed Blue <\/a><br \/>\n&#8211; <a title=\"LCP Agouti \u2013 \u00d8rkenrotte\" href=\"https:\/\/musgerbil.dk\/?page_id=832\">LCP Agouti (\u2013 Light Colorpoint Agouti)<\/a><br \/>\n&#8211; <a title=\"Schimmel \u2013 \u00d8rkenrotte\" href=\"https:\/\/musgerbil.dk\/?page_id=862\">Schimmel<\/a><br \/>\n&#8211; <a title=\"Red Eyed Schimmel \u2013 \u00d8rkenrotte\" href=\"https:\/\/musgerbil.dk\/?page_id=864\">RE Schimmel (\u2013 Red Eyed Schimmel<\/a>)<br \/>\n&#8211; <a title=\"Sapphire \u2013 \u00d8rkenrotte\" href=\"https:\/\/musgerbil.dk\/?page_id=852\">Sapphire<\/a><br \/>\n&#8211; <a title=\"Topaz \u2013 \u00d8rkenrotte\" href=\"https:\/\/musgerbil.dk\/?page_id=828\">Topaz<\/a><br \/>\n&#8211; <a title=\"CP Silver Nutmeg \u2013 \u00d8rkenrotte\" href=\"https:\/\/musgerbil.dk\/?page_id=860\">Silverpoint<\/a><br \/>\n&#8211; <a title=\"CP DEH \u2013 \u00d8rkenrotte\" href=\"https:\/\/musgerbil.dk\/?page_id=834\">CP DEH\u00a0 (\u2013 Cappucino<\/a>)<br \/>\n<strong>Aftegninger<\/strong><br \/>\n&#8211; <a title=\"Dark Patched\" href=\"https:\/\/musgerbil.dk\/?page_id=3318\">Dark Patched<\/a> &#8211; grundfarve skal v\u00e6re Standard eller Sj\u00e6lden Variant<\/p>\n<p>&nbsp;<\/p>\n<h3>K\u00e6ledyr<\/h3>\n<p>Sidste klasse er k\u00e6ledyr.<br \/>\nHer d\u00f8mmes ogs\u00e5 med point efter en k\u00e6ledyrstandard.<br \/>\n<a title=\"K\u00e6ledyrs standard \u2013 \u00f8rkenrotte\" href=\"https:\/\/musgerbil.dk\/?page_id=3193\">L\u00e6s standarden her.<\/a><\/p>\n<p>&nbsp;<\/p>\n<h3>Samlede standarder<\/h3>\n<p><a href=\"https:\/\/musgerbil.dk\/?page_id=4622\">De samlede standarder for \u00f8rkenrotter kan hentes som pdf her<\/a> &#8211; OBS! Kun tilg\u00e6ngeligt for DMG medlemmer.<\/p>\n<p>&nbsp;<\/p>\n<p><strong>Rettelser og flere varianter i Standard og Sj\u00e6lden Variant?<\/strong><br \/>\nDommerudvalget st\u00e5r for tilf\u00f8jelser og vedligehold af standarderne.<br \/>\nHar man \u00f8nske til rettelser eller tilf\u00f8jelser af standarder, skal man rette henvendelse til <a href=\"mailto:dommer@musgerbil.dk\" target=\"_blank\" rel=\"noopener\">dommerudvalget<\/a>.<br \/>\n<a href=\"https:\/\/musgerbil.dk\/?page_id=6702\">Optagelseskriterier og procesbeskrivelse for nye standarder kan l\u00e6ses her.<\/a><\/p>\n","protected":false},"excerpt":{"rendered":"<p>Typestandard I klasserne Standard og Sj\u00e6lden Variant d\u00f8mmes deres type efter typestandarden &#8211; klik her Standard Standard klassen er opdelt i 5 varianter. \u00d8rkenrotten placeres i en standardvariant, s\u00e5 l\u00e6nge [&hellip;]<\/p>\n","protected":false},"author":1,"featured_media":0,"parent":2469,"menu_order":0,"comment_status":"closed","ping_status":"closed","template":"","meta":{"site-sidebar-layout":"default","site-content-layout":"","ast-site-content-layout":"","site-content-style":"default","site-sidebar-style":"default","ast-global-header-display":"","ast-banner-title-visibility":"","ast-main-header-display":"","ast-hfb-above-header-display":"","ast-hfb-below-header-display":"","ast-hfb-mobile-header-display":"","site-post-title":"","ast-breadcrumbs-content":"","ast-featured-img":"","footer-sml-layout":"","theme-transparent-header-meta":"","adv-header-id-meta":"","stick-header-meta":"","header-above-stick-meta":"","header-main-stick-meta":"","header-below-stick-meta":"","astra-migrate-meta-layouts":"default","ast-page-background-enabled":"default","ast-page-background-meta":{"desktop":{"background-color":"var(--ast-global-color-4)","background-image":"","background-repeat":"repeat","background-position":"center center","background-size":"auto","background-attachment":"scroll","background-type":"","background-media":"","overlay-type":"","overlay-color":"","overlay-opacity":"","overlay-gradient":""},"tablet":{"background-color":"","background-image":"","background-repeat":"repeat","background-position":"center center","background-size":"auto","background-attachment":"scroll","background-type":"","background-media":"","overlay-type":"","overlay-color":"","overlay-opacity":"","overlay-gradient":""},"mobile":{"background-color":"","background-image":"","background-repeat":"repeat","background-position":"center center","background-size":"auto","background-attachment":"scroll","background-type":"","background-media":"","overlay-type":"","overlay-color":"","overlay-opacity":"","overlay-gradient":""}},"ast-content-background-meta":{"desktop":{"background-color":"var(--ast-global-color-5)","background-image":"","background-repeat":"repeat","background-position":"center center","background-size":"auto","background-attachment":"scroll","background-type":"","background-media":"","overlay-type":"","overlay-color":"","overlay-opacity":"","overlay-gradient":""},"tablet":{"background-color":"var(--ast-global-color-5)","background-image":"","background-repeat":"repeat","background-position":"center center","background-size":"auto","background-attachment":"scroll","background-type":"","background-media":"","overlay-type":"","overlay-color":"","overlay-opacity":"","overlay-gradient":""},"mobile":{"background-color":"var(--ast-global-color-5)","background-image":"","background-repeat":"repeat","background-position":"center center","background-size":"auto","background-attachment":"scroll","background-type":"","background-media":"","overlay-type":"","overlay-color":"","overlay-opacity":"","overlay-gradient":""}},"ngg_post_thumbnail":0,"footnotes":""},"class_list":["post-2607","page","type-page","status-publish","hentry"],"_links":{"self":[{"href":"https:\/\/musgerbil.dk\/index.php?rest_route=\/wp\/v2\/pages\/2607"}],"collection":[{"href":"https:\/\/musgerbil.dk\/index.php?rest_route=\/wp\/v2\/pages"}],"about":[{"href":"https:\/\/musgerbil.dk\/index.php?rest_route=\/wp\/v2\/types\/page"}],"author":[{"embeddable":true,"href":"https:\/\/musgerbil.dk\/index.php?rest_route=\/wp\/v2\/users\/1"}],"replies":[{"embeddable":true,"href":"https:\/\/musgerbil.dk\/index.php?rest_route=%2Fwp%2Fv2%2Fcomments&post=2607"}],"version-history":[{"count":21,"href":"https:\/\/musgerbil.dk\/index.php?rest_route=\/wp\/v2\/pages\/2607\/revisions"}],"predecessor-version":[{"id":10966,"href":"https:\/\/musgerbil.dk\/index.php?rest_route=\/wp\/v2\/pages\/2607\/revisions\/10966"}],"up":[{"embeddable":true,"href":"https:\/\/musgerbil.dk\/index.php?rest_route=\/wp\/v2\/pages\/2469"}],"wp:attachment":[{"href":"https:\/\/musgerbil.dk\/index.php?rest_route=%2Fwp%2Fv2%2Fmedia&parent=2607"}],"curies":[{"name":"wp","href":"https:\/\/api.w.org\/{rel}","templated":true}]}}