{"id":2605,"date":"2018-11-30T09:28:20","date_gmt":"2018-11-30T08:28:20","guid":{"rendered":"http:\/\/musgerbil.dk\/?page_id=2605"},"modified":"2022-02-17T23:48:48","modified_gmt":"2022-02-17T22:48:48","slug":"udstillingsklasser-mus","status":"publish","type":"page","link":"https:\/\/musgerbil.dk\/?page_id=2605","title":{"rendered":"Udstillingsklasser &#8211; Mus"},"content":{"rendered":"<p><strong>Type-standard og udstillingsklasser for mus<\/strong><\/p>\n<p><strong><u>Type-standard:<br \/>\n<\/u><\/strong><strong>Hoved<br \/>\n<\/strong>Hovedet skal set forfra v\u00e6re bredt. Profilen vidner om et kort, trekantet hoved i en konveks bl\u00f8d afrundet profil.<\/p>\n<p>Forfra tilstr\u00e6bes det at, musens hoved danner en kort trekant fra roden af \u00f8rerne og ned til n\u00e6setippen. Gennem \u201cstregen\u201d rammes \u00f8jnene, som er store og runde. Der skal v\u00e6re god brede mellem \u00f8jnene, s\u00e5 de sidder korrekt p\u00e5 linje mellem \u00f8ret og n\u00e6sen. Snuden slutter afrundet b\u00e5de oppefra og set i profil, s\u00e5 den&nbsp;ikke&nbsp;bliver&nbsp;lang og&nbsp;spids eller alt for afkortet og firkantet.<\/p>\n<p>Der tilstr\u00e6bes en tydelig k\u00f8nsforskel, hvor hanner er kort og maskulin i profil og bredere hoved, mens hunner er mere&nbsp;elegante og feminine i profil og forfra.<\/p>\n<p><strong>Krop<br \/>\n<\/strong>Kroppen p\u00e5 musen er lang og slank.<br \/>\nDen m\u00e5 ikke fremst\u00e5 stor og klodset eller for lille og spinkel.<br \/>\nMusen er muskul\u00f8s og elegant.<\/p>\n<p>Hanner \u00f8nskes at fremst\u00e5 maskuline med god tyngde og mere&nbsp;atletiske, hvor hunner \u00f8nskes mere feminine og elegante.<\/p>\n<p><strong>Pels<\/strong><br \/>\nSe standarden for de forskellige pelstyper<\/p>\n<p><strong>\u00d8rer<br \/>\n<\/strong>\u00d8rerne skal v\u00e6re store, glatte og \u00f8nskes helst&nbsp;helt&nbsp;uden folder.<br \/>\nDer skal v\u00e6re god brede i mellem dem (l\u00e6s mere under \u201cHoved\u201d).<br \/>\nSes musen forfra, skal \u00f8rerne sidde placeret som \u201cKlokken 10-11 og 1-2\u201d p\u00e5 et ur.<\/p>\n<p><strong>\u00d8jne<br \/>\n<\/strong>\u00d8jnene er store, runde og klare og \u00f8nskes korrekt placeret p\u00e5 linje mellem \u00f8re og n\u00e6se.<\/p>\n<p><strong>Hale<br \/>\n<\/strong>Halen skal v\u00e6re tyk og glat. Den skal v\u00e6re fri fra kn\u00e6k og andre&nbsp;lignende&nbsp;ufrivilligt buk p\u00e5 halen.<br \/>\nL\u00e6ngden p\u00e5 halen skal v\u00e6re min. musens l\u00e6ngde \u2013 dette m\u00e5les ved at f\u00f8re halen hen over ryggen p\u00e5 musen mod snuden.<br \/>\nRoden p\u00e5 halen tilstr\u00e6bes at v\u00e6re kraftig og tyk, og tailsettet skal v\u00e6re tydeligt udformet, s\u00e5 halen bliver en naturlig forl\u00e6ngelse af kroppen uden synlige stop. Det tilstr\u00e6bes at &nbsp;halen fremst\u00e5r uden at v\u00e6re \u201csat p\u00e5\u201d, men former sig ud af musen bagkrop.<\/p>\n<p><strong>St\u00f8rrelse &amp; Kondition<br \/>\n<\/strong>St\u00f8rrelsen p\u00e5 musen skal v\u00e6re harmonisk og passe til musens kropsbygning, s\u00e5 den hverken bliver for tyk eller tynd. Proportionerne mellem halen og kroppen skal v\u00e6re harmonisk i b\u00e5de tykkelse og l\u00e6ngde.<br \/>\n\u00d8nsket v\u00e6gt er 40-60 g for hunner, og 55-70 g for hanner. Vigtigst af alt er naturligvis proportion og kondition. Hunner p\u00e5 mere end 80 g, og hanner p\u00e5 mere end 90 g, vil blive trukket i point ved udstilling.<\/p>\n<p><strong>Temperament<br \/>\n<\/strong>Musen er h\u00e5ndterbar og ikke meget skr\u00e6mt.<br \/>\nDen skal kunne h\u00e5ndteres og unders\u00f8ges mens den stadig er venligsindet overfor mennesker.<br \/>\nDer opfordres til, at musen er nysgerrig og ikke viger fra menneskeh\u00e5nden.<br \/>\nLigeledes \u00f8nskes det, at den er venlig overfor andre mus.<\/p>\n<h4><strong><u>Klasser:<br \/>\n<\/u><\/strong><strong>Standard<\/strong><strong> &#8211; <\/strong>er delt op i 5 grupper ved mus.<\/h4>\n<p><strong>Self<\/strong><strong><br \/>\n<\/strong><u><a href=\"https:\/\/musgerbil.dk\/?page_id=1052\" target=\"_blank\" rel=\"noopener noreferrer\">Beige<\/a><\/u><br \/>\n<u><a href=\"https:\/\/musgerbil.dk\/?page_id=1054\" target=\"_blank\" rel=\"noopener noreferrer\">Black<\/a><\/u><br \/>\n<u><a href=\"https:\/\/musgerbil.dk\/?page_id=1056\" target=\"_blank\" rel=\"noopener noreferrer\">Blue<\/a><\/u><br \/>\n<u><a href=\"https:\/\/musgerbil.dk\/?page_id=1058\" target=\"_blank\" rel=\"noopener noreferrer\">Bone<\/a><\/u><br \/>\n<u><a href=\"https:\/\/musgerbil.dk\/?page_id=1060\" target=\"_blank\" rel=\"noopener noreferrer\">Champagne<\/a><\/u><br \/>\n<u><a href=\"https:\/\/musgerbil.dk\/?page_id=1062\" target=\"_blank\" rel=\"noopener noreferrer\">Chocolate<\/a><\/u><br \/>\n<u><a href=\"https:\/\/musgerbil.dk\/?page_id=1064\" target=\"_blank\" rel=\"noopener noreferrer\">Dove<\/a><\/u><br \/>\n<u><a href=\"https:\/\/musgerbil.dk\/?page_id=1074\" target=\"_blank\" rel=\"noopener noreferrer\">Pink eyed white \u2013 PEW<\/a><\/u> \/ <u><a href=\"https:\/\/musgerbil.dk\/?page_id=8394\">PE Bone<\/a><\/u><\/p>\n<p><strong>Ticked<\/strong><strong><br \/>\n<\/strong><u><a href=\"https:\/\/musgerbil.dk\/?page_id=1078\" target=\"_blank\" rel=\"noopener noreferrer\">Agouti<\/a><\/u><br \/>\n<u><a href=\"https:\/\/musgerbil.dk\/?page_id=1080\" target=\"_blank\" rel=\"noopener noreferrer\">Argente<\/a><\/u><br \/>\n<u><a href=\"https:\/\/musgerbil.dk\/?page_id=1088\" target=\"_blank\" rel=\"noopener noreferrer\">Cinnamon<\/a><\/u><\/p>\n<p><strong>Pointed<\/strong><br \/>\n<u><a href=\"https:\/\/musgerbil.dk\/?page_id=1102\" target=\"_blank\" rel=\"noopener noreferrer\">Burmese<\/a><\/u><br \/>\n<a href=\"https:\/\/musgerbil.dk\/?page_id=1100\" target=\"_blank\" rel=\"noopener noreferrer\">Blue burmese<\/a><br \/>\n<a href=\"https:\/\/musgerbil.dk\/?page_id=1104\" target=\"_blank\" rel=\"noopener noreferrer\">Colourpoint beige<\/a><br \/>\n<u><a href=\"https:\/\/musgerbil.dk\/?page_id=1185\" target=\"_blank\" rel=\"noopener noreferrer\">Colourpoint smoke<\/a><br \/>\n<\/u><u><a href=\"https:\/\/musgerbil.dk\/?page_id=1106\" target=\"_blank\" rel=\"noopener noreferrer\">Himalaya<\/a><br \/>\n<\/u><u><a href=\"https:\/\/musgerbil.dk\/?page_id=2928\" target=\"_blank\" rel=\"noopener noreferrer\">Himalaya blue point<\/a><br \/>\n<\/u><u><a href=\"https:\/\/musgerbil.dk\/?page_id=1108\" target=\"_blank\" rel=\"noopener noreferrer\">Siamese<\/a><br \/>\n<\/u><u><a href=\"https:\/\/musgerbil.dk\/?page_id=1110\" target=\"_blank\" rel=\"noopener noreferrer\">Siamese blue point<\/a><\/u><\/p>\n<p><strong>Tan\/Fox<br \/>\n<\/strong><a href=\"https:\/\/musgerbil.dk\/?page_id=1120\" target=\"_blank\" rel=\"noopener noreferrer\">Tan<\/a> &#8211; er anerkendt i alle standard farver og farven skal v\u00e6re som beskrevet heri.<br \/>\n<a href=\"https:\/\/musgerbil.dk\/?page_id=1127\" target=\"_blank\" rel=\"noopener noreferrer\">Fox<\/a> &#8211; er anerkendt i alle standard farver&nbsp;og farven skal v\u00e6re som beskrevet heri.<strong>&nbsp;<\/strong><\/p>\n<p><strong>Marked<br \/>\n<\/strong><u><a href=\"https:\/\/musgerbil.dk\/?page_id=1133\" target=\"_blank\" rel=\"noopener noreferrer\">Banded<\/a><br \/>\n<\/u><u><a href=\"https:\/\/musgerbil.dk\/?page_id=2774\" target=\"_blank\" rel=\"noopener noreferrer\">Hereford<\/a><\/u><br \/>\n<strong><br \/>\nAlle ovenst\u00e5ende farver og aftegn kan kun udstilles med f\u00f8lgende pels i Standard:<\/strong><br \/>\n<u><a href=\"https:\/\/musgerbil.dk\/?page_id=1034\">Korth\u00e5r<\/a><\/u><br \/>\n<u><a href=\"https:\/\/musgerbil.dk\/?page_id=1036\">Satin<\/a><\/u><\/p>\n<h4><strong>Sj\u00e6lden variant<\/strong><strong> &#8211; <\/strong>er delt op i 3 grupper ved mus.<\/h4>\n<p><strong>Pelstyper<br \/>\n<\/strong><u><a href=\"https:\/\/musgerbil.dk\/?page_id=1038\" target=\"_blank\" rel=\"noopener noreferrer\">Langh\u00e5r<\/a><\/u> (m\/u satin)<br \/>\n<u><a href=\"https:\/\/musgerbil.dk\/?page_id=1040\" target=\"_blank\" rel=\"noopener noreferrer\">Astrex <\/a><\/u>(m\/u satin)<br \/>\n<u><a href=\"https:\/\/musgerbil.dk\/?page_id=2964\" target=\"_blank\" rel=\"noopener noreferrer\">Texel <\/a><\/u>(m\/u satin)<br \/>\n<u><a href=\"https:\/\/musgerbil.dk\/?page_id=1042\" target=\"_blank\" rel=\"noopener noreferrer\">Abyssinian <\/a><\/u>(Shorthair m\/u satin)<br \/>\n<u><a href=\"https:\/\/musgerbil.dk\/?page_id=1046\" target=\"_blank\" rel=\"noopener noreferrer\">Fuzzy<\/a><\/u> (Shorthair m\/u satin)<\/p>\n<p>Disse pelstyper kan udstilles i alle Standardfarver eller i nedenst\u00e5ende farver. Bliver en pelstype godkendt til Standard klassen, vil den kunne udstilles i denne klasse i Standard godkendte farver eller i Sj\u00e6lden variant klassen med nedenst\u00e5ende farver\/aftegninger.<\/p>\n<p><strong>Farver<br \/>\n<\/strong><u><a href=\"https:\/\/musgerbil.dk\/?page_id=1084\" target=\"_blank\" rel=\"noopener noreferrer\">Blue agouti<\/a><br \/>\n<\/u><u><a href=\"https:\/\/musgerbil.dk\/?page_id=1086\" target=\"_blank\" rel=\"noopener noreferrer\">Chinchilla<\/a><br \/>\n<\/u>Extreme black<br \/>\n<u><a href=\"https:\/\/musgerbil.dk\/?page_id=1068\" target=\"_blank\" rel=\"noopener noreferrer\">Lilac<\/a><br \/>\n<\/u><u><a href=\"https:\/\/musgerbil.dk\/?page_id=1171\" target=\"_blank\" rel=\"noopener noreferrer\">Lilac agouti<\/a><br \/>\n<\/u><u><a href=\"https:\/\/musgerbil.dk\/?page_id=1072\" target=\"_blank\" rel=\"noopener noreferrer\">Silver<\/a><br \/>\n<\/u><u><a href=\"https:\/\/musgerbil.dk\/?page_id=1090\" target=\"_blank\" rel=\"noopener noreferrer\">Silver agouti<\/a><br \/>\n<\/u><u><a href=\"https:\/\/musgerbil.dk\/?page_id=1169\" target=\"_blank\" rel=\"noopener noreferrer\">Smoke<\/a><br \/>\n<\/u><u><a href=\"https:\/\/musgerbil.dk\/?page_id=1159\" target=\"_blank\" rel=\"noopener noreferrer\">Splashed<\/a><\/u><\/p>\n<p><strong>Marked<br \/>\n<\/strong><u><a href=\"https:\/\/musgerbil.dk\/?page_id=1141\" target=\"_blank\" rel=\"noopener noreferrer\">Broken <\/a><br \/>\n<\/u><u><a href=\"https:\/\/musgerbil.dk\/?page_id=1145\" target=\"_blank\" rel=\"noopener noreferrer\">Dutch<\/a><br \/>\n<\/u>Rumpwhite<br \/>\n<u><a href=\"https:\/\/musgerbil.dk\/?page_id=1151\" target=\"_blank\" rel=\"noopener noreferrer\">Tricolour<\/a><\/u><\/p>\n<p>Marked kan udstilles i enhver Standard eller Sj\u00e6lden variant farve, s\u00e5 l\u00e6nge denne er genetisk kendt.<\/p>\n<p><strong>K\u00e6ledyr<br \/>\n<\/strong>D\u00f8mmes efter nedenst\u00e5ende point fordeling med et max p\u00e5 100 point. Opn\u00e5r musen 90 point eller derover bliver den k\u00e6ledyrs Champion og f\u00e5r titlen CHp p\u00e5 stamtavlen.<\/p>\n<p><strong>St\u00f8rrelse \u2013 20<br \/>\n<\/strong>Musen skal have en st\u00f8rrelse svarende til sin alder. St\u00f8rrelsen skal v\u00e6re harmonisk og passe til musens type.<br \/>\nProportionen mellem hale og krop er vigtig, s\u00e5 halen hverken fremst\u00e5r for lang eller kort til kroppen. Minimumsv\u00e6gten b\u00f8r ligge p\u00e5 30-35g.<\/p>\n<p><strong>Kondition \u2013 25<br \/>\n<\/strong>Musen skal fremst\u00e5 sund og rask, og musen skal v\u00e6re i god foderstand uden at v\u00e6re hverken for tynd eller tyk.<\/p>\n<p><strong>\u00d8jne &amp; \u00d8rer \u2013 10<\/strong><br \/>\n\u00d8jne skal v\u00e6re rene og uden s\u00e5r. De skal v\u00e6re klare og udtryksfulde, s\u00e5 musen fremst\u00e5r v\u00e5gen og nysgerrig.<br \/>\n\u00d8rer skal v\u00e6re rene, uden snavs eller andet. De skal b\u00e6res&nbsp;fremadrettet.<\/p>\n<p><strong>Pels \u2013 15<\/strong><br \/>\nPelsen skal have et sundt udtryk og v\u00e6re bl\u00f8d og skinnende. Den skal v\u00e6re t\u00e6t og fremst\u00e5 ren og p\u00e6n. Pelsen m\u00e5 ikke v\u00e6re beskidt, have bare pletter eller misfarvninger.<\/p>\n<p><strong>Temperament \u2013 30<br \/>\n<\/strong>Grundtemperamentet hos en mus skal v\u00e6re nysgerrigt og venligt. Den skal v\u00e6re let at h\u00e5ndtere og vise at den er tryg ved h\u00e5ndteringen. Is\u00e6r unge mus er livlige og udforskende, hvor \u00e6ldre foretr\u00e6kkes mere rolige.<br \/>\nMusen m\u00e5 ikke virke sky eller aggressiv.<\/p>\n","protected":false},"excerpt":{"rendered":"<p>Type-standard og udstillingsklasser for mus Type-standard: Hoved Hovedet skal set forfra v\u00e6re bredt. Profilen vidner om et kort, trekantet hoved i en konveks bl\u00f8d afrundet profil. Forfra tilstr\u00e6bes det at, [&hellip;]<\/p>\n","protected":false},"author":1,"featured_media":0,"parent":2469,"menu_order":0,"comment_status":"closed","ping_status":"closed","template":"","meta":{"site-sidebar-layout":"default","site-content-layout":"","ast-site-content-layout":"","site-content-style":"default","site-sidebar-style":"default","ast-global-header-display":"","ast-banner-title-visibility":"","ast-main-header-display":"","ast-hfb-above-header-display":"","ast-hfb-below-header-display":"","ast-hfb-mobile-header-display":"","site-post-title":"","ast-breadcrumbs-content":"","ast-featured-img":"","footer-sml-layout":"","theme-transparent-header-meta":"","adv-header-id-meta":"","stick-header-meta":"","header-above-stick-meta":"","header-main-stick-meta":"","header-below-stick-meta":"","astra-migrate-meta-layouts":"default","ast-page-background-enabled":"default","ast-page-background-meta":{"desktop":{"background-color":"var(--ast-global-color-4)","background-image":"","background-repeat":"repeat","background-position":"center center","background-size":"auto","background-attachment":"scroll","background-type":"","background-media":"","overlay-type":"","overlay-color":"","overlay-opacity":"","overlay-gradient":""},"tablet":{"background-color":"","background-image":"","background-repeat":"repeat","background-position":"center center","background-size":"auto","background-attachment":"scroll","background-type":"","background-media":"","overlay-type":"","overlay-color":"","overlay-opacity":"","overlay-gradient":""},"mobile":{"background-color":"","background-image":"","background-repeat":"repeat","background-position":"center center","background-size":"auto","background-attachment":"scroll","background-type":"","background-media":"","overlay-type":"","overlay-color":"","overlay-opacity":"","overlay-gradient":""}},"ast-content-background-meta":{"desktop":{"background-color":"var(--ast-global-color-5)","background-image":"","background-repeat":"repeat","background-position":"center center","background-size":"auto","background-attachment":"scroll","background-type":"","background-media":"","overlay-type":"","overlay-color":"","overlay-opacity":"","overlay-gradient":""},"tablet":{"background-color":"var(--ast-global-color-5)","background-image":"","background-repeat":"repeat","background-position":"center center","background-size":"auto","background-attachment":"scroll","background-type":"","background-media":"","overlay-type":"","overlay-color":"","overlay-opacity":"","overlay-gradient":""},"mobile":{"background-color":"var(--ast-global-color-5)","background-image":"","background-repeat":"repeat","background-position":"center center","background-size":"auto","background-attachment":"scroll","background-type":"","background-media":"","overlay-type":"","overlay-color":"","overlay-opacity":"","overlay-gradient":""}},"ngg_post_thumbnail":0,"footnotes":""},"class_list":["post-2605","page","type-page","status-publish","hentry"],"_links":{"self":[{"href":"https:\/\/musgerbil.dk\/index.php?rest_route=\/wp\/v2\/pages\/2605"}],"collection":[{"href":"https:\/\/musgerbil.dk\/index.php?rest_route=\/wp\/v2\/pages"}],"about":[{"href":"https:\/\/musgerbil.dk\/index.php?rest_route=\/wp\/v2\/types\/page"}],"author":[{"embeddable":true,"href":"https:\/\/musgerbil.dk\/index.php?rest_route=\/wp\/v2\/users\/1"}],"replies":[{"embeddable":true,"href":"https:\/\/musgerbil.dk\/index.php?rest_route=%2Fwp%2Fv2%2Fcomments&post=2605"}],"version-history":[{"count":36,"href":"https:\/\/musgerbil.dk\/index.php?rest_route=\/wp\/v2\/pages\/2605\/revisions"}],"predecessor-version":[{"id":10436,"href":"https:\/\/musgerbil.dk\/index.php?rest_route=\/wp\/v2\/pages\/2605\/revisions\/10436"}],"up":[{"embeddable":true,"href":"https:\/\/musgerbil.dk\/index.php?rest_route=\/wp\/v2\/pages\/2469"}],"wp:attachment":[{"href":"https:\/\/musgerbil.dk\/index.php?rest_route=%2Fwp%2Fv2%2Fmedia&parent=2605"}],"curies":[{"name":"wp","href":"https:\/\/api.w.org\/{rel}","templated":true}]}}