{"id":24,"date":"2014-04-04T21:32:49","date_gmt":"2014-04-04T21:32:49","guid":{"rendered":"http:\/\/musgerbil.dk\/?page_id=24"},"modified":"2022-02-18T00:09:07","modified_gmt":"2022-02-17T23:09:07","slug":"forside","status":"publish","type":"page","link":"https:\/\/musgerbil.dk\/","title":{"rendered":""},"content":{"rendered":"<h2><img fetchpriority=\"high\" decoding=\"async\" class=\"aligncenter size-medium wp-image-8277\" src=\"https:\/\/musgerbil.dk\/wp-content\/uploads\/cropped-cover2-1-300x185.jpg\" alt=\"\" width=\"300\" height=\"185\" srcset=\"https:\/\/musgerbil.dk\/wp-content\/uploads\/cropped-cover2-1-300x185.jpg 300w, https:\/\/musgerbil.dk\/wp-content\/uploads\/cropped-cover2-1-768x473.jpg 768w, https:\/\/musgerbil.dk\/wp-content\/uploads\/cropped-cover2-1-600x370.jpg 600w, https:\/\/musgerbil.dk\/wp-content\/uploads\/cropped-cover2-1.jpg 1006w\" sizes=\"(max-width: 300px) 100vw, 300px\" \/>Velkommen til Dansk Mus &amp; Gerbil &#8211; den danske forening for alle muse- og gerbilarter.<\/h2>\n<p>P\u00e5 grund af manglende aktive medlemmer bliver der ikke afholdt nogen officielle arrangementer lige pt.<\/p>\n<p>Denne side, er den officielle hjemmeside for den danske forening for mus og gerbiler. Foreningen blev stiftet i 2014.<\/p>\n<p>Her p\u00e5 siden kan man l\u00e6se en masse gode artikler om mus og gerbilearterne. Siden henvender sig til b\u00e5de k\u00e6ledyrsejere, opdr\u00e6ttere og interesserede i arterne.<\/p>\n<p>&nbsp;<\/p>\n","protected":false},"excerpt":{"rendered":"<p>Velkommen til Dansk Mus &amp; Gerbil &#8211; den danske forening for alle muse- og gerbilarter. P\u00e5 grund af manglende aktive medlemmer bliver der ikke afholdt nogen officielle arrangementer lige pt. [&hellip;]<\/p>\n","protected":false},"author":1,"featured_media":0,"parent":0,"menu_order":1,"comment_status":"closed","ping_status":"closed","template":"","meta":{"site-sidebar-layout":"default","site-content-layout":"","ast-site-content-layout":"","site-content-style":"default","site-sidebar-style":"default","ast-global-header-display":"","ast-banner-title-visibility":"","ast-main-header-display":"","ast-hfb-above-header-display":"","ast-hfb-below-header-display":"","ast-hfb-mobile-header-display":"","site-post-title":"","ast-breadcrumbs-content":"","ast-featured-img":"","footer-sml-layout":"","theme-transparent-header-meta":"","adv-header-id-meta":"","stick-header-meta":"","header-above-stick-meta":"","header-main-stick-meta":"","header-below-stick-meta":"","astra-migrate-meta-layouts":"default","ast-page-background-enabled":"default","ast-page-background-meta":{"desktop":{"background-color":"var(--ast-global-color-4)","background-image":"","background-repeat":"repeat","background-position":"center center","background-size":"auto","background-attachment":"scroll","background-type":"","background-media":"","overlay-type":"","overlay-color":"","overlay-opacity":"","overlay-gradient":""},"tablet":{"background-color":"","background-image":"","background-repeat":"repeat","background-position":"center center","background-size":"auto","background-attachment":"scroll","background-type":"","background-media":"","overlay-type":"","overlay-color":"","overlay-opacity":"","overlay-gradient":""},"mobile":{"background-color":"","background-image":"","background-repeat":"repeat","background-position":"center center","background-size":"auto","background-attachment":"scroll","background-type":"","background-media":"","overlay-type":"","overlay-color":"","overlay-opacity":"","overlay-gradient":""}},"ast-content-background-meta":{"desktop":{"background-color":"var(--ast-global-color-5)","background-image":"","background-repeat":"repeat","background-position":"center center","background-size":"auto","background-attachment":"scroll","background-type":"","background-media":"","overlay-type":"","overlay-color":"","overlay-opacity":"","overlay-gradient":""},"tablet":{"background-color":"var(--ast-global-color-5)","background-image":"","background-repeat":"repeat","background-position":"center center","background-size":"auto","background-attachment":"scroll","background-type":"","background-media":"","overlay-type":"","overlay-color":"","overlay-opacity":"","overlay-gradient":""},"mobile":{"background-color":"var(--ast-global-color-5)","background-image":"","background-repeat":"repeat","background-position":"center center","background-size":"auto","background-attachment":"scroll","background-type":"","background-media":"","overlay-type":"","overlay-color":"","overlay-opacity":"","overlay-gradient":""}},"ngg_post_thumbnail":0,"footnotes":""},"class_list":["post-24","page","type-page","status-publish","hentry"],"_links":{"self":[{"href":"https:\/\/musgerbil.dk\/index.php?rest_route=\/wp\/v2\/pages\/24"}],"collection":[{"href":"https:\/\/musgerbil.dk\/index.php?rest_route=\/wp\/v2\/pages"}],"about":[{"href":"https:\/\/musgerbil.dk\/index.php?rest_route=\/wp\/v2\/types\/page"}],"author":[{"embeddable":true,"href":"https:\/\/musgerbil.dk\/index.php?rest_route=\/wp\/v2\/users\/1"}],"replies":[{"embeddable":true,"href":"https:\/\/musgerbil.dk\/index.php?rest_route=%2Fwp%2Fv2%2Fcomments&post=24"}],"version-history":[{"count":51,"href":"https:\/\/musgerbil.dk\/index.php?rest_route=\/wp\/v2\/pages\/24\/revisions"}],"predecessor-version":[{"id":11564,"href":"https:\/\/musgerbil.dk\/index.php?rest_route=\/wp\/v2\/pages\/24\/revisions\/11564"}],"wp:attachment":[{"href":"https:\/\/musgerbil.dk\/index.php?rest_route=%2Fwp%2Fv2%2Fmedia&parent=24"}],"curies":[{"name":"wp","href":"https:\/\/api.w.org\/{rel}","templated":true}]}}