{"id":239,"date":"2014-04-05T21:37:11","date_gmt":"2014-04-05T21:37:11","guid":{"rendered":"http:\/\/musgerbil.dk\/?page_id=239"},"modified":"2022-02-17T23:49:09","modified_gmt":"2022-02-17T22:49:09","slug":"fedthalemus","status":"publish","type":"page","link":"https:\/\/musgerbil.dk\/?page_id=239","title":{"rendered":"Fedthalemus"},"content":{"rendered":"<h3>Basis info<\/h3>\n<p>Videnskabeligt navn: Pachyuromys duprasis<br \/>\nOrden:&nbsp;Rodentia<br \/>\nSl\u00e6gt:&nbsp;Myomorpha<br \/>\nFamilie:&nbsp;Cricetidae<br \/>\nSubfamilie: Gerbillinae<br \/>\nGenus: Pachyuromys<br \/>\nOprindelsesland: Nordafrika \u2013 varmt og t\u00f8rt klima<br \/>\nGennemsnits alder ligger p\u00e5 4-6 \u00e5r.<br \/>\nK\u00f8nsmoden: 10-14 ugers alderen<br \/>\nGennemsnitsst\u00f8rrelse p\u00e5 kuld: 2-6 unger<\/p>\n<p><strong>Info<br \/>\n<\/strong>Fedthalemus lyder det latinske navn Pachyuromys duprasis, og er umiddelbart en meget atypisk gerbilart.<\/p>\n<p>De fleste gerbilarter der vil blive beskrevet p\u00e5 denne side, er sm\u00e5 hurtigtpilende, aktive dyr. Fedthalemus kan i burene godt v\u00e6re ganske aktive og l\u00f8be i hjul, grave gange og maltraktere toiletruller, men s\u00e5 snart de kommer op i h\u00e5nden, vil langt de fleste af dem sidde bomstille, og ofte helt indtil de bliver sat ned i buret igen.<\/p>\n<p>Fedthalemus lever vildt i blandt andet Egypten, Libyen og Tunesien, og er et lille \u00f8rkendyr med sandfarvet, beige pels og store runde, sorte \u00f8jne. De har en lille og kompakt krop, som n\u00e6rmest udg\u00f8r en oval form med en snude og fire poter. Deres poter er sm\u00e5, fine og lyser\u00f8de, og bagp\u00e5 sidder deres mest karakteriske kendetegn, nemlig deres store tunge hale, der kan beskrives lidt som en klump. Den er ofte kort og meget tyk. I denne hale samler de v\u00e6ske og n\u00e6ring, til d\u00e5rlige tider, lidt ligesom kameler g\u00f8r med deres pukler. Dette er en praktisk egenskab, og i naturen kan de derfor overleve lange perioder uden v\u00e6ske og mad. I fangeskab b\u00f8r man dog altid s\u00f8rge for at de har mad og vand, og en sund og velern\u00e6ret fedthale i fangenskab, har derfor en l\u00e6kker, flot, velplejet og fyldig hale. Man vil ofte opleve at to fedthaler der har v\u00e6ret oppe at sl\u00e5s, netop har bidt hinanden i halen, da det for alvor kan skade en fedthalemus i naturen, hvis halen er ude af funktion.<\/p>\n<p>De lever ofte solit\u00e6rt i naturen. I fangeskab anbefales det at holde dem alene, medmindre man fors\u00f8ger at f\u00e5 kuld. Dog ses der ogs\u00e5 eksempler p\u00e5 fedthalemus hold i sm\u00e5 kolonier i fangenskab.<\/p>\n<p>Hos fedthalemus er der ofte forskel p\u00e5 temperamentet hos hanner og hunner. Hanner er ofte meget dovne og rolige, hvorimod hunner er mere st\u00e6dige og udfarende. Hunner kan ofte blive hurtigere utilfredse med at sidde i h\u00e6nder, hvorefter der kan komme et lille nap fra dem, hvorimod hanner virkelig skal v\u00e6re pressede for at nappe. Hunner er til geng\u00e6ld ofte mere aktive og udforskende. Der er altid variationer indenfor temperament, og man kan derfor godt f\u00e5 sig en han der er meget aktiv og st\u00e6dig, eller en hun der er meget doven og blid.<\/p>\n<p>Det kan diskuteres om hvor gode \u201ck\u00e6le\u201ddyr de er i den forstand, da der ligger et instinkt dybt i dem, hvor de i enhver tvivlssituation vil spille d\u00f8d. Der er derfor ingen tvivl i mine \u00f8jne, at en fedthale der ikke bev\u00e6ger sig i \u00bd time, er indg\u00e5et i en form for tonisk imobilitet hvor de simpelthen ikke t\u00f8r bev\u00e6ge sig. Dette er dog heldigvis noget der sagtens kan arbejdes ud af langt de fleste fedthalemus. Daglig h\u00e5ndtering og respekt for deres signaler, kan resultere i en fedthalemus der ganske vist \u201cfryser\u201d i sine bev\u00e6gelser ved l\u00f8ft ud af buret, men som efter nogle minutter godt t\u00f8r bev\u00e6ge sig lidt. Det kan derfor konkluderes at det er en helt normalt og p\u00e5 sin vis \u00f8nsket reaktion, at de spiller d\u00f8de, men man b\u00f8r overveje om det tager overh\u00e5nd og er for voldsomt for det lille dyr, og om der skal arbejdes med det.<\/p>\n<p>N\u00e5r der skrives at det er en \u00f8nsket reaktion, vender jeg tilbage til den detalje om at det er et dybdeliggende instinkt, og der b\u00f8r s\u00e5vidt muligt accepteres at forskellige dyrearter ofte har forskellige reaktionsm\u00f8nster, og man b\u00f8r ikke blive panikken, hvis ens fedthalemus skal bruge et par minutter til at \u201ct\u00f8 op\u201d og turde udforske.<\/p>\n<p>Det kan i andre situationer v\u00e6re uhyre praktisk at fedthalemus spiller d\u00f8de. Ved dyrl\u00e6getjek, eller det ugentlige tand og helbredstjek i hjemmet, kan man nemt og hurtigt l\u00e6gge dem p\u00e5 ryggen i sin hule h\u00e5nd, og s\u00e5 vil langt de fleste fedthalemus ligge stille, indtil de har fast grund under f\u00f8dderne igen. Dette kan dog v\u00e6re angstfuld for nogle fedthaler, da de jo vil f\u00f8le sig s\u00e5rbare, og man b\u00f8r ikke g\u00f8re dette i l\u00e6ngere tid af gangen.<\/p>\n<p>Er man til de lidt mere hamster-agtige gerbilarter s\u00e5 er fedthalemus en sjov og finurlig lille st\u00f8rrelse.<\/p>\nngg_shortcode_0_placeholder\n<p>&nbsp;<\/p>\n","protected":false},"excerpt":{"rendered":"<p>Basis info Videnskabeligt navn: Pachyuromys duprasis Orden:&nbsp;Rodentia Sl\u00e6gt:&nbsp;Myomorpha Familie:&nbsp;Cricetidae Subfamilie: Gerbillinae Genus: Pachyuromys Oprindelsesland: Nordafrika \u2013 varmt og t\u00f8rt klima Gennemsnits alder ligger p\u00e5 4-6 \u00e5r. K\u00f8nsmoden: 10-14 ugers alderen [&hellip;]<\/p>\n","protected":false},"author":1,"featured_media":0,"parent":135,"menu_order":3,"comment_status":"closed","ping_status":"closed","template":"","meta":{"site-sidebar-layout":"default","site-content-layout":"","ast-site-content-layout":"","site-content-style":"default","site-sidebar-style":"default","ast-global-header-display":"","ast-banner-title-visibility":"","ast-main-header-display":"","ast-hfb-above-header-display":"","ast-hfb-below-header-display":"","ast-hfb-mobile-header-display":"","site-post-title":"","ast-breadcrumbs-content":"","ast-featured-img":"","footer-sml-layout":"","theme-transparent-header-meta":"","adv-header-id-meta":"","stick-header-meta":"","header-above-stick-meta":"","header-main-stick-meta":"","header-below-stick-meta":"","astra-migrate-meta-layouts":"default","ast-page-background-enabled":"default","ast-page-background-meta":{"desktop":{"background-color":"var(--ast-global-color-4)","background-image":"","background-repeat":"repeat","background-position":"center center","background-size":"auto","background-attachment":"scroll","background-type":"","background-media":"","overlay-type":"","overlay-color":"","overlay-opacity":"","overlay-gradient":""},"tablet":{"background-color":"","background-image":"","background-repeat":"repeat","background-position":"center center","background-size":"auto","background-attachment":"scroll","background-type":"","background-media":"","overlay-type":"","overlay-color":"","overlay-opacity":"","overlay-gradient":""},"mobile":{"background-color":"","background-image":"","background-repeat":"repeat","background-position":"center center","background-size":"auto","background-attachment":"scroll","background-type":"","background-media":"","overlay-type":"","overlay-color":"","overlay-opacity":"","overlay-gradient":""}},"ast-content-background-meta":{"desktop":{"background-color":"var(--ast-global-color-5)","background-image":"","background-repeat":"repeat","background-position":"center center","background-size":"auto","background-attachment":"scroll","background-type":"","background-media":"","overlay-type":"","overlay-color":"","overlay-opacity":"","overlay-gradient":""},"tablet":{"background-color":"var(--ast-global-color-5)","background-image":"","background-repeat":"repeat","background-position":"center center","background-size":"auto","background-attachment":"scroll","background-type":"","background-media":"","overlay-type":"","overlay-color":"","overlay-opacity":"","overlay-gradient":""},"mobile":{"background-color":"var(--ast-global-color-5)","background-image":"","background-repeat":"repeat","background-position":"center center","background-size":"auto","background-attachment":"scroll","background-type":"","background-media":"","overlay-type":"","overlay-color":"","overlay-opacity":"","overlay-gradient":""}},"ngg_post_thumbnail":0,"footnotes":""},"class_list":["post-239","page","type-page","status-publish","hentry"],"_links":{"self":[{"href":"https:\/\/musgerbil.dk\/index.php?rest_route=\/wp\/v2\/pages\/239"}],"collection":[{"href":"https:\/\/musgerbil.dk\/index.php?rest_route=\/wp\/v2\/pages"}],"about":[{"href":"https:\/\/musgerbil.dk\/index.php?rest_route=\/wp\/v2\/types\/page"}],"author":[{"embeddable":true,"href":"https:\/\/musgerbil.dk\/index.php?rest_route=\/wp\/v2\/users\/1"}],"replies":[{"embeddable":true,"href":"https:\/\/musgerbil.dk\/index.php?rest_route=%2Fwp%2Fv2%2Fcomments&post=239"}],"version-history":[{"count":8,"href":"https:\/\/musgerbil.dk\/index.php?rest_route=\/wp\/v2\/pages\/239\/revisions"}],"predecessor-version":[{"id":9943,"href":"https:\/\/musgerbil.dk\/index.php?rest_route=\/wp\/v2\/pages\/239\/revisions\/9943"}],"up":[{"embeddable":true,"href":"https:\/\/musgerbil.dk\/index.php?rest_route=\/wp\/v2\/pages\/135"}],"wp:attachment":[{"href":"https:\/\/musgerbil.dk\/index.php?rest_route=%2Fwp%2Fv2%2Fmedia&parent=239"}],"curies":[{"name":"wp","href":"https:\/\/api.w.org\/{rel}","templated":true}]}}