{"id":2100,"date":"2014-05-26T09:30:18","date_gmt":"2014-05-26T09:30:18","guid":{"rendered":"http:\/\/musgerbil.dk\/?page_id=2100"},"modified":"2022-02-17T23:49:07","modified_gmt":"2022-02-17T22:49:07","slug":"nm-helbred","status":"publish","type":"page","link":"https:\/\/musgerbil.dk\/?page_id=2100","title":{"rendered":"Helbred"},"content":{"rendered":"<p>Den sunde natalmus er livlig, aktiv og nysgerrig. Den har blanke, men ikke v\u00e5de \u00f8jne, der er fri pus. Den har en ren, sundt udseende pels, som er bl\u00f8d og blank. Den er ren rundt om n\u00e6se, \u00f8jne og k\u00f8nsdele\/endetarms\u00e5bning. Halen skal v\u00e6re tyk og fri af s\u00e5r.<\/p>\n<p>Det hyppigste helbredsproblem er luftvejsinfektion.<br \/>\nNatalmus kan som almindelige mus have sarte luftveje, hvorfor man skal s\u00f8rge for, at de aldrig f\u00e5r tr\u00e6k og ikke g\u00e5r i bundlag, der st\u00f8ver og har ammoniakdampe. Luftvejsinfektion kan behandles, hvis man er heldig. Dette kr\u00e6ver dyrl\u00e6gekonsultation.<\/p>\n<p>Blodmider og lus kan de ogs\u00e5 f\u00e5. Det ses som sm\u00e5 dyr i pelsen. Dette behandles let med Frontline vet spray.<\/p>\n<p>Skab ses ved sm\u00e5 s\u00e5r p\u00e5 fx \u00f8rer og hale. Dette behandles med Stronghold og kr\u00e6ver dyrl\u00e6gekonsultation.<\/p>\n<p>Ellers er det almindelige ting som fx knuder, svulster og cancer, som natalmus kan f\u00e5. Dette er dog ikke normalt i sunde linjer.<\/p>\n","protected":false},"excerpt":{"rendered":"<p>Den sunde natalmus er livlig, aktiv og nysgerrig. Den har blanke, men ikke v\u00e5de \u00f8jne, der er fri pus. Den har en ren, sundt udseende pels, som er bl\u00f8d og [&hellip;]<\/p>\n","protected":false},"author":1,"featured_media":0,"parent":2092,"menu_order":0,"comment_status":"closed","ping_status":"closed","template":"","meta":{"site-sidebar-layout":"default","site-content-layout":"","ast-site-content-layout":"","site-content-style":"default","site-sidebar-style":"default","ast-global-header-display":"","ast-banner-title-visibility":"","ast-main-header-display":"","ast-hfb-above-header-display":"","ast-hfb-below-header-display":"","ast-hfb-mobile-header-display":"","site-post-title":"","ast-breadcrumbs-content":"","ast-featured-img":"","footer-sml-layout":"","theme-transparent-header-meta":"","adv-header-id-meta":"","stick-header-meta":"","header-above-stick-meta":"","header-main-stick-meta":"","header-below-stick-meta":"","astra-migrate-meta-layouts":"default","ast-page-background-enabled":"default","ast-page-background-meta":{"desktop":{"background-color":"var(--ast-global-color-4)","background-image":"","background-repeat":"repeat","background-position":"center center","background-size":"auto","background-attachment":"scroll","background-type":"","background-media":"","overlay-type":"","overlay-color":"","overlay-opacity":"","overlay-gradient":""},"tablet":{"background-color":"","background-image":"","background-repeat":"repeat","background-position":"center center","background-size":"auto","background-attachment":"scroll","background-type":"","background-media":"","overlay-type":"","overlay-color":"","overlay-opacity":"","overlay-gradient":""},"mobile":{"background-color":"","background-image":"","background-repeat":"repeat","background-position":"center center","background-size":"auto","background-attachment":"scroll","background-type":"","background-media":"","overlay-type":"","overlay-color":"","overlay-opacity":"","overlay-gradient":""}},"ast-content-background-meta":{"desktop":{"background-color":"var(--ast-global-color-5)","background-image":"","background-repeat":"repeat","background-position":"center center","background-size":"auto","background-attachment":"scroll","background-type":"","background-media":"","overlay-type":"","overlay-color":"","overlay-opacity":"","overlay-gradient":""},"tablet":{"background-color":"var(--ast-global-color-5)","background-image":"","background-repeat":"repeat","background-position":"center center","background-size":"auto","background-attachment":"scroll","background-type":"","background-media":"","overlay-type":"","overlay-color":"","overlay-opacity":"","overlay-gradient":""},"mobile":{"background-color":"var(--ast-global-color-5)","background-image":"","background-repeat":"repeat","background-position":"center center","background-size":"auto","background-attachment":"scroll","background-type":"","background-media":"","overlay-type":"","overlay-color":"","overlay-opacity":"","overlay-gradient":""}},"ngg_post_thumbnail":0,"footnotes":""},"class_list":["post-2100","page","type-page","status-publish","hentry"],"_links":{"self":[{"href":"https:\/\/musgerbil.dk\/index.php?rest_route=\/wp\/v2\/pages\/2100"}],"collection":[{"href":"https:\/\/musgerbil.dk\/index.php?rest_route=\/wp\/v2\/pages"}],"about":[{"href":"https:\/\/musgerbil.dk\/index.php?rest_route=\/wp\/v2\/types\/page"}],"author":[{"embeddable":true,"href":"https:\/\/musgerbil.dk\/index.php?rest_route=\/wp\/v2\/users\/1"}],"replies":[{"embeddable":true,"href":"https:\/\/musgerbil.dk\/index.php?rest_route=%2Fwp%2Fv2%2Fcomments&post=2100"}],"version-history":[{"count":4,"href":"https:\/\/musgerbil.dk\/index.php?rest_route=\/wp\/v2\/pages\/2100\/revisions"}],"predecessor-version":[{"id":6912,"href":"https:\/\/musgerbil.dk\/index.php?rest_route=\/wp\/v2\/pages\/2100\/revisions\/6912"}],"up":[{"embeddable":true,"href":"https:\/\/musgerbil.dk\/index.php?rest_route=\/wp\/v2\/pages\/2092"}],"wp:attachment":[{"href":"https:\/\/musgerbil.dk\/index.php?rest_route=%2Fwp%2Fv2%2Fmedia&parent=2100"}],"curies":[{"name":"wp","href":"https:\/\/api.w.org\/{rel}","templated":true}]}}