{"id":2092,"date":"2014-05-26T09:28:39","date_gmt":"2014-05-26T09:28:39","guid":{"rendered":"http:\/\/musgerbil.dk\/?page_id=2092"},"modified":"2022-02-17T23:49:07","modified_gmt":"2022-02-17T22:49:07","slug":"natalmus-generelt","status":"publish","type":"page","link":"https:\/\/musgerbil.dk\/?page_id=2092","title":{"rendered":"Natalmus"},"content":{"rendered":"<h3>Basis info<\/h3>\n<p>Videnskabeligt navn: <span class=\"_Xbe kno-fv\">Mastomys natalensis<br \/>\n<\/span>Orden: <span class=\"order\">Rodentia<\/span><br \/>\nFamilie: <span class=\"family\">Muridae<\/span><br \/>\nGenus: <span class=\"genus\"><i>Mastomys<\/i><\/span><br \/>\nOprindelsesland: Afrika<br \/>\nGennemsnits alder ligger p\u00e5 2-3 \u00e5r.<br \/>\nK\u00f8nsmoden:<br \/>\nGennemsnitsst\u00f8rrelse p\u00e5 kuld:<\/p>\n<p><strong>Flere Emner<br \/>\n<\/strong><\/p>\n<table style=\"border-color: #ffffff\">\n<tbody>\n<tr>\n<td style=\"text-align: center\"><a href=\"https:\/\/musgerbil.dk\/?page_id=2094\"><img decoding=\"async\" class=\"alignnone wp-image-6886\" src=\"https:\/\/musgerbil.dk\/wp-content\/uploads\/de-f\u00f8rste-261x300.png\" alt=\"de f\u00f8rste\" width=\"140\" height=\"161\" srcset=\"https:\/\/musgerbil.dk\/wp-content\/uploads\/de-f\u00f8rste-261x300.png 261w, https:\/\/musgerbil.dk\/wp-content\/uploads\/de-f\u00f8rste.png 512w\" sizes=\"(max-width: 140px) 100vw, 140px\" \/><\/a><\/td>\n<td style=\"text-align: center\"><a href=\"https:\/\/musgerbil.dk\/?page_id=2096\"><img decoding=\"async\" class=\"alignnone wp-image-6876\" src=\"https:\/\/musgerbil.dk\/wp-content\/uploads\/hus-copy-286x300-2-1-1-1.png\" alt=\"hus copy\" width=\"140\" height=\"147\"><\/a><\/td>\n<td style=\"text-align: center\"><a href=\"https:\/\/musgerbil.dk\/?page_id=2098\"><img decoding=\"async\" class=\"alignnone wp-image-6877\" src=\"https:\/\/musgerbil.dk\/wp-content\/uploads\/foder-copy-265x300-2-1-1.png\" alt=\"foder copy\" width=\"140\" height=\"159\"><\/a><\/td>\n<td style=\"text-align: center\"><a href=\"https:\/\/musgerbil.dk\/?page_id=2100\"><img loading=\"lazy\" decoding=\"async\" class=\"alignnone wp-image-6878\" src=\"https:\/\/musgerbil.dk\/wp-content\/uploads\/Helbred-copy-249x300-2-1.png\" alt=\"Helbred copy\" width=\"140\" height=\"169\"><\/a><\/td>\n<\/tr>\n<\/tbody>\n<\/table>\n<p>&nbsp;<\/p>\n<p>&nbsp;<\/p>\n","protected":false},"excerpt":{"rendered":"<p>Basis info Videnskabeligt navn: Mastomys natalensis Orden: Rodentia Familie: Muridae Genus: Mastomys Oprindelsesland: Afrika Gennemsnits alder ligger p\u00e5 2-3 \u00e5r. K\u00f8nsmoden: Gennemsnitsst\u00f8rrelse p\u00e5 kuld: Flere Emner &nbsp; &nbsp;<\/p>\n","protected":false},"author":1,"featured_media":0,"parent":0,"menu_order":0,"comment_status":"closed","ping_status":"closed","template":"","meta":{"site-sidebar-layout":"default","site-content-layout":"","ast-site-content-layout":"","site-content-style":"default","site-sidebar-style":"default","ast-global-header-display":"","ast-banner-title-visibility":"","ast-main-header-display":"","ast-hfb-above-header-display":"","ast-hfb-below-header-display":"","ast-hfb-mobile-header-display":"","site-post-title":"","ast-breadcrumbs-content":"","ast-featured-img":"","footer-sml-layout":"","theme-transparent-header-meta":"","adv-header-id-meta":"","stick-header-meta":"","header-above-stick-meta":"","header-main-stick-meta":"","header-below-stick-meta":"","astra-migrate-meta-layouts":"default","ast-page-background-enabled":"default","ast-page-background-meta":{"desktop":{"background-color":"var(--ast-global-color-4)","background-image":"","background-repeat":"repeat","background-position":"center center","background-size":"auto","background-attachment":"scroll","background-type":"","background-media":"","overlay-type":"","overlay-color":"","overlay-opacity":"","overlay-gradient":""},"tablet":{"background-color":"","background-image":"","background-repeat":"repeat","background-position":"center center","background-size":"auto","background-attachment":"scroll","background-type":"","background-media":"","overlay-type":"","overlay-color":"","overlay-opacity":"","overlay-gradient":""},"mobile":{"background-color":"","background-image":"","background-repeat":"repeat","background-position":"center center","background-size":"auto","background-attachment":"scroll","background-type":"","background-media":"","overlay-type":"","overlay-color":"","overlay-opacity":"","overlay-gradient":""}},"ast-content-background-meta":{"desktop":{"background-color":"var(--ast-global-color-5)","background-image":"","background-repeat":"repeat","background-position":"center center","background-size":"auto","background-attachment":"scroll","background-type":"","background-media":"","overlay-type":"","overlay-color":"","overlay-opacity":"","overlay-gradient":""},"tablet":{"background-color":"var(--ast-global-color-5)","background-image":"","background-repeat":"repeat","background-position":"center center","background-size":"auto","background-attachment":"scroll","background-type":"","background-media":"","overlay-type":"","overlay-color":"","overlay-opacity":"","overlay-gradient":""},"mobile":{"background-color":"var(--ast-global-color-5)","background-image":"","background-repeat":"repeat","background-position":"center center","background-size":"auto","background-attachment":"scroll","background-type":"","background-media":"","overlay-type":"","overlay-color":"","overlay-opacity":"","overlay-gradient":""}},"ngg_post_thumbnail":0,"footnotes":""},"class_list":["post-2092","page","type-page","status-publish","hentry"],"_links":{"self":[{"href":"https:\/\/musgerbil.dk\/index.php?rest_route=\/wp\/v2\/pages\/2092"}],"collection":[{"href":"https:\/\/musgerbil.dk\/index.php?rest_route=\/wp\/v2\/pages"}],"about":[{"href":"https:\/\/musgerbil.dk\/index.php?rest_route=\/wp\/v2\/types\/page"}],"author":[{"embeddable":true,"href":"https:\/\/musgerbil.dk\/index.php?rest_route=\/wp\/v2\/users\/1"}],"replies":[{"embeddable":true,"href":"https:\/\/musgerbil.dk\/index.php?rest_route=%2Fwp%2Fv2%2Fcomments&post=2092"}],"version-history":[{"count":8,"href":"https:\/\/musgerbil.dk\/index.php?rest_route=\/wp\/v2\/pages\/2092\/revisions"}],"predecessor-version":[{"id":11361,"href":"https:\/\/musgerbil.dk\/index.php?rest_route=\/wp\/v2\/pages\/2092\/revisions\/11361"}],"wp:attachment":[{"href":"https:\/\/musgerbil.dk\/index.php?rest_route=%2Fwp%2Fv2%2Fmedia&parent=2092"}],"curies":[{"name":"wp","href":"https:\/\/api.w.org\/{rel}","templated":true}]}}