{"id":181,"date":"2014-04-05T21:13:55","date_gmt":"2014-04-05T21:13:55","guid":{"rendered":"http:\/\/musgerbil.dk\/?page_id=181"},"modified":"2022-02-17T23:49:10","modified_gmt":"2022-02-17T22:49:10","slug":"avlsvejledning","status":"publish","type":"page","link":"https:\/\/musgerbil.dk\/?page_id=181","title":{"rendered":"Avlsvejledning"},"content":{"rendered":"<p><a href=\"https:\/\/musgerbil.dk\/wp-content\/uploads\/9955904_orig-1-1-1-1.jpg\"><img fetchpriority=\"high\" decoding=\"async\" class=\"alignnone size-medium wp-image-3565\" src=\"https:\/\/musgerbil.dk\/wp-content\/uploads\/9955904_orig-300x225.jpg\" alt=\"9955904_orig\" width=\"300\" height=\"225\" srcset=\"https:\/\/musgerbil.dk\/wp-content\/uploads\/9955904_orig-300x225.jpg 300w, https:\/\/musgerbil.dk\/wp-content\/uploads\/9955904_orig-600x450.jpg 600w, https:\/\/musgerbil.dk\/wp-content\/uploads\/9955904_orig.jpg 800w\" sizes=\"(max-width: 300px) 100vw, 300px\" \/><\/a><\/p>\n<p>Denne vejledning er er skabt for folk, som gerne vil avle k\u00e6le- eller showmus. Foderopdr\u00e6ttere er mere end velkomne i foreningen, s\u00e5 l\u00e6nge vedt\u00e6gterne bliver overholdt, men vi er klar over, at der for disse ofte er andre avlsm\u00e5l.<\/p>\n<p><strong>Hvorfor vil jeg avle?<\/strong><\/p>\n<ol>\n<li>Fordi jeg gerne vil tjene penge.<br \/>\n&#8211; Glem det. Opdr\u00e6t af mus giver flere udgifter end indt\u00e6gter. Et opdr\u00e6t handler ikke kun om, at musene skal have foder og str\u00f8, de skal ogs\u00e5 have huse\/huler, klatremuligheder, redemateriale og lignende. Det er ogs\u00e5 en god id\u00e9 altid at have ekstra bure og ekstra vandflasker og madsk\u00e5le, enten hvis de f\u00e5r det \u00f8delagt, eller hvis man ikke kommer af med alle ungerne i et kuld \u2013 og det er ikke altid man g\u00f8r det. Derudover skal man v\u00e6re forberedt p\u00e5 eventuelle dyrl\u00e6geregninger.<\/li>\n<\/ol>\n<ol start=\"2\">\n<li>Fordi jeg gerne vil lave flere af en eller flere bestemte varianter.<br \/>\n&#8211; Helbred og temperament b\u00f8r altid prioriteres f\u00f8r farve og aftegning, n\u00e5r det kommer til opdr\u00e6t af mus.<br \/>\nOpdr\u00e6tter man p\u00e5 syge mus eller med d\u00e5rligt temperament, kan det give meget store problemer for b\u00e5de ens eget opdr\u00e6t, men ogs\u00e5 for k\u00f8berne, som ikke f\u00e5r et ret godt k\u00e6ledyr. At \u00f8nske at forbedre type og variant hos mus er helt reelt, men det b\u00f8r altid v\u00e6re sekund\u00e6rt i forhold til helbred og temperament.<\/li>\n<\/ol>\n<ol start=\"3\">\n<li>Fordi jeg \u00f8nsker at bidrage til forbedring af musenes helbred, temperament og levetid.<br \/>\n&#8211; Er dette dit prim\u00e6re avlsm\u00e5l, er du godt p\u00e5 vej til at f\u00e5 et godt opdr\u00e6t i gang. Det er altid vigtigt og \u00f8nskeligt at f\u00e5 flere sunde og stabile linjer af mus stablet p\u00e5 benene.<\/li>\n<\/ol>\n<p><strong>Har jeg r\u00e5d til at avle?<\/strong><\/p>\n<p>Som n\u00e6vnt ovenfor, er der udgifter forbundet med opdr\u00e6ttet, og dette skal man v\u00e6re forberedt p\u00e5. Udover det, som allerede er n\u00e6vnt, kan dr\u00e6gtigheden og f\u00f8dslen indeb\u00e6re komplikationer, som kr\u00e6ver dyrl\u00e6gebes\u00f8g \u2013 ogs\u00e5 en l\u00f8rdag eller s\u00f8ndag aften, hvor det kan blive meget dyrt at komme med sin avlshun, som ikke kan f\u00f8de selv. Heldigvis er der uhyre sj\u00e6ldent problemer, men de kan opst\u00e5.<br \/>\nMan skal have b\u00e5de vilje og r\u00e5d til disse udgifter, hvis man vil have et seri\u00f8st opdr\u00e6t af mus.<\/p>\n<p><strong>Salg af ungerne<\/strong><\/p>\n<p>Mus f\u00e5r som regel mellem 8 og 16 unger, men kan f\u00e5 helt op til mere end 20. Hvis ikke, man fjerner hunnen fra hannen inden hun f\u00f8der, vil der hurtigt komme rigtigt mange unger. Hannen kan parre hunnen igen, allerede f\u00e5 timer efter deres unger er f\u00f8dt. Det vil v\u00e6re en k\u00e6mpe belastning, b\u00e5de fysisk og psykisk, for b\u00e5de mor og unger.<\/p>\n<p>Man vil n\u00e6sten aldrig komme af med samtlige unger i et kuld, p\u00e5 trods af, at de bliver sat til salg flere steder. Derfor er det vigtigt, at man p\u00e5 forh\u00e5nd er klar over, hvad man vil g\u00f8re med overskydende unger.<br \/>\nAlle seri\u00f8se opdr\u00e6ttere har helt klare regler for, hvad man g\u00f8r og ikke g\u00f8r med ungerne. Det kan variere en smule fra opdr\u00e6tter til opdr\u00e6tter, men s\u00e5 l\u00e6nge man h\u00e5ndterer det forsvarligt, skal der v\u00e6re plads til forskellige meninger.<\/p>\n<p>Som seri\u00f8s opdr\u00e6tter, s\u00f8rger man selvf\u00f8lgelig for at annoncere med s\u00e5 mange oplysende detaljer om kuldet og kuldets baggrund som muligt, s\u00e5 man har st\u00f8rst chance for, at alle unger hurtigt finder deres nye hjem, efter de er flytteklare.<\/p>\n<p><strong>Valg af avlsdyr<\/strong><\/p>\n<p>Det anbefales altid, at man har haft mus i mindst et halvt \u00e5r, f\u00f8r man begynder at lede efter sine f\u00f8rste avlsdyr. Denne f\u00f8rste tid med musene, giver erfaring til at vurdere egnethed ud fra temperament og helbred. Det er en god id\u00e9, at man i denne tid skaffer sig bekendtskaber med andre musefolk, og gerne museopdr\u00e6ttere, s\u00e5 man f\u00e5r en st\u00f8rre vidensbase, og har mulighed for at h\u00f8re om andres erfaringer ogs\u00e5. Til dette findes der b\u00e5de fora og flere forskellige Facebook-grupper. DMG har ogs\u00e5 en Facebook-gruppe for medlemmer, som man f\u00e5r et link til ved tilmelding. Det er desuden vigtigt, at man s\u00e6tter sig ind i basis genetik som et minimum, for at danne sig et overblik over, hvilke farver der fungerer godt sammen i avl.<\/p>\n<p>DMG har en side, <a href=\"https:\/\/musgerbil.dk\/?page_id=150\" target=\"_blank\" rel=\"noopener\"><strong>Farver og Gener<\/strong><\/a>, som sammen med resten af hjemmesiden er \u00e5ben for alle. Siden er et godt sted at starte med at s\u00e6tte sig ind i basis genetik. Desuden er stamtavler en god m\u00e5de at l\u00e6re p\u00e5. Har man sp\u00f8rgsm\u00e5l, er man altid velkommen til at kontakte DMG eller en DMG-opdr\u00e6tter. De fleste erfarne opdr\u00e6ttere hj\u00e6lper gerne nye i gang, og deler vigtige helbreds- og temperamentsm\u00e6ssige oplysninger med hinanden og nye opdr\u00e6ttere (eller interesserede), s\u00e5 der kun v\u00e6lges og bruges gode avlsdyr.<\/p>\n<p><strong>Valg af hanmus<\/strong><\/p>\n<p>Hanmus b\u00f8r v\u00e6re minimum 12 uger, f\u00f8r de bruges i avl f\u00f8rste gang. Dette er for at se b\u00e5de fysisk og mental udvikling an. Han b\u00f8r ligeledes have en god st\u00f8rrelse og type. En hanmus af showkvalitet vil i denne alder veje omkring 50g. Det betyder ikke, at man ikke kan bruge mindre hanner, men en han p\u00e5 30g er for sm\u00e5t, hvis man gerne vil g\u00e5 efter god type. Der er ingen gr\u00e6nser for, hvor gammel en hanmus m\u00e5 v\u00e6re, n\u00e5r han skal lave kuld. Det er dog vigtigt at kunne vurdere ham ordentligt, da det kr\u00e6ver en del energi at g\u00e5 med hun.<\/p>\n<p><strong>Valg af hunmus<\/strong><\/p>\n<p>Hunmus b\u00f8r ligeledes v\u00e6re <strong>minimum 12 uger<\/strong>, f\u00f8r de indg\u00e5r i avl. Igen er det for at se b\u00e5de fysisk og mental udvikling an. Derudover b\u00f8r de ikke v\u00e6re mere end&nbsp; <strong>max 8 m\u00e5neder ved f\u00f8rste kuld<\/strong>, da der ellers vil v\u00e6re st\u00f8rre risiko for f\u00f8dselskomplikationer. Hunmus er som regel mindre end hanmus af samme linje og alder. En hunmus af showkvalitet vil i 12-ugersalderen veje omkring 40g. Igen betyder det ikke, at man ikke kan bruge mindre hunner, men en god st\u00f8rrelse er vigtigt for god st\u00f8rrelse hos ungerne. Det er h\u00e5rdt for en mus at b\u00e6re, f\u00f8de og opfostre et kuld. Derfor siger man, at hun helst ikke skal v\u00e6re over 1 \u00e5r ved sidste kuld. Det er en god rettesnor, men i sidste ende handler det om at kunne vurdere den enkelte mus\u2019 helbred og psyke. Hovedreglen er endvidere, at en hunmus anbefales kun at f\u00e5 1-2 kuld, og absolut ikke b\u00f8r f\u00e5 mere end 3 kuld i sin avlskarriere.<\/p>\n<p><strong>Parringen<\/strong><\/p>\n<p>I de fleste tilf\u00e6lde, vil man ikke l\u00e6gge m\u00e6rke til parringen. Parret s\u00e6ttes sammen i enten hannens bur, eller i et neutralt bur; aldrig i hunnens bur, da hun vil angribe. Man kan sagtens s\u00e6tte flere hunner til en han p\u00e5 en gang, men man skal selvf\u00f8lgelig have bure klar til alle de dr\u00e6gtige hunner og deres kommende unger. Nogle hunner piber meget, n\u00e5r hannen kommer i n\u00e6rheden af hende. Dette kan godt vare i flere dage, uden at det betyder noget. Det er selvf\u00f8lgelig vigtigt, at de ikke ligefrem pr\u00f8ver at g\u00f8re skade p\u00e5 hinanden. Hunner er i brunst med f\u00e5 dages mellemrum, og at blive sat i bur med en han, kan udl\u00f8se brunst. Derfor vil en hun ofte blive dr\u00e6gtig indenfor meget f\u00e5 dage. I visse tilf\u00e6lde kan der g\u00e5 l\u00e6ngere tid, nogen gange op til flere uger \u2013 det er dog sj\u00e6ldent.<\/p>\n<p><strong>Dr\u00e6gtigheden<\/strong><\/p>\n<p>Dr\u00e6gtigheden hos mus varer 19-21 dage. Det er forskelligt, hvor meget en dr\u00e6gtig hun vil tage p\u00e5, da det kommer an p\u00e5 antallet af og st\u00f8rrelsen p\u00e5 hendes unger. Hunnen kan enten g\u00e5 alene, med en anden hun, eller med hannen under dr\u00e6gtighed og f\u00f8dsel. V\u00e6lger man at fjerne hende fra hannen, er det en god id\u00e9 at g\u00f8re det cirka en uge f\u00f8r forventet f\u00f8dsel, s\u00e5 hun har tid til at bygge rede og v\u00e6nne sig til sit barselsbur. Vil man have en anden hun til at g\u00e5 sammen med hende, skal man s\u00e6tte dem sammen i forbindelse med, at den dr\u00e6gtige hun s\u00e6ttes i barselsbur. Det er en god id\u00e9, hvis de har g\u00e5et sammen f\u00f8r. Der er en for\u00f8get risiko for, om end lille, at en af dem stresser og sl\u00e5r ungerne ihjel. Det er ikke \u00f8nskeligt at bruge den slags hunner i avl. Man skal dog v\u00e6re opm\u00e6rksom p\u00e5, at mor til ungerne ogs\u00e5 kan v\u00e6lge at ekspedere nogle unger, fordi der er noget i vejen med dem, som vi ikke kan se.<br \/>\nDet er en d\u00e5rlig id\u00e9, at s\u00e6tte en dr\u00e6gtig hun sammen med en anden han. Han vil med al sandsynlighed g\u00f8re det af med ungerne n\u00e5r de kommer, fordi de ikke er hans.<\/p>\n<p>Af redemateriale kan tilbydes revet toiletpapir eller avispapir, eller andre lignende, bl\u00f8de materialer. V\u00e6lger man h\u00f8, skal det v\u00e6re bl\u00f8dt, s\u00e5 man ikke risikerer at det prikker hul p\u00e5 ungernes sarte hud. Samtidig skal det enten v\u00e6re varmebehandlet eller en tur i fryseren i et d\u00f8gns tid. Dette er for at undg\u00e5 ut\u00f8j.<\/p>\n<p><strong>F\u00f8dslen<\/strong><\/p>\n<p>Har man vejet sin dr\u00e6gtige hun dagligt, p\u00e5 samme tid af d\u00f8gnet, vil man l\u00e6gge m\u00e6rke til at hun ofte vil stoppe med at tage p\u00e5 ca. et d\u00f8gn f\u00f8r f\u00f8dsel. Det er vigtigt, man giver hende en masse ro i dagene op til. Selvf\u00f8lgelig skal man fodre og give vand, og man m\u00e5 gerne kigge i reden, men det skal g\u00f8res forsigtigt. En f\u00f8dsel kan godt tage flere timer, og kommer man til at kigge i reden imens f\u00f8dslen er i gang, skal man give ro indtil man ser mormus komme frem af sig selv for at spise og\/eller drikke. Alt efter, hvor rolig hun er, kan man p\u00e5 dagen eller dagen efter, forsigtigt tage et kig p\u00e5 ungerne. Det er en god id\u00e9, at f\u00e5 en fornemmelse af, hvor mange der er, og om der er nogen d\u00f8df\u00f8dte, som man selvf\u00f8lgelig skal fjerne. Udover dagligt at tage et kort kig i reden, skal hun og ungerne i de f\u00f8rste dage have en masse ro.<\/p>\n<p>Det er altid en god id\u00e9 at have en erfaren opdr\u00e6tter i bagh\u00e5nden til at give r\u00e5d og vejledning ved de f\u00f8rste kuld, hvor man selv er uerfaren. Det giver tryghed og sikkerhed at vide, at hj\u00e6lpen er lige ved h\u00e5nden.<\/p>\n<p><strong>Ungernes opv\u00e6kst<\/strong><\/p>\n<p>N\u00e5r man tager sit daglige kig p\u00e5 ungerne, er det en god id\u00e9 at sikre sig, at alle har m\u00e6lk i maverne, og ellers ser ud som de skal \u2013 dvs. ingen deformiteter, og alle har nogenlunde samme st\u00f8rrelse. Man kan se \u00f8jenfarve p\u00e5 ungerne s\u00e5 snart de er f\u00f8dt, og det vil give et godt praj om, hvilken farve ungerne f\u00e5r, s\u00e5fremt man ved, hvad man kan forvente.<\/p>\n<p><strong>Den f\u00f8rste uge <\/strong>b\u00f8r mor og unger have s\u00e5 meget ro som muligt. Tjek reden kort en gang om dagen.<\/p>\n<p><strong>N\u00e5r ungerne er omkring 1 uge <\/strong>kan man begynde at h\u00e5ndtere ungerne, s\u00e5 de v\u00e6nner sig til ens lugt, og det at v\u00e6re i h\u00e6nder.<\/p>\n<p><strong>N\u00e5r ungerne er ca. 9 dage<\/strong> kan man tydeligt se k\u00f8n. Hunnerne har tydelige dievorter, ned langs siderne af maven. Hunnerne har samtidig kort afstand imellem k\u00f8ns\u00e5bning og endetarms\u00e5bning, hvor hannerne vil have markant st\u00f8rre afstand. Nogen kan se k\u00f8n p\u00e5 musene allerede fra f\u00f8dslen eller f\u00e5 dage efter, men det er noget der kr\u00e6ver et tr\u00e6net \u00f8je.<\/p>\n<p><strong>N\u00e5r ungerne er 14-16 dage gamle<\/strong> \u00e5bnes deres \u00f8jne, og de begynder at tage fast f\u00f8de til sig. De vil dog fortsat die hos mor, hvorfor det er vigtigt at lade dem blive hos hende, selvom de spiser selv. I denne alder ser de d\u00e5rligt, og bliver hurtigt forskr\u00e6kkede. De kan hoppe h\u00f8jt, s\u00e5 man skal v\u00e6re forsigtig, s\u00e5 man ikke taber dem. Hvis man har unger, der er slemme til at l\u00f8be og hoppe, kan man holde h\u00e5ndteringen af dem nede i buret, ved at t\u00f8mme buret for al indhold p\u00e5 n\u00e6r str\u00f8, og s\u00e6tte en h\u00e5nd ned til dem, s\u00e5 de selv kan s\u00f8ge kontakt. Man kan fra dette tidspunkt v\u00e6lge at s\u00e6tte mor og unger over i mors originale gruppe.<\/p>\n<p><strong>N\u00e5r ungerne er 4 uger gamle<\/strong> er de klar til at v\u00e6nnes fra mor og kan tidligst fraflytte her. Mus bliver k\u00f8nsmodne n\u00e5r de er mellem 4 og 5 uger, s\u00e5 her skal hannerne s\u00e6ttes for sig selv. Hunnerne kan fortsat g\u00e5 med mor, hvis man \u00f8nsker det, men nogen vil die i l\u00e6ngere tid, hvis de f\u00e5r lov. N\u00e5r man tager hannerne fra, kan man starte med at s\u00e6tte dem i et bur sammen. Dog skal man huske p\u00e5, at langt fra alle hanner kan enes n\u00e5r de bliver k\u00f8nsmodne, s\u00e5 man skal v\u00e6re forberedt p\u00e5 at skulle kunne give dem hver deres bur.<\/p>\n<p>Under ungernes opv\u00e6kst kan man med fordel give hunnen tilskud. Se n\u00e6rmere under <a href=\"https:\/\/musgerbil.dk\/?page_id=175\" target=\"_blank\" rel=\"noopener\"><strong>Foder<\/strong><\/a>.<\/p>\n<table style=\"height: 553px;width: 100%;border-collapse: collapse;border-style: none\" border=\"1\">\n<tbody>\n<tr style=\"height: 267px\">\n<td style=\"width: 25%;height: 267px;border-style: none\">Hun<\/td>\n<td style=\"width: 35.5422%;height: 267px;border-style: none\"><img decoding=\"async\" class=\"ngg-singlepic ngg-none\" src=\"https:\/\/musgerbil.dk\/wp-content\/uploads\/hununge-1-1-1.jpg\" alt=\"hununge\" width=\"354\" height=\"249\"><\/td>\n<td style=\"width: 38.1526%;height: 267px;border-style: none\"><img decoding=\"async\" class=\"ngg-singlepic ngg-none\" src=\"https:\/\/musgerbil.dk\/wp-content\/uploads\/hun-1-1-1.jpg\" alt=\"hun\" width=\"326\" height=\"252\"><\/td>\n<\/tr>\n<tr style=\"height: 286px\">\n<td style=\"width: 25%;height: 286px;border-style: none\">Han<\/td>\n<td style=\"width: 35.5422%;height: 286px;border-style: none\"><img decoding=\"async\" class=\"ngg-singlepic ngg-none\" src=\"https:\/\/musgerbil.dk\/wp-content\/uploads\/hanunge-1-1-1.jpg\" alt=\"hanunge\"><\/td>\n<td style=\"width: 38.1526%;height: 286px;border-style: none\"><img loading=\"lazy\" decoding=\"async\" class=\"ngg-singlepic ngg-none\" src=\"https:\/\/musgerbil.dk\/wp-content\/uploads\/han-1-1-1.jpg\" alt=\"han\" width=\"349\" height=\"229\"><\/td>\n<\/tr>\n<\/tbody>\n<\/table>\n<p><em>&nbsp;<\/em><\/p>\n","protected":false},"excerpt":{"rendered":"<p>Denne vejledning er er skabt for folk, som gerne vil avle k\u00e6le- eller showmus. Foderopdr\u00e6ttere er mere end velkomne i foreningen, s\u00e5 l\u00e6nge vedt\u00e6gterne bliver overholdt, men vi er klar [&hellip;]<\/p>\n","protected":false},"author":1,"featured_media":0,"parent":131,"menu_order":7,"comment_status":"closed","ping_status":"closed","template":"","meta":{"site-sidebar-layout":"default","site-content-layout":"","ast-site-content-layout":"","site-content-style":"default","site-sidebar-style":"default","ast-global-header-display":"","ast-banner-title-visibility":"","ast-main-header-display":"","ast-hfb-above-header-display":"","ast-hfb-below-header-display":"","ast-hfb-mobile-header-display":"","site-post-title":"","ast-breadcrumbs-content":"","ast-featured-img":"","footer-sml-layout":"","theme-transparent-header-meta":"","adv-header-id-meta":"","stick-header-meta":"","header-above-stick-meta":"","header-main-stick-meta":"","header-below-stick-meta":"","astra-migrate-meta-layouts":"default","ast-page-background-enabled":"default","ast-page-background-meta":{"desktop":{"background-color":"var(--ast-global-color-4)","background-image":"","background-repeat":"repeat","background-position":"center center","background-size":"auto","background-attachment":"scroll","background-type":"","background-media":"","overlay-type":"","overlay-color":"","overlay-opacity":"","overlay-gradient":""},"tablet":{"background-color":"","background-image":"","background-repeat":"repeat","background-position":"center center","background-size":"auto","background-attachment":"scroll","background-type":"","background-media":"","overlay-type":"","overlay-color":"","overlay-opacity":"","overlay-gradient":""},"mobile":{"background-color":"","background-image":"","background-repeat":"repeat","background-position":"center center","background-size":"auto","background-attachment":"scroll","background-type":"","background-media":"","overlay-type":"","overlay-color":"","overlay-opacity":"","overlay-gradient":""}},"ast-content-background-meta":{"desktop":{"background-color":"var(--ast-global-color-5)","background-image":"","background-repeat":"repeat","background-position":"center center","background-size":"auto","background-attachment":"scroll","background-type":"","background-media":"","overlay-type":"","overlay-color":"","overlay-opacity":"","overlay-gradient":""},"tablet":{"background-color":"var(--ast-global-color-5)","background-image":"","background-repeat":"repeat","background-position":"center center","background-size":"auto","background-attachment":"scroll","background-type":"","background-media":"","overlay-type":"","overlay-color":"","overlay-opacity":"","overlay-gradient":""},"mobile":{"background-color":"var(--ast-global-color-5)","background-image":"","background-repeat":"repeat","background-position":"center center","background-size":"auto","background-attachment":"scroll","background-type":"","background-media":"","overlay-type":"","overlay-color":"","overlay-opacity":"","overlay-gradient":""}},"ngg_post_thumbnail":0,"footnotes":""},"class_list":["post-181","page","type-page","status-publish","hentry"],"_links":{"self":[{"href":"https:\/\/musgerbil.dk\/index.php?rest_route=\/wp\/v2\/pages\/181"}],"collection":[{"href":"https:\/\/musgerbil.dk\/index.php?rest_route=\/wp\/v2\/pages"}],"about":[{"href":"https:\/\/musgerbil.dk\/index.php?rest_route=\/wp\/v2\/types\/page"}],"author":[{"embeddable":true,"href":"https:\/\/musgerbil.dk\/index.php?rest_route=\/wp\/v2\/users\/1"}],"replies":[{"embeddable":true,"href":"https:\/\/musgerbil.dk\/index.php?rest_route=%2Fwp%2Fv2%2Fcomments&post=181"}],"version-history":[{"count":15,"href":"https:\/\/musgerbil.dk\/index.php?rest_route=\/wp\/v2\/pages\/181\/revisions"}],"predecessor-version":[{"id":11374,"href":"https:\/\/musgerbil.dk\/index.php?rest_route=\/wp\/v2\/pages\/181\/revisions\/11374"}],"up":[{"embeddable":true,"href":"https:\/\/musgerbil.dk\/index.php?rest_route=\/wp\/v2\/pages\/131"}],"wp:attachment":[{"href":"https:\/\/musgerbil.dk\/index.php?rest_route=%2Fwp%2Fv2%2Fmedia&parent=181"}],"curies":[{"name":"wp","href":"https:\/\/api.w.org\/{rel}","templated":true}]}}