{"id":179,"date":"2014-04-05T21:13:30","date_gmt":"2014-04-05T21:13:30","guid":{"rendered":"http:\/\/musgerbil.dk\/?page_id=179"},"modified":"2022-02-17T23:49:10","modified_gmt":"2022-02-17T22:49:10","slug":"sammenfoering","status":"publish","type":"page","link":"https:\/\/musgerbil.dk\/?page_id=179","title":{"rendered":"Sammenf\u00f8ring"},"content":{"rendered":"<p>Sammens\u00e6tning af mus er som regel ret nemt og f\u00f8lger stort set den sammen manual, uanset alder og antal. Her i artiklen vil vi tage udgangspunkt i et par forskellige scenarier.<\/p>\n<ol>\n<li>N\u00e5r man er f\u00f8rstegangs museejer, finder man ofte sine mus hos \u00e9n opdr\u00e6tter og det er derfor rimelig nemt at s\u00e6tte dem sammen i buret, n\u00e5r man f\u00e5r dem hjem. N\u00e5r de transporteres hjem, vil de typisk, hvis man har k\u00f8bt hunner, v\u00e6re i samme transportboks. Det er derfor som regel uproblematisk at s\u00e6tte musene ned i samme bur, n\u00e5r man er kommet hjem. Muligvis skal musene lige finde sig til rette og finde deres nye hierarki, s\u00e5 der kan opst\u00e5 lidt gnidninger og lidt piben de f\u00f8rste par timer. Derefter b\u00f8r det hele falde til ro og musene b\u00f8r v\u00e6re rolige uden jagten og piben. Hvis der fortsat er piberier og jagten n\u00e6ste dag, s\u00e5 kontakt opdr\u00e6tteren, som oftest har gode ideer til, hvordan man s\u00e5 skal gribe sagen an.<br \/>\nHvis man har mus i forvejen og f\u00e5r nye mus, er det en god ide at s\u00e6tte den nye eller de nye mus i et mindre bur med kun str\u00f8else sammen med de \u201dgamle\u201d mus. Her kan man observere, hvordan det forl\u00f8ber og om det, forh\u00e5bentligt g\u00e5r gnidningsl\u00f8st.\u00a0 De f\u00e5r l\u00e6rt hinandens lugt at kende, snuset og unders\u00f8gt hinanden lidt. Hvis ikke man har klargjort et nyrenset bur forinden, kan man passende g\u00f8re et bur klar til de nye beboere.<br \/>\nMan s\u00f8rger for at rense buret godt med Rodalon, (det tager lugten af tidligere beboere). Det er vigtigt, at buret er renset, s\u00e5 al lugt fra de tidligere beboere er v\u00e6k. Derefter fylder man str\u00f8else, redemateriale, hus, mad, vand osv. i buret igen, inden man s\u00e6tter de nye beboere ned i buret. Ofte vil man opleve, at enkelte mus vil fare rundt og unders\u00f8ge alting, mens andre vil gemme sig i huset eller redematerialet, for s\u00e5 senere at g\u00e5 p\u00e5 opdagelse. Det er ikke ualmindeligt, at man oplever, at der er nogle af musene, der er lidt p\u00e5g\u00e5ende i deres unders\u00f8gelse af de nye og at der kan v\u00e6re lidt l\u00f8ben rundt og lidt piben fra buret. Det er helt normalt og noget musene skal igennem. Synes man, at der er lidt meget piben og jagten rundt, kan man med fordel give noget gr\u00f8d, havregryn, undulatblanding, franskbr\u00f8d\/grovbr\u00f8d, evt. lidt melorme, enten t\u00f8rrede eller levende, eller andet, som man ved musene er vilde med (se under <strong>Foder)<\/strong>; det vil dels berolige dels give musene noget andet at besk\u00e6ftige sig med, mens de l\u00e6rer hinanden at kende.<br \/>\nSom regel g\u00e5r sammens\u00e6tning gnidningsl\u00f8st og uden de store problemer; mus er jo meget sociale dyr, som helst vil bo i grupper af mindst 3, s\u00e5 det er sj\u00e6ldent, der er problemer.<br \/>\nOplever man alligevel, at det ikke stopper i l\u00f8bet af et par timer, eller at en eller flere mus jagter en anden eller direkte g\u00e5r efter at bide en anden mus i k\u00f8nsdelene, er situationen mere alvorlig. Hvis der er meget piben og en mus jagter en anden og fors\u00f8ger at bide den i k\u00f8nsdelene, b\u00f8r den angribende mus fjernes fra buret og m\u00e5ske s\u00e6ttes i et andet bur, hvor der er en velfungerende gruppe med en klar alfa hun, som kan s\u00e6tte den aggressive mus p\u00e5 plads. S\u00e5fremt man ikke har den mulighed, kan man kontakte sin opdr\u00e6tter for gode r\u00e5d og hj\u00e6lp.<\/li>\n<li>F\u00e5r man unge mus p\u00e5 omkring 4-8 uger hjem, b\u00f8r der ikke v\u00e6re problemer overhovedet. Metoden er den samme som ovenfor beskrevet, med den forskel, at voksne mus vil og m\u00e5 ikke p\u00e5 nogen m\u00e5de angribe eller v\u00e6re efter unger. Dette kan ikke understreges st\u00e6rkt nok. Normalt vil voksne mus v\u00e6re meget beskyttende overfor alle unger, som de m\u00f8der, selv om nogle af dem lige vil s\u00e6tte de nye unge beboere p\u00e5 plads. Det giver lidt l\u00f8ben rundt og lidt piben fra den eller de unge, men m\u00e5 ikke forveksles med angreb fra den voksne. Det er helt normal adf\u00e6rd. \u00a0Oplever man derimod, at en voksen mus angriber unger, bider efter k\u00f8nsdele, griber h\u00e5rdt fat i en unge og sl\u00e6ber den rundt i buret, b\u00f8r den voksne fjernes omg\u00e5ende og man m\u00e5 overveje, om den kan s\u00e6ttes i et andet bur. Det er absolut uacceptabelt, at en voksen mus angriber unger eller meget unge mus p\u00e5 den m\u00e5de. Er det alligevel tilf\u00e6ldet, har musen en alvorlig temperamentsfejl, som enten er l\u00e6rt af moderen eller en medf\u00f8dt fejl, som opdr\u00e6tter ikke har v\u00e6ret vidende om, men som ikke desto mindre skal meldes tilbage til opdr\u00e6tter, som gerne vil st\u00e5 til r\u00e5dighed med r\u00e5d og vejledning. Samtidig vil en opdr\u00e6tter altid gerne vide, om der er temperamentsproblemer med en linie. Det kan have indflydelse p\u00e5, om opdr\u00e6tter stopper avl p\u00e5 den p\u00e5g\u00e6ldende linie.<\/li>\n<li>Hanner kan ikke s\u00e6ttes sammen. De er st\u00e6rkt territoriale og vil beskytte deres territorie indtil d\u00f8den. Hanner skal derfor g\u00e5 i enebur. Det er derimod muligt, i nogle tilf\u00e6lde, at kuldbr\u00f8dre kan g\u00e5 sammen indtil det tidspunkt, hvor \u00e9n af dem skal indg\u00e5 i avl, og derefter ikke kan s\u00e6ttes tilbage til sin br\u00f8dregruppe. Efterh\u00e5nden som de bliver \u00e6ldre, kan der ogs\u00e5 opst\u00e5 territorialproblemer med en eller flere hanner i en s\u00e5dan gruppe, s\u00e5 der vil altid risiko for, at de vil begynde at sl\u00e5s. Det kan v\u00e6re meget blodigt og vil i sidste ende betyde d\u00f8den for en eller flere af hannerne.\u00a0 At s\u00e6tte ubesl\u00e6gtede hanner sammen kan ikke tilr\u00e5des. I enkelte tilf\u00e6lde kan det lade sig g\u00f8re, at s\u00e6tte flere hanner p\u00e5 4-5 uger sammen, selv om de ikke er besl\u00e6gtede. G\u00f8r man det, skal man dog v\u00e6re klar til at skille dem ad og s\u00e6tte dem i enebure, hvis der opst\u00e5r problemer.<\/li>\n<\/ol>\n","protected":false},"excerpt":{"rendered":"<p>Sammens\u00e6tning af mus er som regel ret nemt og f\u00f8lger stort set den sammen manual, uanset alder og antal. Her i artiklen vil vi tage udgangspunkt i et par forskellige [&hellip;]<\/p>\n","protected":false},"author":1,"featured_media":0,"parent":131,"menu_order":6,"comment_status":"closed","ping_status":"closed","template":"","meta":{"site-sidebar-layout":"default","site-content-layout":"","ast-site-content-layout":"","site-content-style":"default","site-sidebar-style":"default","ast-global-header-display":"","ast-banner-title-visibility":"","ast-main-header-display":"","ast-hfb-above-header-display":"","ast-hfb-below-header-display":"","ast-hfb-mobile-header-display":"","site-post-title":"","ast-breadcrumbs-content":"","ast-featured-img":"","footer-sml-layout":"","theme-transparent-header-meta":"","adv-header-id-meta":"","stick-header-meta":"","header-above-stick-meta":"","header-main-stick-meta":"","header-below-stick-meta":"","astra-migrate-meta-layouts":"default","ast-page-background-enabled":"default","ast-page-background-meta":{"desktop":{"background-color":"var(--ast-global-color-4)","background-image":"","background-repeat":"repeat","background-position":"center center","background-size":"auto","background-attachment":"scroll","background-type":"","background-media":"","overlay-type":"","overlay-color":"","overlay-opacity":"","overlay-gradient":""},"tablet":{"background-color":"","background-image":"","background-repeat":"repeat","background-position":"center center","background-size":"auto","background-attachment":"scroll","background-type":"","background-media":"","overlay-type":"","overlay-color":"","overlay-opacity":"","overlay-gradient":""},"mobile":{"background-color":"","background-image":"","background-repeat":"repeat","background-position":"center center","background-size":"auto","background-attachment":"scroll","background-type":"","background-media":"","overlay-type":"","overlay-color":"","overlay-opacity":"","overlay-gradient":""}},"ast-content-background-meta":{"desktop":{"background-color":"var(--ast-global-color-5)","background-image":"","background-repeat":"repeat","background-position":"center center","background-size":"auto","background-attachment":"scroll","background-type":"","background-media":"","overlay-type":"","overlay-color":"","overlay-opacity":"","overlay-gradient":""},"tablet":{"background-color":"var(--ast-global-color-5)","background-image":"","background-repeat":"repeat","background-position":"center center","background-size":"auto","background-attachment":"scroll","background-type":"","background-media":"","overlay-type":"","overlay-color":"","overlay-opacity":"","overlay-gradient":""},"mobile":{"background-color":"var(--ast-global-color-5)","background-image":"","background-repeat":"repeat","background-position":"center center","background-size":"auto","background-attachment":"scroll","background-type":"","background-media":"","overlay-type":"","overlay-color":"","overlay-opacity":"","overlay-gradient":""}},"ngg_post_thumbnail":0,"footnotes":""},"class_list":["post-179","page","type-page","status-publish","hentry"],"_links":{"self":[{"href":"https:\/\/musgerbil.dk\/index.php?rest_route=\/wp\/v2\/pages\/179"}],"collection":[{"href":"https:\/\/musgerbil.dk\/index.php?rest_route=\/wp\/v2\/pages"}],"about":[{"href":"https:\/\/musgerbil.dk\/index.php?rest_route=\/wp\/v2\/types\/page"}],"author":[{"embeddable":true,"href":"https:\/\/musgerbil.dk\/index.php?rest_route=\/wp\/v2\/users\/1"}],"replies":[{"embeddable":true,"href":"https:\/\/musgerbil.dk\/index.php?rest_route=%2Fwp%2Fv2%2Fcomments&post=179"}],"version-history":[{"count":4,"href":"https:\/\/musgerbil.dk\/index.php?rest_route=\/wp\/v2\/pages\/179\/revisions"}],"predecessor-version":[{"id":2172,"href":"https:\/\/musgerbil.dk\/index.php?rest_route=\/wp\/v2\/pages\/179\/revisions\/2172"}],"up":[{"embeddable":true,"href":"https:\/\/musgerbil.dk\/index.php?rest_route=\/wp\/v2\/pages\/131"}],"wp:attachment":[{"href":"https:\/\/musgerbil.dk\/index.php?rest_route=%2Fwp%2Fv2%2Fmedia&parent=179"}],"curies":[{"name":"wp","href":"https:\/\/api.w.org\/{rel}","templated":true}]}}