{"id":175,"date":"2014-04-05T21:12:23","date_gmt":"2014-04-05T21:12:23","guid":{"rendered":"http:\/\/musgerbil.dk\/?page_id=175"},"modified":"2022-02-17T23:49:10","modified_gmt":"2022-02-17T22:49:10","slug":"foder","status":"publish","type":"page","link":"https:\/\/musgerbil.dk\/?page_id=175","title":{"rendered":"Mus &#8211; foder"},"content":{"rendered":"<p><strong>Grundfoder<\/strong><br \/>\nMus kan lide at spise mange forskellige ting. Man kan v\u00e6lge at fodre med et blandingsfoder, s\u00e5som Mr. Johnsons Supreme Rat &amp; Mouse, Rat Vital, Vitakraft Emotion Beauty Mouse\/Rat (begge kan bruges). &nbsp;&nbsp;Eller man kan v\u00e6lge et foder i pilleform, s\u00e5som Altromin eller SoCobs.<br \/>\nHvis man v\u00e6lger et blandingsfoder, skal man v\u00e6re opm\u00e6rksom p\u00e5, at musene sorter rigtig meget i foderet og visse elementer, vil de frasorterer, s\u00e5 man kan ikke v\u00e6re sikker p\u00e5, at de f\u00e5r den ern\u00e6ringsm\u00e6ssigt rigtige kost.<br \/>\nFodrer man med et pillefoder, er man derimod sikker p\u00e5, at musene f\u00e5r den rigtige ern\u00e6ring, da de ikke kan frasortere. Det vil i l\u00e6ngden ogs\u00e5 v\u00e6re billigere at fodre med piller.<\/p>\n<p><strong>Proteiner<\/strong><br \/>\nDe fodertyper n\u00e6vnt ovenfor, har det proteinindhold, som anbefales til mus. Ikke desto mindre kan man med fordel give sine mus et par t\u00f8rrede\/levende melorme, lidt killinge- eller hvalpefoder eller lidt kogt kylling uden krydderier 1-2 gange om ugen som tilskud og godbid. Som tilskud er det is\u00e6r godt til unge mus eller diegivende m\u00f8dre.<br \/>\nV\u00e6r opm\u00e6rksom p\u00e5, at mus kan f\u00e5 en allergisk reaktion som f\u00f8lge af for meget protein. Dette viser sig ved sm\u00e5, kl\u00f8ende knopper p\u00e5 huden og h\u00e5rtab.<\/p>\n<p><strong>Frugt og gr\u00f8nt<\/strong><br \/>\nMan kan med fordel give gr\u00f8nt, men skal passe p\u00e5 med frugt p\u00e5 grund af sukkerindholdet. Mus har en s\u00f8d tand og vil elske sukkerholdige produkter, s\u00e5 netop derfor skal man passe p\u00e5, da det ikke er godt for deres t\u00e6nder og kroppen. Mus kan blive meget overv\u00e6gtige og f\u00e5 diabetes, som er d\u00f8deligt.<br \/>\nMan kan f.eks. v\u00e6lge at give dem \u00e6ble, p\u00e6re, agurk og gulerod, broccoli, blomk\u00e5l, persille, fuglegr\u00e6s eller \u00e6rteb\u00e6lge. P\u00e5 en varm dag, kan man ogs\u00e5 give frosne \u00e6rter og majs i en sk\u00e5l koldt vand. Det er b\u00e5de god aktivering og nedk\u00f8lende.<\/p>\n<p>Det er vigtigt at v\u00e6re opm\u00e6rksom p\u00e5, at frugt\/gr\u00f8nt tilh\u00f8rende natskyggefamilien er giftigt, hovedsagligt pga. af indholdet af solanin og chaoconin. Natskygge-familien omfatter bl.a. kartofler, tomater, auberginer samt en lang r\u00e6kke andre planter. R\u00f8de tomater kan dog gives i begr\u00e6nset omfang.<\/p>\n<p><strong>Andet<\/strong><br \/>\nMus er bestemt ikke kr\u00e6sne, de kan lide br\u00f8d, t\u00f8rret rugbr\u00f8d, fuglefr\u00f8 som undulat- og parakitblanding. Endvidere er de vilde med havregryn (er ogs\u00e5 godt for d\u00e5rlige maver), havrefras, corn flakes (uden sukker), kiks, og pasta. Mulighederne er mange, man kan roligt pr\u00f8ve sig frem.<br \/>\nTil nerv\u00f8se og meget slanke mus kan man give havregr\u00f8d, babygr\u00f8d (ikke frugtgr\u00f8d) i pulverform r\u00f8rt op i vand, moset banan samt kogt \u00e6g 2-3 gange ugentligt alt efter behov. Man skal dog v\u00e6re opm\u00e6rksom p\u00e5, at babygr\u00f8d kan give lidt d\u00e5rlig mave, hvis de f\u00e5r for ofte.<\/p>\n<p><strong>HOT:<\/strong><br \/>\n\u00c6ble<br \/>\nBroccoli<br \/>\nGuler\u00f8dder<br \/>\nBlomk\u00e5l<br \/>\nAgurk<br \/>\nSalat \u2013 sm\u00e5 m\u00e6ngder, da st\u00f8rre m\u00e6ngder kan give leverproblemer.<br \/>\nPersille<br \/>\nFuglegr\u00e6s<br \/>\nKl\u00f8ver<br \/>\nM\u00e6lkeb\u00f8tte<br \/>\nR\u00f8llike<br \/>\nBr\u00f8d \u2013 frisk\/t\u00f8rt\/ristet<br \/>\nCornflakes \u2013 fedtfattige.<br \/>\nSolb\u00e6r<br \/>\nHundekiks<br \/>\nKogt \u00e6g<br \/>\nMelorme<br \/>\nRosiner<br \/>\nKatte-t\u00f8rfoder<br \/>\nFriske \u00e6rter og b\u00e6lge (husk at skyl dem inden dyrene f\u00e5r dem)<br \/>\nHirsekolber (max en kolbe om ugen, da det er en fed kornsort)<br \/>\nUndulatfoder og parakitblanding (unger har meget gl\u00e6de af det)<br \/>\nJordn\u00f8dder med skal<br \/>\nT\u00f8rrede kamille blomster (gives i sm\u00e5 m\u00e6ngder til nerv\u00f8se dyr)<br \/>\nKnopper af \u00e6blegrene (lige inden bladene springer ud)<\/p>\n<p>&nbsp;<\/p>\n<p><strong>NOT:<br \/>\n<\/strong>R\u00e5 kidneyb\u00f8nner<strong><br \/>\n<\/strong>L\u00f8g \u2013 \u00f8del\u00e6gger r\u00f8de blodceller<strong><br \/>\n<\/strong>Kartoffeltoppe<strong><br \/>\n<\/strong>Rabarber<strong><br \/>\n<\/strong>Tomatblade<strong><br \/>\n<\/strong>Natskygge \u2013 alle slags<strong><br \/>\n<\/strong>Sm\u00f8rblomst\/Ranunkel<strong><br \/>\n<\/strong>Klematis<strong><br \/>\n<\/strong>P\u00e5skelilje<strong><br \/>\n<\/strong>Skarntyde<strong><br \/>\n<\/strong>Hortensia<strong><br \/>\n<\/strong>Vedbend<strong><br \/>\n<\/strong>Guldregn<strong><br \/>\n<\/strong>Laurb\u00e6r<strong><br \/>\n<\/strong>Nerie<strong><br \/>\n<\/strong>Rhododendron<strong><br \/>\n<\/strong>Taks<strong><br \/>\n<\/strong>Yucca\/palmelilje<strong><br \/>\n<\/strong>Kaninfoder<strong><br \/>\n<\/strong>Slik<strong><br \/>\n<\/strong>Karamel<strong><br \/>\n<\/strong>Avocado -giftigt for hjertet<strong><br \/>\n<\/strong>F\u00f8lfod \u2013 er MEGET giftig \u2013 kan for\u00e5rsage kr\u00e6ft og er giftigt for nyrerne<strong><br \/>\n<\/strong>Hvidl\u00f8g \u2013 kan v\u00e6re meget farlig i st\u00f8rre m\u00e6ngder og frar\u00e5des da man ikke kender den fulde effekt p\u00e5 mus<strong><br \/>\n<\/strong>Store melorme (hvis der er unger, da de kan bide sig fast og give sm\u00e5 s\u00e5r)<strong><br \/>\n<\/strong>Citronmelisse (meget syrligt og kan give mavepine)<\/p>\n","protected":false},"excerpt":{"rendered":"<p>Grundfoder Mus kan lide at spise mange forskellige ting. Man kan v\u00e6lge at fodre med et blandingsfoder, s\u00e5som Mr. Johnsons Supreme Rat &amp; Mouse, Rat Vital, Vitakraft Emotion Beauty Mouse\/Rat [&hellip;]<\/p>\n","protected":false},"author":1,"featured_media":0,"parent":131,"menu_order":4,"comment_status":"closed","ping_status":"closed","template":"","meta":{"site-sidebar-layout":"default","site-content-layout":"","ast-site-content-layout":"","site-content-style":"default","site-sidebar-style":"default","ast-global-header-display":"","ast-banner-title-visibility":"","ast-main-header-display":"","ast-hfb-above-header-display":"","ast-hfb-below-header-display":"","ast-hfb-mobile-header-display":"","site-post-title":"","ast-breadcrumbs-content":"","ast-featured-img":"","footer-sml-layout":"","theme-transparent-header-meta":"","adv-header-id-meta":"","stick-header-meta":"","header-above-stick-meta":"","header-main-stick-meta":"","header-below-stick-meta":"","astra-migrate-meta-layouts":"default","ast-page-background-enabled":"default","ast-page-background-meta":{"desktop":{"background-color":"var(--ast-global-color-4)","background-image":"","background-repeat":"repeat","background-position":"center center","background-size":"auto","background-attachment":"scroll","background-type":"","background-media":"","overlay-type":"","overlay-color":"","overlay-opacity":"","overlay-gradient":""},"tablet":{"background-color":"","background-image":"","background-repeat":"repeat","background-position":"center center","background-size":"auto","background-attachment":"scroll","background-type":"","background-media":"","overlay-type":"","overlay-color":"","overlay-opacity":"","overlay-gradient":""},"mobile":{"background-color":"","background-image":"","background-repeat":"repeat","background-position":"center center","background-size":"auto","background-attachment":"scroll","background-type":"","background-media":"","overlay-type":"","overlay-color":"","overlay-opacity":"","overlay-gradient":""}},"ast-content-background-meta":{"desktop":{"background-color":"var(--ast-global-color-5)","background-image":"","background-repeat":"repeat","background-position":"center center","background-size":"auto","background-attachment":"scroll","background-type":"","background-media":"","overlay-type":"","overlay-color":"","overlay-opacity":"","overlay-gradient":""},"tablet":{"background-color":"var(--ast-global-color-5)","background-image":"","background-repeat":"repeat","background-position":"center center","background-size":"auto","background-attachment":"scroll","background-type":"","background-media":"","overlay-type":"","overlay-color":"","overlay-opacity":"","overlay-gradient":""},"mobile":{"background-color":"var(--ast-global-color-5)","background-image":"","background-repeat":"repeat","background-position":"center center","background-size":"auto","background-attachment":"scroll","background-type":"","background-media":"","overlay-type":"","overlay-color":"","overlay-opacity":"","overlay-gradient":""}},"ngg_post_thumbnail":0,"footnotes":""},"class_list":["post-175","page","type-page","status-publish","hentry"],"_links":{"self":[{"href":"https:\/\/musgerbil.dk\/index.php?rest_route=\/wp\/v2\/pages\/175"}],"collection":[{"href":"https:\/\/musgerbil.dk\/index.php?rest_route=\/wp\/v2\/pages"}],"about":[{"href":"https:\/\/musgerbil.dk\/index.php?rest_route=\/wp\/v2\/types\/page"}],"author":[{"embeddable":true,"href":"https:\/\/musgerbil.dk\/index.php?rest_route=\/wp\/v2\/users\/1"}],"replies":[{"embeddable":true,"href":"https:\/\/musgerbil.dk\/index.php?rest_route=%2Fwp%2Fv2%2Fcomments&post=175"}],"version-history":[{"count":13,"href":"https:\/\/musgerbil.dk\/index.php?rest_route=\/wp\/v2\/pages\/175\/revisions"}],"predecessor-version":[{"id":10750,"href":"https:\/\/musgerbil.dk\/index.php?rest_route=\/wp\/v2\/pages\/175\/revisions\/10750"}],"up":[{"embeddable":true,"href":"https:\/\/musgerbil.dk\/index.php?rest_route=\/wp\/v2\/pages\/131"}],"wp:attachment":[{"href":"https:\/\/musgerbil.dk\/index.php?rest_route=%2Fwp%2Fv2%2Fmedia&parent=175"}],"curies":[{"name":"wp","href":"https:\/\/api.w.org\/{rel}","templated":true}]}}