{"id":169,"date":"2014-04-05T21:11:01","date_gmt":"2014-04-05T21:11:01","guid":{"rendered":"http:\/\/musgerbil.dk\/?page_id=169"},"modified":"2022-02-17T23:49:10","modified_gmt":"2022-02-17T22:49:10","slug":"generelt","status":"publish","type":"page","link":"https:\/\/musgerbil.dk\/?page_id=169","title":{"rendered":"Mus"},"content":{"rendered":"<h3><strong>Basis info<\/strong><\/h3>\n<p>Videnskabeligt navn: Mus musculus<br \/>\nOrden: Rodentia<br \/>\nSl\u00e6gt: Mus<br \/>\nFamilie: Muridae<br \/>\nOprindelsesland: Ukendt<br \/>\nGennemsnitsalder: 1-1\u00bd \u00e5r<br \/>\nK\u00f8nsmoden: 4-5 uger<br \/>\nGennemsnitsst\u00f8rrelse p\u00e5 kuld: 8-16 unger<\/p>\n<p><strong>Flere Emner<\/strong><\/p>\n<table style=\"border-color: #ffffff\">\n<tbody>\n<tr>\n<td><a href=\"https:\/\/musgerbil.dk\/?page_id=171\"><img decoding=\"async\" class=\"alignnone wp-image-6887\" src=\"https:\/\/musgerbil.dk\/wp-content\/uploads\/den-f\u00f8rste-261x300.png\" alt=\"den f\u00f8rste\" width=\"140\" height=\"161\" srcset=\"https:\/\/musgerbil.dk\/wp-content\/uploads\/den-f\u00f8rste-261x300.png 261w, https:\/\/musgerbil.dk\/wp-content\/uploads\/den-f\u00f8rste.png 512w\" sizes=\"(max-width: 140px) 100vw, 140px\" \/><\/a><\/td>\n<td><a href=\"https:\/\/musgerbil.dk\/?page_id=173\" rel=\"attachment wp-att-6876\"><img decoding=\"async\" class=\"alignnone wp-image-6876\" src=\"https:\/\/musgerbil.dk\/wp-content\/uploads\/hus-copy-286x300-2-1-1-1.png\" alt=\"hus copy\" width=\"140\" height=\"147\"><\/a><\/td>\n<td><a href=\"https:\/\/musgerbil.dk\/?page_id=175\" rel=\"attachment wp-att-6877\"><img decoding=\"async\" class=\"alignnone wp-image-6877\" src=\"https:\/\/musgerbil.dk\/wp-content\/uploads\/foder-copy-265x300-2-1-1.png\" alt=\"foder copy\" width=\"140\" height=\"159\"><\/a><\/td>\n<td><a href=\"https:\/\/musgerbil.dk\/?page_id=177\" rel=\"attachment wp-att-6878\"><img loading=\"lazy\" decoding=\"async\" class=\"alignnone wp-image-6878\" src=\"https:\/\/musgerbil.dk\/wp-content\/uploads\/Helbred-copy-249x300-2-1.png\" alt=\"Helbred copy\" width=\"140\" height=\"169\"><\/a><\/td>\n<\/tr>\n<tr>\n<td><a href=\"https:\/\/musgerbil.dk\/?page_id=179\" rel=\"attachment wp-att-6884\"><img loading=\"lazy\" decoding=\"async\" class=\"alignnone wp-image-6884\" src=\"https:\/\/musgerbil.dk\/wp-content\/uploads\/Arrows-meeting-icon-copy-260x300.png\" alt=\"Arrows-meeting-icon copy\" width=\"140\" height=\"162\" srcset=\"https:\/\/musgerbil.dk\/wp-content\/uploads\/Arrows-meeting-icon-copy-260x300.png 260w, https:\/\/musgerbil.dk\/wp-content\/uploads\/Arrows-meeting-icon-copy.png 511w\" sizes=\"(max-width: 140px) 100vw, 140px\" \/><\/a><\/td>\n<td><a href=\"https:\/\/musgerbil.dk\/?page_id=181\" rel=\"attachment wp-att-6880\"><img loading=\"lazy\" decoding=\"async\" class=\"alignnone wp-image-6880\" src=\"https:\/\/musgerbil.dk\/wp-content\/uploads\/Avl-copy-2-1-1-1.png\" alt=\"Avl copy\" width=\"140\" height=\"162\"><\/a><\/td>\n<td><a href=\"https:\/\/musgerbil.dk\/?page_id=2550\" rel=\"attachment wp-att-6881\"><img loading=\"lazy\" decoding=\"async\" class=\"alignnone wp-image-6881\" src=\"https:\/\/musgerbil.dk\/wp-content\/uploads\/K\u00f8n1-copy-copy-233x300.png\" alt=\"K\u00f8n1 copy copy\" width=\"140\" height=\"180\" srcset=\"https:\/\/musgerbil.dk\/wp-content\/uploads\/K\u00f8n1-copy-copy-233x300.png 233w, https:\/\/musgerbil.dk\/wp-content\/uploads\/K\u00f8n1-copy-copy-467x600.png 467w, https:\/\/musgerbil.dk\/wp-content\/uploads\/K\u00f8n1-copy-copy.png 512w\" sizes=\"(max-width: 140px) 100vw, 140px\" \/><\/a><\/td>\n<td><a href=\"https:\/\/musgerbil.dk\/wp-content\/uploads\/DMG-Mus1.pdf\" rel=\"attachment wp-att-6882\"><img loading=\"lazy\" decoding=\"async\" class=\"alignnone wp-image-6882\" src=\"https:\/\/musgerbil.dk\/wp-content\/uploads\/Info-copy-257x300-2-1-1-1.png\" alt=\"Info copy\" width=\"140\" height=\"163\"><\/a><\/td>\n<\/tr>\n<tr>\n<td><a href=\"https:\/\/musgerbil.dk\/?page_id=1609\" rel=\"attachment wp-att-6883\"><img loading=\"lazy\" decoding=\"async\" class=\"alignnone wp-image-6883\" src=\"https:\/\/musgerbil.dk\/wp-content\/uploads\/License-manager-icon-copy-231x300.png\" alt=\"License-manager-icon copy\" width=\"140\" height=\"182\" srcset=\"https:\/\/musgerbil.dk\/wp-content\/uploads\/License-manager-icon-copy-231x300.png 231w, https:\/\/musgerbil.dk\/wp-content\/uploads\/License-manager-icon-copy-461x600.png 461w, https:\/\/musgerbil.dk\/wp-content\/uploads\/License-manager-icon-copy.png 512w\" sizes=\"(max-width: 140px) 100vw, 140px\" \/><\/a><\/td>\n<td>&nbsp;<\/td>\n<td>&nbsp;<\/td>\n<td>&nbsp;<\/td>\n<\/tr>\n<\/tbody>\n<\/table>\n<p>&nbsp;<\/p>\n<p>K\u00e6lemus nedstammer fra den almindelige husmus, som er udbredt verden over. De tilpasser sig nemt deres omgivelser, hvilket er grunden til at den vilde husmus trives under vidt forskellige forhold, b\u00e5de i forhold til omgivelser og temperaturer.<\/p>\n<p>Mus er et k\u00e6le-\/hobbydyr der er velegnet til mange aldersgrupper. Man kan f\u00e5 stor gl\u00e6de af dem i et bur hvor man kan se deres mange aktiviteter. De kr\u00e6ver en god m\u00e6ngde h\u00e5ndtering, hvis man vil have dem rigtigt h\u00e5ndtamme. Deres temperament afh\u00e6nger en hel del af deres for\u00e6ldre, og deres opv\u00e6kst. Id\u00e9en om at holde mus som k\u00e6ledyr tog fart i 1700-tallets Japan, hvor de ogs\u00e5 hurtigt blev popul\u00e6re som avlsdyr. Da farvemutationer hos mus ikke er us\u00e6dvanligt, skabte det hurtigt interesse for at p\u00e5begynde systematiseret opdr\u00e6t af disse allerede dengang.<\/p>\n<p>De er flokdyr, og derfor enormt sociale. I naturen afh\u00e6nger deres sociale adf\u00e6rd og flokkens st\u00f8rrelse af leveforholdene, blandt andet m\u00e6ngden af tilg\u00e6ngeligt foder. H\u00f8j tilg\u00e6ngelighed af foder resulterer ikke blot i en st\u00f8rre population af mus, men formindsker ogs\u00e5 aggression hunnerne imellem. Hanner, derimod, vil altid v\u00e6re meget protektionistiske overfor indtr\u00e6ngen p\u00e5 deres territorium.<\/p>\n<p>I private hjem fungerer hunner bedst i grupper af samme k\u00f8n, og kan sagtens s\u00e6tte sammen i forskellige aldersgrupper. Hanner kan i nogle tilf\u00e6lde fungere sammen, hvis de er kuldbr\u00f8dre. De kan dog blive meget aggressive overfor hinanden, i et fors\u00f8g p\u00e5 at beskytte deres territorium, faktisk s\u00e5 meget at de kan sl\u00e5 hinanden ihjel. Det sker oftest, i de tilf\u00e6lde hvor en han tages fra til sammens\u00e6tning med hunner, for derefter at blive sat tilbage med andre hanner. Enlige hanner er s\u00e6dvanligvis de bedste k\u00e6ledyr, i mods\u00e6tning til hunner, som er mere livlige og aktive \u2013 ikke ment med at hunner ikke kan blive tamme.<\/p>\n<p><strong>Daglig pasning<\/strong><br \/>\nDen daglige pasning af mus omfatter frisk, rent vand og mad.<br \/>\nVandet gives bedst i en egnet vandflaske, som mus er gode til at bruge (se mere under <strong>Buret<\/strong>).<br \/>\nFoder kan enten v\u00e6re en egnet gnaverblanding til mus, men det anbefales dog at benytte foder i pilleform for at sikre, at musene f\u00e5r den korrekte ern\u00e6ring (se mere under <strong>Foder<\/strong>).<br \/>\nDaglig h\u00e5ndtering af musene kan g\u00f8re dem utrolig tamme, og dette b\u00f8r v\u00e6re en del af det daglige ritual.<br \/>\nReng\u00f8ring er efter behov, men man skal regne med 1-2 gange om ugen afh\u00e6ngig af burst\u00f8rrelse, bundstr\u00f8else og antal af mus i buret.<\/p>\n<p><strong>Burets indretning<\/strong><br \/>\nAf bur kan man enten v\u00e6lge tremmebur, plastikbur eller akvarium\/\u201dnagarium\u201d (terrarier og akvarier, som fra producentens side er optimeret til gnaverhold). Det er vigtigt med et str\u00f8materiale, som er rimelig st\u00f8vfrit, da mus har sarte luftveje. Som redemateriale kan anvendes avisstrimler eller k\u00f8kkenrullestrimler. De har et stort behov for b\u00e5de klatre- og gnavemuligheder, hvorfor det anbefales at bruge interi\u00f8r i tr\u00e6. Huse og huler kan dog med fordel v\u00e6lges i plastik eller keramik\/porcel\u00e6n, da de er vaskbare, s\u00e5ledes at lugtgener minimeres. Der skal naturligvis v\u00e6re fri adgang til mad og vand.<\/p>\n<p><strong>H\u00e5ndtering<\/strong><br \/>\nDaglig h\u00e5ndtering er en foruds\u00e6tning for tamme og h\u00e5ndterbare mus. Det er oplagt at g\u00f8re det i forbindelse med fodring og vandskift. Mus er meget livlige og nysgerrige dyr, ogs\u00e5 n\u00e5r de kommer i h\u00e6nder. Man kan eventuelt sidde med h\u00e5nden i buret imens man ser fjernsyn eller andet, s\u00e5 de v\u00e6nner sig til h\u00e6nder og ens lugt.<br \/>\nDet er ikke alle mus, der frivilligt kravler i h\u00e5nden fra buret, selvom den ellers nyder at v\u00e6re i h\u00e6nder. Mus, som ikke selv kravler op i h\u00e5nden, eller som ikke bryder sig om, at man lukker h\u00e5nden rundt om dem, kan man l\u00f8fte ved haleroden. Det er vigtigt at man holder p\u00e5 halen s\u00e5 t\u00e6t ved kroppen som muligt, da halen er en forl\u00e6ngelse af rygraden. N\u00e5r musens bagkrop er l\u00f8ftet, kan man s\u00e6tte den anden h\u00e5nd under kroppen, s\u00e5 musen hviler i h\u00e5nden, og ikke kommer til at h\u00e6nge i luften. Nogen mus nyder tydeligt at sidde i en let lukket h\u00e5nd og blive nusset, for eksempel p\u00e5 hovedet og bag \u00f8rerne. Andre foretr\u00e6kker en \u00e5ben h\u00e5nd, og at blive aet ned over ryggen. Andre igen har behov for at kunne kravle rundt p\u00e5 h\u00e6nder og arme, for at f\u00e5 lov til at unders\u00f8ge sine omgivelser. Dette betyder ikke at musen ikke er h\u00e5ndtam, snarere at den er s\u00e6rligt nysgerrig p\u00e5 sine omgivelser, og at den er tryg nok til at turde g\u00e5 p\u00e5 opdagelse.<br \/>\nDet kan ske, at en mus er mere tilbageholdende og ikke umiddelbart kommer frem og tager kontakt n\u00e5r man \u00e5bner buret. I de tilf\u00e6lde kan man med fordel have en lille kasse, for eksempel en transportkasse uden indhold udover str\u00f8 (en s\u00e5kaldt \u201dkedelig kasse\u201d). Heri s\u00e6tter man musen ned, og kan bruge metoden n\u00e6vnt ovenfor, med at sidde med h\u00e5nden i kassen, eventuelt med godbidder p\u00e5 eller ved siden af h\u00e5nden, da ikke alle mus vil spise af h\u00e5nden. Eksempler p\u00e5 godbidder kan ses under afsnittet <strong>Foder<\/strong>.<\/p>\n<h3><strong>Adf\u00e6rd<\/strong><\/h3>\n<p><strong>Generel adf\u00e6rd<\/strong><br \/>\nDe f\u00f8rste uger af musenes liv, er hanner og hunner meget ens. Museunger kan v\u00e6re meget livlige, is\u00e6r i alderen 2\u00bd-5 uger. Nogen opdr\u00e6ttere kalder dem i denne alder for popcorn stadiet, fordi de kan finde p\u00e5 at springe meget, og meget h\u00f8jt, uden forudg\u00e5ende varsel. Man kan opleve, at de springer fra bunden af buret, og ud p\u00e5 gulvet. Dels kan de komme til skade, og dels er de s\u00e5 hurtige at de kan v\u00e6re sv\u00e6re at indfange igen. I denne alder kan de ogs\u00e5 finde p\u00e5 at nappe, og enkelte bider endda. Denne adf\u00e6rd skal dog stoppe senest i 5-ugersalderen. Forts\u00e6tter det, er det tegn p\u00e5, at musen har en u\u00f8nsket temperamentsfejl. Hvis en mus udviser u\u00f8nsket eller \u00e6ndret adf\u00e6rd, b\u00f8r man kontakte sin opdr\u00e6tter, som altid gerne st\u00e5r til r\u00e5dighed med r\u00e5d og vejledning.<\/p>\n<p><em>Hanner<br \/>\n<\/em>Hanner er oftest rolige og afslappede, is\u00e6r n\u00e5r de er kommet over teenagealderen. De er tit nemmere at g\u00f8re fortrolige med h\u00e5ndtering. De unders\u00f8ger deres omgivelser med st\u00f8rre ro end de fleste hunner. Det kan godt virke som om, de har en st\u00f8rre selvsikkerhed og indre ro. De er ogs\u00e5 tit mere decideret k\u00e6lne.<\/p>\n<p><em>Hunner<br \/>\n<\/em>Hunner er meget aktive, nysgerrige og unders\u00f8gende. De har tit sv\u00e6rere ved at sidde stille end hannerne. De har et udpr\u00e6get behov for klatremuligheder. De virker mere \u201dvimsende\u201d, og man kan tit se dem lege med hinanden i buret. Det tager ofte l\u00e6ngere tid at g\u00f8re dem rolige og fortrolige med h\u00e5ndtering; ikke fordi de ikke bryder sig om det, men fordi de helst vil p\u00e5 opdagelse.<\/p>\n<p>Der vil selvf\u00f8lgelig altid findes undtagelser fra reglen; hanner, der er mere legesyge end gennemsnittet, eller hunner, der l\u00e6gger sig roligt i h\u00e5ndfladen n\u00e5r den bliver taget op.<\/p>\n<p><strong>Flokadf\u00e6rd<\/strong><br \/>\nSom beskrevet ovenfor, er mus meget sociale dyr. Hunner is\u00e6r har behov for at leve i en gruppe, hvilket i fangenskab vil sige minimum 3, for at skabe den bedste trivsel og dynamik. Mus danner hierarkier, s\u00e5 der vil altid v\u00e6re en alfa, som ogs\u00e5 ofte er den, der er mest nysgerrig, n\u00e5r man \u00e5bner buret. Det er vigtigt for gruppens trivsel og instinktive overlevelse, da det er alfaen, der skaber tryghed og ro, og fort\u00e6ller de \u00f8vrige i gruppen med sit kropssprog, at det er sikkert at komme frem. Det er netop med kropssprog de kommunikerer med hinanden; de har ikke noget lydsprog. Hvis en mus \u201dsnakker\u201d eller siger lyde, er det ofte et tegn p\u00e5 luftvejsinfektion (se mere under <strong>Helbred<\/strong>). En undtagelse er, n\u00e5r der er lidt gnidninger i hierarkiet, hvor man kan opleve at mus piber, n\u00e5r de s\u00e6tter hinanden p\u00e5 plads.<br \/>\nMan kan komme ud for en gruppe, der ikke har en decideret alfa. Det kan for eksempel skyldes mangel p\u00e5 en egnet alfa, eller et tilf\u00e6lde hvor man har en anden hun der udfordrer alfahunnens position. I sidstn\u00e6vnte tilf\u00e6lde kan man opleve ret alvorlige slagsm\u00e5l, hvor man som ejer er n\u00f8dt til at skille dem ad. I den slags tilf\u00e6lde, m\u00e5 man fors\u00f8ge at skabe to grupper i hver deres bur, eller pr\u00f8ve at finde et nyt hjem til den ene af de stridende damer.<br \/>\nHanner er meget territoriale, og b\u00f8r derfor holdes alene. Opst\u00e5r der f\u00f8rst gnidninger imellem to hanner, vil de sl\u00e5s til d\u00f8den. Hanner, der g\u00e5r alene, kr\u00e6ver s\u00e6rlig aktivering og h\u00e5ndtering. Der findes enkelte hanner, som bliver depressive af at g\u00e5 alene. Depression hos mus kan medf\u00f8re d\u00f8dsfald, da de bliver apatiske og holder op med at spise og drikke. I det tilf\u00e6lde kan man fors\u00f8ge at finde en hun, som man kan s\u00e6tte sammen med sin han. Man skal blot v\u00e6re opm\u00e6rksom p\u00e5, at de ikke kan blive g\u00e5ende sammen, da de vil lave unger. Man kan ogs\u00e5 fors\u00f8ge at finde et opdr\u00e6tter-hjem, som kan overtage hannen, s\u00e5 han har bedre muligheder for selskab.<br \/>\nDet er muligt at holde en gruppe af hanner sammen, som er kuldbr\u00f8dre, under foruds\u00e6tning af, at ingen af dem skal bruges i avl. Det sker dog, at enkelte, efterh\u00e5nden som de vokser til eller bliver \u00e6ldre, vil udvise territorial adf\u00e6rd. Det er derfor en god id\u00e9 at have mulighed for at s\u00e6tte en s\u00e5dan han i et bur for sig selv.<\/p>\n<p>&nbsp;<\/p>\n","protected":false},"excerpt":{"rendered":"<p>Basis info Videnskabeligt navn: Mus musculus Orden: Rodentia Sl\u00e6gt: Mus Familie: Muridae Oprindelsesland: Ukendt Gennemsnitsalder: 1-1\u00bd \u00e5r K\u00f8nsmoden: 4-5 uger Gennemsnitsst\u00f8rrelse p\u00e5 kuld: 8-16 unger Flere Emner &nbsp; &nbsp; &nbsp; [&hellip;]<\/p>\n","protected":false},"author":1,"featured_media":0,"parent":0,"menu_order":0,"comment_status":"closed","ping_status":"closed","template":"","meta":{"site-sidebar-layout":"default","site-content-layout":"","ast-site-content-layout":"","site-content-style":"default","site-sidebar-style":"default","ast-global-header-display":"","ast-banner-title-visibility":"","ast-main-header-display":"","ast-hfb-above-header-display":"","ast-hfb-below-header-display":"","ast-hfb-mobile-header-display":"","site-post-title":"","ast-breadcrumbs-content":"","ast-featured-img":"","footer-sml-layout":"","theme-transparent-header-meta":"","adv-header-id-meta":"","stick-header-meta":"","header-above-stick-meta":"","header-main-stick-meta":"","header-below-stick-meta":"","astra-migrate-meta-layouts":"default","ast-page-background-enabled":"default","ast-page-background-meta":{"desktop":{"background-color":"var(--ast-global-color-4)","background-image":"","background-repeat":"repeat","background-position":"center center","background-size":"auto","background-attachment":"scroll","background-type":"","background-media":"","overlay-type":"","overlay-color":"","overlay-opacity":"","overlay-gradient":""},"tablet":{"background-color":"","background-image":"","background-repeat":"repeat","background-position":"center center","background-size":"auto","background-attachment":"scroll","background-type":"","background-media":"","overlay-type":"","overlay-color":"","overlay-opacity":"","overlay-gradient":""},"mobile":{"background-color":"","background-image":"","background-repeat":"repeat","background-position":"center center","background-size":"auto","background-attachment":"scroll","background-type":"","background-media":"","overlay-type":"","overlay-color":"","overlay-opacity":"","overlay-gradient":""}},"ast-content-background-meta":{"desktop":{"background-color":"var(--ast-global-color-5)","background-image":"","background-repeat":"repeat","background-position":"center center","background-size":"auto","background-attachment":"scroll","background-type":"","background-media":"","overlay-type":"","overlay-color":"","overlay-opacity":"","overlay-gradient":""},"tablet":{"background-color":"var(--ast-global-color-5)","background-image":"","background-repeat":"repeat","background-position":"center center","background-size":"auto","background-attachment":"scroll","background-type":"","background-media":"","overlay-type":"","overlay-color":"","overlay-opacity":"","overlay-gradient":""},"mobile":{"background-color":"var(--ast-global-color-5)","background-image":"","background-repeat":"repeat","background-position":"center center","background-size":"auto","background-attachment":"scroll","background-type":"","background-media":"","overlay-type":"","overlay-color":"","overlay-opacity":"","overlay-gradient":""}},"ngg_post_thumbnail":0,"footnotes":""},"class_list":["post-169","page","type-page","status-publish","hentry"],"_links":{"self":[{"href":"https:\/\/musgerbil.dk\/index.php?rest_route=\/wp\/v2\/pages\/169"}],"collection":[{"href":"https:\/\/musgerbil.dk\/index.php?rest_route=\/wp\/v2\/pages"}],"about":[{"href":"https:\/\/musgerbil.dk\/index.php?rest_route=\/wp\/v2\/types\/page"}],"author":[{"embeddable":true,"href":"https:\/\/musgerbil.dk\/index.php?rest_route=\/wp\/v2\/users\/1"}],"replies":[{"embeddable":true,"href":"https:\/\/musgerbil.dk\/index.php?rest_route=%2Fwp%2Fv2%2Fcomments&post=169"}],"version-history":[{"count":21,"href":"https:\/\/musgerbil.dk\/index.php?rest_route=\/wp\/v2\/pages\/169\/revisions"}],"predecessor-version":[{"id":11379,"href":"https:\/\/musgerbil.dk\/index.php?rest_route=\/wp\/v2\/pages\/169\/revisions\/11379"}],"wp:attachment":[{"href":"https:\/\/musgerbil.dk\/index.php?rest_route=%2Fwp%2Fv2%2Fmedia&parent=169"}],"curies":[{"name":"wp","href":"https:\/\/api.w.org\/{rel}","templated":true}]}}