{"id":1614,"date":"2014-05-02T06:38:02","date_gmt":"2014-05-02T06:38:02","guid":{"rendered":"http:\/\/musgerbil.dk\/?page_id=1614"},"modified":"2022-02-17T23:49:07","modified_gmt":"2022-02-17T22:49:07","slug":"typestandard-g","status":"publish","type":"page","link":"https:\/\/musgerbil.dk\/?page_id=1614","title":{"rendered":"Typestandard"},"content":{"rendered":"<p><strong>Hoved <\/strong><br \/>\nHovedet skal var kort og bredt, have en konveks profil i en j\u00e6vn linje fra \u00f8rer til n\u00e6sespids og skal sidde i en naturlig forl\u00e6ngelse af kroppen uden synlig hals.<br \/>\nHovedet skal have bred base mellem \u00f8rerne og have formen af en kort rektangel ned mod n\u00e6sen (\u00f8jne og \u00f8rer skal sidde p\u00e5 samme linje set forfra). N\u00e6separtiet skal v\u00e6re kraftigt og afsluttes afrundet<\/p>\n<p><strong>Krop<\/strong><br \/>\nDyret skal v\u00e6re kraftigt og solid bygget uden at v\u00e6re fed. Ungdyr skal have en elegant og smidig krop.<br \/>\nVoksne hanner skal v\u00e6re muskul\u00f8se og have en kort og kraftig krop med god tyngde og bredde uden at give et firkantet indtryk.<br \/>\nHunner skal v\u00e6re mere feminin, elegant, atletiske og str\u00f8mlinet bygget, men uden at blive slanke.<\/p>\n<p><strong>Pels (+knurh\u00e5r) <\/strong><br \/>\nPelsen skal v\u00e6re kort, t\u00e6t, fin og sp\u00e6ndstig med et sundt skinnende udtryk uden at forekomme fedtet. Noget l\u00e6ngere h\u00e5rstr\u00e5 kan forekomme hos ungdyr. (F\u00e6ldning\/moltlinje er normalt, men b\u00f8r ej forekomme p\u00e5 eks. udstilling.)<br \/>\nKnurh\u00e5r skal v\u00e6re lange, lige og danne en bred vifte.<\/p>\n<p><strong>\u00d8rer<\/strong><br \/>\n\u00d8rerne skal have en bred base, afrundet form set forfra (uden at v\u00e6re cirkelrunde) og v\u00e6re placeret bredt fra hinanden. De skal b\u00e6res oprejst.<\/p>\n<p><strong>\u00d8jne<\/strong><br \/>\n\u00d8jnene skal v\u00e6re klare, store, mandelformede, placeret bredt fra hinanden og symmetriske uden at v\u00e6re udst\u00e5ende.<\/p>\n<p><strong>Hale og Tuft<\/strong><br \/>\nHalen skal holdes lige og strakt ved bev\u00e6gelse og v\u00e6re uden kn\u00e6k eller b\u00f8j. Den skal v\u00e6re kraftig i hele halens l\u00e6ngdeog afsluttet med penselformet haletot\/tuft.<br \/>\nVed b\u00f8jningen over ryggen skal halen n\u00e5 helt frem til \u00f8rerne. Halen skal fremst\u00e5r visuelt lige s\u00e5 lang som kroppen.<\/p>\n<p><strong>St\u00f8rrelse &amp; Kondition <\/strong><br \/>\nEn fuldvoksen \u00f8rkenrottes kropsl\u00e6ngde skal v\u00e6re ca. 22 cm. Deraf udg\u00f8r halen min 10-12. Den perfekte minimumsv\u00e6gt hos en fuldvoksen \u00f8rkenrotte ligger for hunner p\u00e5 ca. 90 gram og for hanner ca. 110 gram, dog uden at v\u00e6re fede. Skal have et \u201dallert\u201d, nysgerrigt og venligt udtryk og fremst\u00e5 frisk.<\/p>\n<p><b>Temperament<br \/>\n<\/b>Skal v\u00e6re venlig og gentle mod mennesker og burkammerater. Den skal ogs\u00e5 v\u00e6re nysgerrig, aktiv, selvsikker og ligev\u00e6gtige. Bid og aggressiv adf\u00e6rd frar\u00e5des i avl og p\u00e5 udstilling.<\/p>\n<p>&nbsp;<\/p>\n<p>\u2026 Denne standard vil blive anvendt som standard for alle \u00f8rkenrotter p\u00e5 udstilling i Dansk Mus &amp; Gerbil.<br \/>\nDen vil blive revideret l\u00f8bende efter behov.<\/p>\n","protected":false},"excerpt":{"rendered":"<p>Hoved Hovedet skal var kort og bredt, have en konveks profil i en j\u00e6vn linje fra \u00f8rer til n\u00e6sespids og skal sidde i en naturlig forl\u00e6ngelse af kroppen uden synlig [&hellip;]<\/p>\n","protected":false},"author":1,"featured_media":0,"parent":28,"menu_order":9,"comment_status":"closed","ping_status":"closed","template":"","meta":{"site-sidebar-layout":"default","site-content-layout":"","ast-site-content-layout":"","site-content-style":"default","site-sidebar-style":"default","ast-global-header-display":"","ast-banner-title-visibility":"","ast-main-header-display":"","ast-hfb-above-header-display":"","ast-hfb-below-header-display":"","ast-hfb-mobile-header-display":"","site-post-title":"","ast-breadcrumbs-content":"","ast-featured-img":"","footer-sml-layout":"","theme-transparent-header-meta":"","adv-header-id-meta":"","stick-header-meta":"","header-above-stick-meta":"","header-main-stick-meta":"","header-below-stick-meta":"","astra-migrate-meta-layouts":"default","ast-page-background-enabled":"default","ast-page-background-meta":{"desktop":{"background-color":"var(--ast-global-color-4)","background-image":"","background-repeat":"repeat","background-position":"center center","background-size":"auto","background-attachment":"scroll","background-type":"","background-media":"","overlay-type":"","overlay-color":"","overlay-opacity":"","overlay-gradient":""},"tablet":{"background-color":"","background-image":"","background-repeat":"repeat","background-position":"center center","background-size":"auto","background-attachment":"scroll","background-type":"","background-media":"","overlay-type":"","overlay-color":"","overlay-opacity":"","overlay-gradient":""},"mobile":{"background-color":"","background-image":"","background-repeat":"repeat","background-position":"center center","background-size":"auto","background-attachment":"scroll","background-type":"","background-media":"","overlay-type":"","overlay-color":"","overlay-opacity":"","overlay-gradient":""}},"ast-content-background-meta":{"desktop":{"background-color":"var(--ast-global-color-5)","background-image":"","background-repeat":"repeat","background-position":"center center","background-size":"auto","background-attachment":"scroll","background-type":"","background-media":"","overlay-type":"","overlay-color":"","overlay-opacity":"","overlay-gradient":""},"tablet":{"background-color":"var(--ast-global-color-5)","background-image":"","background-repeat":"repeat","background-position":"center center","background-size":"auto","background-attachment":"scroll","background-type":"","background-media":"","overlay-type":"","overlay-color":"","overlay-opacity":"","overlay-gradient":""},"mobile":{"background-color":"var(--ast-global-color-5)","background-image":"","background-repeat":"repeat","background-position":"center center","background-size":"auto","background-attachment":"scroll","background-type":"","background-media":"","overlay-type":"","overlay-color":"","overlay-opacity":"","overlay-gradient":""}},"ngg_post_thumbnail":0,"footnotes":""},"class_list":["post-1614","page","type-page","status-publish","hentry"],"_links":{"self":[{"href":"https:\/\/musgerbil.dk\/index.php?rest_route=\/wp\/v2\/pages\/1614"}],"collection":[{"href":"https:\/\/musgerbil.dk\/index.php?rest_route=\/wp\/v2\/pages"}],"about":[{"href":"https:\/\/musgerbil.dk\/index.php?rest_route=\/wp\/v2\/types\/page"}],"author":[{"embeddable":true,"href":"https:\/\/musgerbil.dk\/index.php?rest_route=\/wp\/v2\/users\/1"}],"replies":[{"embeddable":true,"href":"https:\/\/musgerbil.dk\/index.php?rest_route=%2Fwp%2Fv2%2Fcomments&post=1614"}],"version-history":[{"count":7,"href":"https:\/\/musgerbil.dk\/index.php?rest_route=\/wp\/v2\/pages\/1614\/revisions"}],"predecessor-version":[{"id":10057,"href":"https:\/\/musgerbil.dk\/index.php?rest_route=\/wp\/v2\/pages\/1614\/revisions\/10057"}],"up":[{"embeddable":true,"href":"https:\/\/musgerbil.dk\/index.php?rest_route=\/wp\/v2\/pages\/28"}],"wp:attachment":[{"href":"https:\/\/musgerbil.dk\/index.php?rest_route=%2Fwp%2Fv2%2Fmedia&parent=1614"}],"curies":[{"name":"wp","href":"https:\/\/api.w.org\/{rel}","templated":true}]}}