{"id":1609,"date":"2014-05-02T06:35:26","date_gmt":"2014-05-02T06:35:26","guid":{"rendered":"http:\/\/musgerbil.dk\/?page_id=1609"},"modified":"2022-02-17T23:49:07","modified_gmt":"2022-02-17T22:49:07","slug":"typestandard","status":"publish","type":"page","link":"https:\/\/musgerbil.dk\/?page_id=1609","title":{"rendered":"Typestandard"},"content":{"rendered":"<p>&nbsp;<\/p>\n<p><strong>Hoved<br \/>\n<\/strong>Hovedet skal set forfra v\u00e6re bredt. Profilen vidner om et kort, trekantet hoved i en konveks bl\u00f8d afrundet profil.<\/p>\n<p><span style=\"line-height: 1.5\">Forfra tilstr\u00e6bes det at, musens hoved danner en kort trekant fra roden af \u00f8rerne og ned til n\u00e6setippen. Gennem &#8220;stregen&#8221; rammes \u00f8jnene, som er store og runde. Der skal v\u00e6re god brede mellem \u00f8jnene, s\u00e5 de sidder korrekt p\u00e5 linje mellem \u00f8ret og n\u00e6sen. Snuden slutter afrundet b\u00e5de oppefra og set i profil, s\u00e5 den\u00a0ikke\u00a0bliver\u00a0lang og\u00a0spids eller alt for afkortet og firkantet.<\/span><\/p>\n<p>Der tilstr\u00e6bes en tydelig k\u00f8nsforskel, hvor hanner er kort og maskulin i profil og bredere hoved, mens hunner er mere\u00a0elegante og feminine i profil og forfra.<\/p>\n<p><strong>Krop<br \/>\n<\/strong>Kroppen p\u00e5 musen er lang og slank.<br \/>\nDen m\u00e5 ikke fremst\u00e5 stor og klodset eller for lille og spinkel.<br \/>\nMusen er muskul\u00f8s og elegant.<\/p>\n<p>Hanner \u00f8nskes at fremst\u00e5 maskuline med god tyngde og mere\u00a0atletiske, hvor hunner \u00f8nskes mere feminine og elegante.<\/p>\n<p><strong>Pels<\/strong><br \/>\nSe standarden for de forskellige pelstyper<\/p>\n<p><strong>\u00d8rer<br \/>\n<\/strong>\u00d8rerne skal v\u00e6re store, glatte og \u00f8nskes helst\u00a0helt\u00a0uden folder.<br \/>\nDer skal v\u00e6re god brede i mellem dem (l\u00e6s mere under &#8220;Hoved&#8221;).<br \/>\nSes musen forfra, skal \u00f8rerne sidde placeret som &#8220;Klokken 10-11 og 1-2&#8221; p\u00e5 et ur.<\/p>\n<p><strong>\u00d8jne<br \/>\n<\/strong>\u00d8jnene er store, runde og klare og \u00f8nskes korrekt placeret p\u00e5 linje mellem \u00f8re og n\u00e6se.<\/p>\n<p><strong>Hale<br \/>\n<\/strong>Halen skal v\u00e6re tyk og glat. Den skal v\u00e6re fri fra kn\u00e6k og andre\u00a0lignende\u00a0ufrivilligt buk p\u00e5 halen.<br \/>\nL\u00e6ngden p\u00e5 halen skal v\u00e6re min. musens l\u00e6ngde &#8211; dette m\u00e5les ved at f\u00f8re halen hen over ryggen p\u00e5 musen mod snuden.<br \/>\nRoden p\u00e5 halen tilstr\u00e6bes at v\u00e6re kraftig og tyk, og tailsettet skal v\u00e6re tydeligt udformet, s\u00e5 halen bliver en naturlig forl\u00e6ngelse af kroppen uden synlige stop. Det tilstr\u00e6bes at \u00a0halen fremst\u00e5r uden at v\u00e6re &#8220;sat p\u00e5&#8221;, men former sig ud af musen bagkrop.<\/p>\n<p><strong>St\u00f8rrelse &amp; Kondition<br \/>\n<\/strong>St\u00f8rrelsen p\u00e5 musen skal v\u00e6re harmonisk og passe til musens kropsbygning, s\u00e5 den hverken bliver for tyk eller tynd. Proportionerne mellem halen og kroppen skal v\u00e6re harmonisk i b\u00e5de tykkelse og l\u00e6ngde.<br \/>\n\u00d8nsket v\u00e6gt er 40-60 g for hunner, og 55-70 g for hanner. Vigtigst af alt er naturligvis proportion og kondition. Hunner p\u00e5 mere end 80 g, og hanner p\u00e5 mere end 90 g, vil blive trukket i point ved udstilling.<\/p>\n<p><strong>Temperament<br \/>\n<\/strong>Musen er h\u00e5ndterbar og ikke meget skr\u00e6mt.<br \/>\nDen skal kunne h\u00e5ndteres og unders\u00f8ges mens den stadig er venligsindet overfor mennesker.<br \/>\nDer opfordres til, at musen er nysgerrig og ikke viger fra menneskeh\u00e5nden.<br \/>\nLigeledes \u00f8nskes det, at den er venlig overfor andre mus.<\/p>\n","protected":false},"excerpt":{"rendered":"<p>&nbsp; Hoved Hovedet skal set forfra v\u00e6re bredt. Profilen vidner om et kort, trekantet hoved i en konveks bl\u00f8d afrundet profil. Forfra tilstr\u00e6bes det at, musens hoved danner en kort [&hellip;]<\/p>\n","protected":false},"author":1,"featured_media":0,"parent":131,"menu_order":0,"comment_status":"closed","ping_status":"closed","template":"","meta":{"site-sidebar-layout":"default","site-content-layout":"","ast-site-content-layout":"","site-content-style":"default","site-sidebar-style":"default","ast-global-header-display":"","ast-banner-title-visibility":"","ast-main-header-display":"","ast-hfb-above-header-display":"","ast-hfb-below-header-display":"","ast-hfb-mobile-header-display":"","site-post-title":"","ast-breadcrumbs-content":"","ast-featured-img":"","footer-sml-layout":"","theme-transparent-header-meta":"","adv-header-id-meta":"","stick-header-meta":"","header-above-stick-meta":"","header-main-stick-meta":"","header-below-stick-meta":"","astra-migrate-meta-layouts":"default","ast-page-background-enabled":"default","ast-page-background-meta":{"desktop":{"background-color":"var(--ast-global-color-4)","background-image":"","background-repeat":"repeat","background-position":"center center","background-size":"auto","background-attachment":"scroll","background-type":"","background-media":"","overlay-type":"","overlay-color":"","overlay-opacity":"","overlay-gradient":""},"tablet":{"background-color":"","background-image":"","background-repeat":"repeat","background-position":"center center","background-size":"auto","background-attachment":"scroll","background-type":"","background-media":"","overlay-type":"","overlay-color":"","overlay-opacity":"","overlay-gradient":""},"mobile":{"background-color":"","background-image":"","background-repeat":"repeat","background-position":"center center","background-size":"auto","background-attachment":"scroll","background-type":"","background-media":"","overlay-type":"","overlay-color":"","overlay-opacity":"","overlay-gradient":""}},"ast-content-background-meta":{"desktop":{"background-color":"var(--ast-global-color-5)","background-image":"","background-repeat":"repeat","background-position":"center center","background-size":"auto","background-attachment":"scroll","background-type":"","background-media":"","overlay-type":"","overlay-color":"","overlay-opacity":"","overlay-gradient":""},"tablet":{"background-color":"var(--ast-global-color-5)","background-image":"","background-repeat":"repeat","background-position":"center center","background-size":"auto","background-attachment":"scroll","background-type":"","background-media":"","overlay-type":"","overlay-color":"","overlay-opacity":"","overlay-gradient":""},"mobile":{"background-color":"var(--ast-global-color-5)","background-image":"","background-repeat":"repeat","background-position":"center center","background-size":"auto","background-attachment":"scroll","background-type":"","background-media":"","overlay-type":"","overlay-color":"","overlay-opacity":"","overlay-gradient":""}},"ngg_post_thumbnail":0,"footnotes":""},"class_list":["post-1609","page","type-page","status-publish","hentry"],"_links":{"self":[{"href":"https:\/\/musgerbil.dk\/index.php?rest_route=\/wp\/v2\/pages\/1609"}],"collection":[{"href":"https:\/\/musgerbil.dk\/index.php?rest_route=\/wp\/v2\/pages"}],"about":[{"href":"https:\/\/musgerbil.dk\/index.php?rest_route=\/wp\/v2\/types\/page"}],"author":[{"embeddable":true,"href":"https:\/\/musgerbil.dk\/index.php?rest_route=\/wp\/v2\/users\/1"}],"replies":[{"embeddable":true,"href":"https:\/\/musgerbil.dk\/index.php?rest_route=%2Fwp%2Fv2%2Fcomments&post=1609"}],"version-history":[{"count":16,"href":"https:\/\/musgerbil.dk\/index.php?rest_route=\/wp\/v2\/pages\/1609\/revisions"}],"predecessor-version":[{"id":10968,"href":"https:\/\/musgerbil.dk\/index.php?rest_route=\/wp\/v2\/pages\/1609\/revisions\/10968"}],"up":[{"embeddable":true,"href":"https:\/\/musgerbil.dk\/index.php?rest_route=\/wp\/v2\/pages\/131"}],"wp:attachment":[{"href":"https:\/\/musgerbil.dk\/index.php?rest_route=%2Fwp%2Fv2%2Fmedia&parent=1609"}],"curies":[{"name":"wp","href":"https:\/\/api.w.org\/{rel}","templated":true}]}}