{"id":1568,"date":"2014-04-30T06:11:13","date_gmt":"2014-04-30T06:11:13","guid":{"rendered":"http:\/\/musgerbil.dk\/?page_id=1568"},"modified":"2022-02-17T23:49:07","modified_gmt":"2022-02-17T22:49:07","slug":"generelt-om-zm","status":"publish","type":"page","link":"https:\/\/musgerbil.dk\/?page_id=1568","title":{"rendered":"Zebramus"},"content":{"rendered":"<h3><strong>Basis info<\/strong><\/h3>\n<p>Latinsk navn:&nbsp;Lemniscomys striatus og&nbsp;Lemniscomys barbarus<br \/>\nOrden: Rodentia<br \/>\nSl\u00e6gt: Lemniscomys<br \/>\nFamilie:&nbsp;Muridae<br \/>\nOprindelsesland: Afrika<br \/>\nGennemsnitsalder: I fangenskab &nbsp;2-4 \u00e5r<br \/>\nK\u00f8nsmoden: 5-6 m\u00e5neder<br \/>\nGennemsnitsst\u00f8rrelse p\u00e5 kuld: Typisk 5-6, men op til 12 er set.<\/p>\n<p><strong>Info:<\/strong><\/p>\n<p>Sl\u00e6gten Lemniscomys omfatter 11 forskellige arter. I Danmark er det tilsyneladende kun Lemn. Striatus &nbsp;og Lemn. Barbarus, der holdes i fangenskab, begge kaldes blot &#8220;zebramus&#8221;.<br \/>\nLemn. Striatus stammer fra Central- og Vestafrika, Lemn. Babarus fra det nordvestlige Afrika.<br \/>\nDe 2 arter b\u00f8r ikke holdes sammen, da det kan resultere i uhensigtsm\u00e6ssig adf\u00e6rd og artkrydsning (hybrider), som kan f\u00e5 negative sundheds- og adf\u00e6rdsm\u00e6ssige f\u00f8lger for afkommet.<\/p>\n<p>Zebramus&nbsp;stammer fra skovomr\u00e5der, hvor begge arter &nbsp;normalt er dagaktive, men i fangenskab kan de ogs\u00e5 til tider ses v\u00e6re aktive ved daggry, skumring og om natten. De bygger deres reder af gr\u00e6s og blade skjult i vegetationen p\u00e5 eller n\u00e6r jorden, eller evt. under jorden i huler gravet af andre dyr. De laver tydelige stier i vegetationen omkring reden, hvorfra de s\u00f8ger f\u00f8de. Disse stier g\u00f8r det muligt for dem hurtigt at finde skjul i fald et rovdyr eller en rovfugl skulle dukke op.<\/p>\n<p>Det er underholdende og aktive dyr at have som k\u00e6ledyr og der er altid noget at kigge p\u00e5 i buret.<br \/>\nZebramus er sociale dyr, der bedst holdes i flokke p\u00e5 minimum 2. Man skal dog v\u00e6re opm\u00e6rksom p\u00e5, at hvis der holdes han og hun sammen, vil der komme unger.<\/p>\n<p><strong>Daglig Pasning<\/strong><\/p>\n<p>Den daglige pasning omfatter rent, frisk vand og fodring. Vand&nbsp;gives enten i en fast, tung sk\u00e5l der ikke kan v\u00e6lte eller i en drikkeflaske. Drikkeflasken er at foretr\u00e6kke, under foruds\u00e6tning af, at dyrene ikke&nbsp; gnaver den i stykker, hvis den h\u00e6nger inde i buret.<\/p>\n<p>Foder kan v\u00e6re en gnaverblanding til mus, med tilskud af gr\u00f8nt og ugentligt tilskud proteinrigt foder s\u00e5som melorm, insekter, hunde eller katte t\u00f8rkost. <strong><br \/>\n<\/strong>Daglig h\u00e5ndtering kan g\u00f8re dem meget h\u00e5ndtamme. Det bliver nemt tillidsfulde nok, til at de selv kravler op i h\u00e5nden for at f\u00e5 godbidder. <strong><br \/>\n<\/strong>Zebramus sviner eller lugter ikke specielt meget, s\u00e5 buret renses ca. 1 gang ugentligt afh\u00e6ngigt af st\u00f8rrelse, bundlag og antallet af dyr.<\/p>\n<p><strong>Burets indretning<\/strong><\/p>\n<p>Zebramus holdes bedst i akvarium\/\u201dnagarium\u201d (terrarier og akvarier, som fra producentens side er optimeret til gnaverhold) med fintmasket tr\u00e5dnet som l\u00e5g, der sikrer en tilstr\u00e6kkelig ventilation. Bundfladen skal v\u00e6re s\u00e5 stor som muligt, s\u00e5 de har masser af plads at bev\u00e6ge sig p\u00e5.<br \/>\nDet er vigtigt med et str\u00f8materiale, som er rimelig st\u00f8vfrit, da zebramus har sarte luftveje. Som redemateriale kan anvendes avisstrimler eller k\u00f8kkenrullestrimler. De har et stort behov for b\u00e5de klatre- og gnave muligheder, hvorfor det anbefales at bruge interi\u00f8r i tr\u00e6. Man kan ligeledes med fordel indrette med maser af grene, r\u00f8dder og sten. Huse og huler kan dog v\u00e6lges i plastik eller keramik\/porcel\u00e6n, da de er vaskbare, s\u00e5ledes at lugtgener minimeres. Der skal naturligvis v\u00e6re fri adgang til mad og vand.<\/p>\n<p><strong>H\u00e5ndtering<\/strong><\/p>\n<p>Daglig h\u00e5ndtering er en foruds\u00e6tning for h\u00e5ndtamme og h\u00e5ndterbare zebramus. S\u00e5 n\u00e5r man alligevel skifter vand og giver foder, er det oplagt ogs\u00e5 at arbejde lidt med sine zebramus. De skal gradvist v\u00e6nnes til ens duft og der er selvf\u00f8lgelig temperamentsforskelle p\u00e5 musene, men ved hj\u00e6lp af godbidder som melorm (t\u00f8rrede eller levende), kattet\u00f8rkost, insekter og lignende, kan man lokke sine zebramus t\u00e6t p\u00e5 og invitere dem til at kravle op i h\u00e5nden af sig selv. Zebramus har forholdsvis l\u00f8st skind og man m\u00e5 derfor ikke tage dem i skindet. Det er vigtigt ikke at fastholde zebramus i den relativt l\u00f8se hud (f.eks. nakkeskindet), da man kan risikere, at de vrider sig i fors\u00f8get p\u00e5 at undslippe, og hudpartier derved kan l\u00f8sne sig fra kroppen med store s\u00e5r som resultat. Det er naturlig adf\u00e6rd for zebramus at vride sig, for i naturen at undslippe rovdyrs greb. L\u00f8ft i stedet dyret med sk\u00e5lformede h\u00e6nder, evt. med en h\u00e5nd, der n\u00e6nsomt holder den fast oventil, s\u00e5 den ikke pludseligt hopper ned.<\/p>\n<p><strong>Generel adf\u00e6rd<\/strong><\/p>\n<p>Zebramus er sociale dyr, der bedst holdes flere sammen. Man skal dog v\u00e6re opm\u00e6rksom p\u00e5, at hvis der holdes han og hun sammen, vil der komme unger.<\/p>\n<p>De udvikler let stereotypi (udviser gentagen adf\u00e6rd), hvis de ikke stimuleres tilstr\u00e6kkeligt. Stereotypi er et typisk tegn p\u00e5 stress og mistrivsel, s\u00e5 det er vigtigt at give dem et stimulerende anl\u00e6g med masser af aktiviteter og skjulemuligheder.<\/p>\n<p>Gem s\u00e5 vidt muligt foder rundt omkring i buret og i forskellige udfordrende beholdere. N\u00f8dder kan gives af og til, s\u00e5 de aktiveres med at \u00e5bne dem og her f\u00e5r slebet t\u00e6nderne.<\/p>\n<p>Zebramus\u2019 behov for motion tilgodeses ved et rummeligt og stimulerende anl\u00e6g med masser af klatremuligheder og flere skjulesteder.<\/p>\n","protected":false},"excerpt":{"rendered":"<p>Basis info Latinsk navn:&nbsp;Lemniscomys striatus og&nbsp;Lemniscomys barbarus Orden: Rodentia Sl\u00e6gt: Lemniscomys Familie:&nbsp;Muridae Oprindelsesland: Afrika Gennemsnitsalder: I fangenskab &nbsp;2-4 \u00e5r K\u00f8nsmoden: 5-6 m\u00e5neder Gennemsnitsst\u00f8rrelse p\u00e5 kuld: Typisk 5-6, men op til [&hellip;]<\/p>\n","protected":false},"author":1,"featured_media":0,"parent":1566,"menu_order":0,"comment_status":"closed","ping_status":"closed","template":"","meta":{"site-sidebar-layout":"default","site-content-layout":"","ast-site-content-layout":"","site-content-style":"default","site-sidebar-style":"default","ast-global-header-display":"","ast-banner-title-visibility":"","ast-main-header-display":"","ast-hfb-above-header-display":"","ast-hfb-below-header-display":"","ast-hfb-mobile-header-display":"","site-post-title":"","ast-breadcrumbs-content":"","ast-featured-img":"","footer-sml-layout":"","theme-transparent-header-meta":"","adv-header-id-meta":"","stick-header-meta":"","header-above-stick-meta":"","header-main-stick-meta":"","header-below-stick-meta":"","astra-migrate-meta-layouts":"default","ast-page-background-enabled":"default","ast-page-background-meta":{"desktop":{"background-color":"var(--ast-global-color-4)","background-image":"","background-repeat":"repeat","background-position":"center center","background-size":"auto","background-attachment":"scroll","background-type":"","background-media":"","overlay-type":"","overlay-color":"","overlay-opacity":"","overlay-gradient":""},"tablet":{"background-color":"","background-image":"","background-repeat":"repeat","background-position":"center center","background-size":"auto","background-attachment":"scroll","background-type":"","background-media":"","overlay-type":"","overlay-color":"","overlay-opacity":"","overlay-gradient":""},"mobile":{"background-color":"","background-image":"","background-repeat":"repeat","background-position":"center center","background-size":"auto","background-attachment":"scroll","background-type":"","background-media":"","overlay-type":"","overlay-color":"","overlay-opacity":"","overlay-gradient":""}},"ast-content-background-meta":{"desktop":{"background-color":"var(--ast-global-color-5)","background-image":"","background-repeat":"repeat","background-position":"center center","background-size":"auto","background-attachment":"scroll","background-type":"","background-media":"","overlay-type":"","overlay-color":"","overlay-opacity":"","overlay-gradient":""},"tablet":{"background-color":"var(--ast-global-color-5)","background-image":"","background-repeat":"repeat","background-position":"center center","background-size":"auto","background-attachment":"scroll","background-type":"","background-media":"","overlay-type":"","overlay-color":"","overlay-opacity":"","overlay-gradient":""},"mobile":{"background-color":"var(--ast-global-color-5)","background-image":"","background-repeat":"repeat","background-position":"center center","background-size":"auto","background-attachment":"scroll","background-type":"","background-media":"","overlay-type":"","overlay-color":"","overlay-opacity":"","overlay-gradient":""}},"ngg_post_thumbnail":0,"footnotes":""},"class_list":["post-1568","page","type-page","status-publish","hentry"],"_links":{"self":[{"href":"https:\/\/musgerbil.dk\/index.php?rest_route=\/wp\/v2\/pages\/1568"}],"collection":[{"href":"https:\/\/musgerbil.dk\/index.php?rest_route=\/wp\/v2\/pages"}],"about":[{"href":"https:\/\/musgerbil.dk\/index.php?rest_route=\/wp\/v2\/types\/page"}],"author":[{"embeddable":true,"href":"https:\/\/musgerbil.dk\/index.php?rest_route=\/wp\/v2\/users\/1"}],"replies":[{"embeddable":true,"href":"https:\/\/musgerbil.dk\/index.php?rest_route=%2Fwp%2Fv2%2Fcomments&post=1568"}],"version-history":[{"count":16,"href":"https:\/\/musgerbil.dk\/index.php?rest_route=\/wp\/v2\/pages\/1568\/revisions"}],"predecessor-version":[{"id":9941,"href":"https:\/\/musgerbil.dk\/index.php?rest_route=\/wp\/v2\/pages\/1568\/revisions\/9941"}],"up":[{"embeddable":true,"href":"https:\/\/musgerbil.dk\/index.php?rest_route=\/wp\/v2\/pages\/1566"}],"wp:attachment":[{"href":"https:\/\/musgerbil.dk\/index.php?rest_route=%2Fwp%2Fv2%2Fmedia&parent=1568"}],"curies":[{"name":"wp","href":"https:\/\/api.w.org\/{rel}","templated":true}]}}