{"id":1189,"date":"2014-04-11T08:06:16","date_gmt":"2014-04-11T08:06:16","guid":{"rendered":"http:\/\/musgerbil.dk\/?page_id=1189"},"modified":"2022-02-17T23:49:07","modified_gmt":"2022-02-17T22:49:07","slug":"reverse-siamese-mus","status":"publish","type":"page","link":"https:\/\/musgerbil.dk\/?page_id=1189","title":{"rendered":"Reverse Siamese &#8211; Mus"},"content":{"rendered":"<p><strong>Reverse Siamese<\/strong><\/p>\n<p><strong>Genetik<\/strong>: aa c(e)c(e) + modifiers<br \/>\nOfte er reverse siamese baseret p\u00e5 Beige med fokus p\u00e5 hvide points p\u00e5 n\u00e6se, poter og ved halerod.<br \/>\n<strong>Grundfarve<\/strong>: lys gr\u00e5brun nuance over hele kroppen med hvide\/lyse points p\u00e5 n\u00e6se, f\u00f8dder, \u00f8rer og ved halerod.<br \/>\n<strong>Hale<\/strong>: Hvid \/ Lys hudfarve<br \/>\n<strong>F\u00f8dder<\/strong>: Hvide<br \/>\n<strong>\u00d8jne<\/strong>: Sorte<br \/>\n<strong>\u00d8rer<\/strong>: Lys hudfarve<br \/>\n<strong>Almindelige fejl<\/strong>: for lys eller uj\u00e6vn farve. Manglende points.<\/p>\n<p><strong>Udstillingsklasse<\/strong>: K\u00e6ledyr (er endnu ikke godkendt i Sj\u00e6lden Variant eller Standard)<\/p>\nngg_shortcode_0_placeholder\n","protected":false},"excerpt":{"rendered":"<p>Reverse Siamese Genetik: aa c(e)c(e) + modifiers Ofte er reverse siamese baseret p\u00e5 Beige med fokus p\u00e5 hvide points p\u00e5 n\u00e6se, poter og ved halerod. Grundfarve: lys gr\u00e5brun nuance over [&hellip;]<\/p>\n","protected":false},"author":1,"featured_media":0,"parent":150,"menu_order":0,"comment_status":"closed","ping_status":"closed","template":"","meta":{"site-sidebar-layout":"default","site-content-layout":"","ast-site-content-layout":"","site-content-style":"default","site-sidebar-style":"default","ast-global-header-display":"","ast-banner-title-visibility":"","ast-main-header-display":"","ast-hfb-above-header-display":"","ast-hfb-below-header-display":"","ast-hfb-mobile-header-display":"","site-post-title":"","ast-breadcrumbs-content":"","ast-featured-img":"","footer-sml-layout":"","theme-transparent-header-meta":"","adv-header-id-meta":"","stick-header-meta":"","header-above-stick-meta":"","header-main-stick-meta":"","header-below-stick-meta":"","astra-migrate-meta-layouts":"default","ast-page-background-enabled":"default","ast-page-background-meta":{"desktop":{"background-color":"var(--ast-global-color-4)","background-image":"","background-repeat":"repeat","background-position":"center center","background-size":"auto","background-attachment":"scroll","background-type":"","background-media":"","overlay-type":"","overlay-color":"","overlay-opacity":"","overlay-gradient":""},"tablet":{"background-color":"","background-image":"","background-repeat":"repeat","background-position":"center center","background-size":"auto","background-attachment":"scroll","background-type":"","background-media":"","overlay-type":"","overlay-color":"","overlay-opacity":"","overlay-gradient":""},"mobile":{"background-color":"","background-image":"","background-repeat":"repeat","background-position":"center center","background-size":"auto","background-attachment":"scroll","background-type":"","background-media":"","overlay-type":"","overlay-color":"","overlay-opacity":"","overlay-gradient":""}},"ast-content-background-meta":{"desktop":{"background-color":"var(--ast-global-color-5)","background-image":"","background-repeat":"repeat","background-position":"center center","background-size":"auto","background-attachment":"scroll","background-type":"","background-media":"","overlay-type":"","overlay-color":"","overlay-opacity":"","overlay-gradient":""},"tablet":{"background-color":"var(--ast-global-color-5)","background-image":"","background-repeat":"repeat","background-position":"center center","background-size":"auto","background-attachment":"scroll","background-type":"","background-media":"","overlay-type":"","overlay-color":"","overlay-opacity":"","overlay-gradient":""},"mobile":{"background-color":"var(--ast-global-color-5)","background-image":"","background-repeat":"repeat","background-position":"center center","background-size":"auto","background-attachment":"scroll","background-type":"","background-media":"","overlay-type":"","overlay-color":"","overlay-opacity":"","overlay-gradient":""}},"ngg_post_thumbnail":0,"footnotes":""},"class_list":["post-1189","page","type-page","status-publish","hentry"],"_links":{"self":[{"href":"https:\/\/musgerbil.dk\/index.php?rest_route=\/wp\/v2\/pages\/1189"}],"collection":[{"href":"https:\/\/musgerbil.dk\/index.php?rest_route=\/wp\/v2\/pages"}],"about":[{"href":"https:\/\/musgerbil.dk\/index.php?rest_route=\/wp\/v2\/types\/page"}],"author":[{"embeddable":true,"href":"https:\/\/musgerbil.dk\/index.php?rest_route=\/wp\/v2\/users\/1"}],"replies":[{"embeddable":true,"href":"https:\/\/musgerbil.dk\/index.php?rest_route=%2Fwp%2Fv2%2Fcomments&post=1189"}],"version-history":[{"count":7,"href":"https:\/\/musgerbil.dk\/index.php?rest_route=\/wp\/v2\/pages\/1189\/revisions"}],"predecessor-version":[{"id":9735,"href":"https:\/\/musgerbil.dk\/index.php?rest_route=\/wp\/v2\/pages\/1189\/revisions\/9735"}],"up":[{"embeddable":true,"href":"https:\/\/musgerbil.dk\/index.php?rest_route=\/wp\/v2\/pages\/150"}],"wp:attachment":[{"href":"https:\/\/musgerbil.dk\/index.php?rest_route=%2Fwp%2Fv2%2Fmedia&parent=1189"}],"curies":[{"name":"wp","href":"https:\/\/api.w.org\/{rel}","templated":true}]}}