{"id":1153,"date":"2014-04-11T07:26:26","date_gmt":"2014-04-11T07:26:26","guid":{"rendered":"http:\/\/musgerbil.dk\/?page_id=1153"},"modified":"2022-02-17T23:49:07","modified_gmt":"2022-02-17T22:49:07","slug":"varigated-mus","status":"publish","type":"page","link":"https:\/\/musgerbil.dk\/?page_id=1153","title":{"rendered":"Variegated &#8211; Mus"},"content":{"rendered":"<p><strong>Genetik: <\/strong>Ww<br \/>\n<strong>Farve:<\/strong> F\u00f8lger standarden for farven<br \/>\n<strong>Aftegning:<\/strong> En hvilken som helst standart farve, fordelt j\u00e6vnt over hele musens krop og mave. Farven skal syne som stikh\u00e5r over hele kroppen, s\u00e5 j\u00e6vnt fordelt som muligt, og uden faste pletter med skarpe aftegninger. Der m\u00e5 gerne v\u00e6re mere samlede pletter, hvor farven er tydeligere, men de skal fremst\u00e5 difuse og uklare, og skal v\u00e6re s\u00e5 sm\u00e5 som muligt, og igen, j\u00e6vnt fordelt p\u00e5 kroppen.<br \/>\n<strong> Hale: <\/strong>Ensfarvet som musens grundfarve. \/lys<br \/>\n<strong> F\u00f8dder:<\/strong> Hvide. M\u00e5 gerne v\u00e6re let sp\u00e6ttet af farvede stikh\u00e5r.<br \/>\n<strong> \u00d8jne og \u00f8rer: <\/strong>\u00d8jne som farvens standard. Sp\u00e6ttede \u00f8rer er \u00f8nskv\u00e6rdigt, egnsfarvede som farvens standart er ogs\u00e5 ok.<br \/>\n<strong> Almindelige fejl: <\/strong>For solide pletter, oftest omkring \u00f8rer og \u00f8jne, men ogs\u00e5 p\u00e5 resten af kroppe. I det hele taget er for tydelige farvede pletter u\u00f8nsket.<\/p>\n<p><strong>Udstillingsvariant: <\/strong>Sj\u00e6lden Variant<em>&nbsp;<\/em><\/p>\n","protected":false},"excerpt":{"rendered":"<p>Genetik: Ww Farve: F\u00f8lger standarden for farven Aftegning: En hvilken som helst standart farve, fordelt j\u00e6vnt over hele musens krop og mave. Farven skal syne som stikh\u00e5r over hele kroppen, [&hellip;]<\/p>\n","protected":false},"author":1,"featured_media":0,"parent":150,"menu_order":0,"comment_status":"closed","ping_status":"closed","template":"","meta":{"site-sidebar-layout":"default","site-content-layout":"","ast-site-content-layout":"","site-content-style":"default","site-sidebar-style":"default","ast-global-header-display":"","ast-banner-title-visibility":"","ast-main-header-display":"","ast-hfb-above-header-display":"","ast-hfb-below-header-display":"","ast-hfb-mobile-header-display":"","site-post-title":"","ast-breadcrumbs-content":"","ast-featured-img":"","footer-sml-layout":"","theme-transparent-header-meta":"","adv-header-id-meta":"","stick-header-meta":"","header-above-stick-meta":"","header-main-stick-meta":"","header-below-stick-meta":"","astra-migrate-meta-layouts":"default","ast-page-background-enabled":"default","ast-page-background-meta":{"desktop":{"background-color":"var(--ast-global-color-4)","background-image":"","background-repeat":"repeat","background-position":"center center","background-size":"auto","background-attachment":"scroll","background-type":"","background-media":"","overlay-type":"","overlay-color":"","overlay-opacity":"","overlay-gradient":""},"tablet":{"background-color":"","background-image":"","background-repeat":"repeat","background-position":"center center","background-size":"auto","background-attachment":"scroll","background-type":"","background-media":"","overlay-type":"","overlay-color":"","overlay-opacity":"","overlay-gradient":""},"mobile":{"background-color":"","background-image":"","background-repeat":"repeat","background-position":"center center","background-size":"auto","background-attachment":"scroll","background-type":"","background-media":"","overlay-type":"","overlay-color":"","overlay-opacity":"","overlay-gradient":""}},"ast-content-background-meta":{"desktop":{"background-color":"var(--ast-global-color-5)","background-image":"","background-repeat":"repeat","background-position":"center center","background-size":"auto","background-attachment":"scroll","background-type":"","background-media":"","overlay-type":"","overlay-color":"","overlay-opacity":"","overlay-gradient":""},"tablet":{"background-color":"var(--ast-global-color-5)","background-image":"","background-repeat":"repeat","background-position":"center center","background-size":"auto","background-attachment":"scroll","background-type":"","background-media":"","overlay-type":"","overlay-color":"","overlay-opacity":"","overlay-gradient":""},"mobile":{"background-color":"var(--ast-global-color-5)","background-image":"","background-repeat":"repeat","background-position":"center center","background-size":"auto","background-attachment":"scroll","background-type":"","background-media":"","overlay-type":"","overlay-color":"","overlay-opacity":"","overlay-gradient":""}},"ngg_post_thumbnail":0,"footnotes":""},"class_list":["post-1153","page","type-page","status-publish","hentry"],"_links":{"self":[{"href":"https:\/\/musgerbil.dk\/index.php?rest_route=\/wp\/v2\/pages\/1153"}],"collection":[{"href":"https:\/\/musgerbil.dk\/index.php?rest_route=\/wp\/v2\/pages"}],"about":[{"href":"https:\/\/musgerbil.dk\/index.php?rest_route=\/wp\/v2\/types\/page"}],"author":[{"embeddable":true,"href":"https:\/\/musgerbil.dk\/index.php?rest_route=\/wp\/v2\/users\/1"}],"replies":[{"embeddable":true,"href":"https:\/\/musgerbil.dk\/index.php?rest_route=%2Fwp%2Fv2%2Fcomments&post=1153"}],"version-history":[{"count":10,"href":"https:\/\/musgerbil.dk\/index.php?rest_route=\/wp\/v2\/pages\/1153\/revisions"}],"predecessor-version":[{"id":9674,"href":"https:\/\/musgerbil.dk\/index.php?rest_route=\/wp\/v2\/pages\/1153\/revisions\/9674"}],"up":[{"embeddable":true,"href":"https:\/\/musgerbil.dk\/index.php?rest_route=\/wp\/v2\/pages\/150"}],"wp:attachment":[{"href":"https:\/\/musgerbil.dk\/index.php?rest_route=%2Fwp%2Fv2%2Fmedia&parent=1153"}],"curies":[{"name":"wp","href":"https:\/\/api.w.org\/{rel}","templated":true}]}}