{"id":1151,"date":"2014-04-11T07:26:00","date_gmt":"2014-04-11T07:26:00","guid":{"rendered":"http:\/\/musgerbil.dk\/?page_id=1151"},"modified":"2022-02-17T23:49:07","modified_gmt":"2022-02-17T22:49:07","slug":"tricolor-mus","status":"publish","type":"page","link":"https:\/\/musgerbil.dk\/?page_id=1151","title":{"rendered":"Tricolour &#8211; Mus"},"content":{"rendered":"<p><strong>Genetik: <\/strong>ss Spl_<br \/>\n<strong>Aftegning:<\/strong> Musen skal have tre farver: hvid, som kommer af Piebald-genet; sort, som kommer af Splashed-genet; og den tredje farve, som kommer af den c-dilutede grundfarve. Fordelingen af de tre skal v\u00e6re s\u00e5 j\u00e6vn som muligt, og der skal v\u00e6re lige meget af hver.<br \/>\n<strong>Hale:<\/strong> Lys hudfarvet med lyse\/hvide h\u00e5r.<br \/>\n<strong>F\u00f8dder:<\/strong> Lys hudfarvede med hvide h\u00e5r.<br \/>\n<strong>\u00d8jne og \u00f8rer:<\/strong> \u00d8jnene afh\u00e6nger af grundfarven, \u00f8rerne lyse hudfarvede.<br \/>\n<strong>Almindelige fejl: <\/strong>Splashing i grundfarven eller i det hvide. Hvide h\u00e5r i grundfarven eller i det sorte.<\/p>\n<p><strong>S\u00e6rligt<\/strong>: Hvis grundfarven er standardiseret i Standard eller Sj\u00e6lden variant, skal denne f\u00f8lge sin standard. Ikke-standardiserede grundfarver d\u00f8mmes ud fra den genetiske sammens\u00e6tning.<\/p>\n<p><strong>Andre mulige genkoder for tricolour:<\/strong><br \/>\n&#8211; Va (varitint waddler)<br \/>\n&#8211; A(y)a(t) ss (Sable&nbsp;m. recessive hvid spotting)<br \/>\n&#8211; p(un) ss pink-\u00f8jet ustabil)<br \/>\n&#8211; c(m)c(m) ss el. c(m)c(ch) ss (chinchilla mottled)<br \/>\n&#8211; p<sup>m1\/2<\/sup>p ss (pink-eyed Mottled)<\/p>\n<p><strong>Udstillingsvariant:<\/strong> Sj\u00e6lden Variant uanset grundfarve, s\u00e5fremt musens pelstype er sj\u00e6lden variant eller standard.<br \/>\nEr grundfarven ukendt, skal musen udstilles i K\u00e6ledyr.<\/p>\nngg_shortcode_0_placeholder\n","protected":false},"excerpt":{"rendered":"<p>Genetik: ss Spl_ Aftegning: Musen skal have tre farver: hvid, som kommer af Piebald-genet; sort, som kommer af Splashed-genet; og den tredje farve, som kommer af den c-dilutede grundfarve. Fordelingen [&hellip;]<\/p>\n","protected":false},"author":1,"featured_media":0,"parent":150,"menu_order":0,"comment_status":"closed","ping_status":"closed","template":"","meta":{"site-sidebar-layout":"default","site-content-layout":"","ast-site-content-layout":"","site-content-style":"default","site-sidebar-style":"default","ast-global-header-display":"","ast-banner-title-visibility":"","ast-main-header-display":"","ast-hfb-above-header-display":"","ast-hfb-below-header-display":"","ast-hfb-mobile-header-display":"","site-post-title":"","ast-breadcrumbs-content":"","ast-featured-img":"","footer-sml-layout":"","theme-transparent-header-meta":"","adv-header-id-meta":"","stick-header-meta":"","header-above-stick-meta":"","header-main-stick-meta":"","header-below-stick-meta":"","astra-migrate-meta-layouts":"default","ast-page-background-enabled":"default","ast-page-background-meta":{"desktop":{"background-color":"var(--ast-global-color-4)","background-image":"","background-repeat":"repeat","background-position":"center center","background-size":"auto","background-attachment":"scroll","background-type":"","background-media":"","overlay-type":"","overlay-color":"","overlay-opacity":"","overlay-gradient":""},"tablet":{"background-color":"","background-image":"","background-repeat":"repeat","background-position":"center center","background-size":"auto","background-attachment":"scroll","background-type":"","background-media":"","overlay-type":"","overlay-color":"","overlay-opacity":"","overlay-gradient":""},"mobile":{"background-color":"","background-image":"","background-repeat":"repeat","background-position":"center center","background-size":"auto","background-attachment":"scroll","background-type":"","background-media":"","overlay-type":"","overlay-color":"","overlay-opacity":"","overlay-gradient":""}},"ast-content-background-meta":{"desktop":{"background-color":"var(--ast-global-color-5)","background-image":"","background-repeat":"repeat","background-position":"center center","background-size":"auto","background-attachment":"scroll","background-type":"","background-media":"","overlay-type":"","overlay-color":"","overlay-opacity":"","overlay-gradient":""},"tablet":{"background-color":"var(--ast-global-color-5)","background-image":"","background-repeat":"repeat","background-position":"center center","background-size":"auto","background-attachment":"scroll","background-type":"","background-media":"","overlay-type":"","overlay-color":"","overlay-opacity":"","overlay-gradient":""},"mobile":{"background-color":"var(--ast-global-color-5)","background-image":"","background-repeat":"repeat","background-position":"center center","background-size":"auto","background-attachment":"scroll","background-type":"","background-media":"","overlay-type":"","overlay-color":"","overlay-opacity":"","overlay-gradient":""}},"ngg_post_thumbnail":0,"footnotes":""},"class_list":["post-1151","page","type-page","status-publish","hentry"],"_links":{"self":[{"href":"https:\/\/musgerbil.dk\/index.php?rest_route=\/wp\/v2\/pages\/1151"}],"collection":[{"href":"https:\/\/musgerbil.dk\/index.php?rest_route=\/wp\/v2\/pages"}],"about":[{"href":"https:\/\/musgerbil.dk\/index.php?rest_route=\/wp\/v2\/types\/page"}],"author":[{"embeddable":true,"href":"https:\/\/musgerbil.dk\/index.php?rest_route=\/wp\/v2\/users\/1"}],"replies":[{"embeddable":true,"href":"https:\/\/musgerbil.dk\/index.php?rest_route=%2Fwp%2Fv2%2Fcomments&post=1151"}],"version-history":[{"count":13,"href":"https:\/\/musgerbil.dk\/index.php?rest_route=\/wp\/v2\/pages\/1151\/revisions"}],"predecessor-version":[{"id":9651,"href":"https:\/\/musgerbil.dk\/index.php?rest_route=\/wp\/v2\/pages\/1151\/revisions\/9651"}],"up":[{"embeddable":true,"href":"https:\/\/musgerbil.dk\/index.php?rest_route=\/wp\/v2\/pages\/150"}],"wp:attachment":[{"href":"https:\/\/musgerbil.dk\/index.php?rest_route=%2Fwp%2Fv2%2Fmedia&parent=1151"}],"curies":[{"name":"wp","href":"https:\/\/api.w.org\/{rel}","templated":true}]}}