{"id":1145,"date":"2014-04-11T07:24:34","date_gmt":"2014-04-11T07:24:34","guid":{"rendered":"http:\/\/musgerbil.dk\/?page_id=1145"},"modified":"2022-02-17T23:49:07","modified_gmt":"2022-02-17T22:49:07","slug":"dutch-mus","status":"publish","type":"page","link":"https:\/\/musgerbil.dk\/?page_id=1145","title":{"rendered":"Dutch &#8211; Mus"},"content":{"rendered":"<p><strong>Genetik: <\/strong>ss (evt. med modifiers)<br \/>\n<strong> Farve: <\/strong>F\u00f8lger standarden for farven.<br \/>\n<strong> Aftegning:<\/strong> Den s\u00e5kaldte sadelmarkering skal d\u00e6kke hele den bagerste del af musen, og ideelt f\u00f8rst stoppe halvvejs oppe af ryggen. Den skal slutte i en lige linje hele vejen, b\u00e5de p\u00e5 ryg og mave.&nbsp; Omkring hvert \u00f8je og \u00f8re, skal v\u00e6re en oval markering der d\u00e6kker begge, uden at ramme knurh\u00e5r eller g\u00e5 ned under k\u00e6belinjen. Imellem de to markeringer skal v\u00e6re en symmetrisk, hvid blis.<br \/>\n<strong> Hale:<\/strong> Fra halerod til midt p\u00e5 halen, skal farven f\u00f8lge standarden for grundfarven. Resten af halen skal v\u00e6re lys hudfarvet med hvide h\u00e5r.<br \/>\n<strong> F\u00f8dder:<\/strong> Fra ben til midt p\u00e5 foden, skal farven f\u00f8lge standarden for grundfarven. Resten af foden er lys hudfarvet med hvide h\u00e5r og kl\u00f8r.<br \/>\n<strong> \u00d8jne og \u00f8rer:<\/strong> F\u00f8lger standarden for farven.<br \/>\n<strong> Almindelige fejl:&nbsp; <\/strong>Uj\u00e6vne eller forkert placerede markeringer. Farve p\u00e5 hele halen og f\u00f8dderne.<\/p>\n<p><strong>Udstillingsvariant:<\/strong> Sj\u00e6lden Variant<\/p>\nngg_shortcode_0_placeholder\n","protected":false},"excerpt":{"rendered":"<p>Genetik: ss (evt. med modifiers) Farve: F\u00f8lger standarden for farven. Aftegning: Den s\u00e5kaldte sadelmarkering skal d\u00e6kke hele den bagerste del af musen, og ideelt f\u00f8rst stoppe halvvejs oppe af ryggen. [&hellip;]<\/p>\n","protected":false},"author":1,"featured_media":0,"parent":150,"menu_order":0,"comment_status":"closed","ping_status":"closed","template":"","meta":{"site-sidebar-layout":"default","site-content-layout":"","ast-site-content-layout":"","site-content-style":"default","site-sidebar-style":"default","ast-global-header-display":"","ast-banner-title-visibility":"","ast-main-header-display":"","ast-hfb-above-header-display":"","ast-hfb-below-header-display":"","ast-hfb-mobile-header-display":"","site-post-title":"","ast-breadcrumbs-content":"","ast-featured-img":"","footer-sml-layout":"","theme-transparent-header-meta":"","adv-header-id-meta":"","stick-header-meta":"","header-above-stick-meta":"","header-main-stick-meta":"","header-below-stick-meta":"","astra-migrate-meta-layouts":"default","ast-page-background-enabled":"default","ast-page-background-meta":{"desktop":{"background-color":"var(--ast-global-color-4)","background-image":"","background-repeat":"repeat","background-position":"center center","background-size":"auto","background-attachment":"scroll","background-type":"","background-media":"","overlay-type":"","overlay-color":"","overlay-opacity":"","overlay-gradient":""},"tablet":{"background-color":"","background-image":"","background-repeat":"repeat","background-position":"center center","background-size":"auto","background-attachment":"scroll","background-type":"","background-media":"","overlay-type":"","overlay-color":"","overlay-opacity":"","overlay-gradient":""},"mobile":{"background-color":"","background-image":"","background-repeat":"repeat","background-position":"center center","background-size":"auto","background-attachment":"scroll","background-type":"","background-media":"","overlay-type":"","overlay-color":"","overlay-opacity":"","overlay-gradient":""}},"ast-content-background-meta":{"desktop":{"background-color":"var(--ast-global-color-5)","background-image":"","background-repeat":"repeat","background-position":"center center","background-size":"auto","background-attachment":"scroll","background-type":"","background-media":"","overlay-type":"","overlay-color":"","overlay-opacity":"","overlay-gradient":""},"tablet":{"background-color":"var(--ast-global-color-5)","background-image":"","background-repeat":"repeat","background-position":"center center","background-size":"auto","background-attachment":"scroll","background-type":"","background-media":"","overlay-type":"","overlay-color":"","overlay-opacity":"","overlay-gradient":""},"mobile":{"background-color":"var(--ast-global-color-5)","background-image":"","background-repeat":"repeat","background-position":"center center","background-size":"auto","background-attachment":"scroll","background-type":"","background-media":"","overlay-type":"","overlay-color":"","overlay-opacity":"","overlay-gradient":""}},"ngg_post_thumbnail":0,"footnotes":""},"class_list":["post-1145","page","type-page","status-publish","hentry"],"_links":{"self":[{"href":"https:\/\/musgerbil.dk\/index.php?rest_route=\/wp\/v2\/pages\/1145"}],"collection":[{"href":"https:\/\/musgerbil.dk\/index.php?rest_route=\/wp\/v2\/pages"}],"about":[{"href":"https:\/\/musgerbil.dk\/index.php?rest_route=\/wp\/v2\/types\/page"}],"author":[{"embeddable":true,"href":"https:\/\/musgerbil.dk\/index.php?rest_route=\/wp\/v2\/users\/1"}],"replies":[{"embeddable":true,"href":"https:\/\/musgerbil.dk\/index.php?rest_route=%2Fwp%2Fv2%2Fcomments&post=1145"}],"version-history":[{"count":10,"href":"https:\/\/musgerbil.dk\/index.php?rest_route=\/wp\/v2\/pages\/1145\/revisions"}],"predecessor-version":[{"id":9640,"href":"https:\/\/musgerbil.dk\/index.php?rest_route=\/wp\/v2\/pages\/1145\/revisions\/9640"}],"up":[{"embeddable":true,"href":"https:\/\/musgerbil.dk\/index.php?rest_route=\/wp\/v2\/pages\/150"}],"wp:attachment":[{"href":"https:\/\/musgerbil.dk\/index.php?rest_route=%2Fwp%2Fv2%2Fmedia&parent=1145"}],"curies":[{"name":"wp","href":"https:\/\/api.w.org\/{rel}","templated":true}]}}