{"id":1141,"date":"2014-04-11T07:23:48","date_gmt":"2014-04-11T07:23:48","guid":{"rendered":"http:\/\/musgerbil.dk\/?page_id=1141"},"modified":"2022-02-17T23:49:07","modified_gmt":"2022-02-17T22:49:07","slug":"broken-mus","status":"publish","type":"page","link":"https:\/\/musgerbil.dk\/?page_id=1141","title":{"rendered":"Broken &#8211; Mus"},"content":{"rendered":"<p>ss<br \/>\n<strong> Farve: <\/strong>F\u00f8lger standarden for farven.<br \/>\n<strong> Aftegning:<\/strong> Den idelle Broken skal have markering p\u00e5 den ene side af n\u00e6sen, og p\u00e5 det modsatte \u00f8re. Resten af markeringerne skal v\u00e6re irregul\u00e6rt fordelt &#8211; intet specificeret antal. Alle markeringer skal v\u00e6re af samme st\u00f8rrelse.<br \/>\n<strong> Hale:<\/strong> Hudfarvet med hvide h\u00e5r.<br \/>\n<strong> F\u00f8dder:<\/strong> Hvide, og med hudfarvede tr\u00e6depuder og kl\u00f8er.<br \/>\n<strong> \u00d8jne og \u00f8rer:<\/strong> \u00d8jne f\u00f8lger standarden for farven. \u00d8ret med markering skal f\u00f8le standarden for farven, \u00f8ret uden markering skal v\u00e6re hudfarvet.<br \/>\n<strong> Almindelige fejl:<\/strong> For meget markering i ansigtet og\/eller p\u00e5 bagenden af kroppen. Markering p\u00e5 f\u00f8dder og hale\/ved halerod. Hvide h\u00e5r i markeringerne.<\/p>\n<p><strong>Udstillingsvariant:<\/strong> Sj\u00e6lden Variant<\/p>\nngg_shortcode_0_placeholder\n<p><em>&nbsp;<\/em><\/p>\n","protected":false},"excerpt":{"rendered":"<p>ss Farve: F\u00f8lger standarden for farven. Aftegning: Den idelle Broken skal have markering p\u00e5 den ene side af n\u00e6sen, og p\u00e5 det modsatte \u00f8re. Resten af markeringerne skal v\u00e6re irregul\u00e6rt [&hellip;]<\/p>\n","protected":false},"author":1,"featured_media":0,"parent":150,"menu_order":0,"comment_status":"closed","ping_status":"closed","template":"","meta":{"site-sidebar-layout":"default","site-content-layout":"","ast-site-content-layout":"","site-content-style":"default","site-sidebar-style":"default","ast-global-header-display":"","ast-banner-title-visibility":"","ast-main-header-display":"","ast-hfb-above-header-display":"","ast-hfb-below-header-display":"","ast-hfb-mobile-header-display":"","site-post-title":"","ast-breadcrumbs-content":"","ast-featured-img":"","footer-sml-layout":"","theme-transparent-header-meta":"","adv-header-id-meta":"","stick-header-meta":"","header-above-stick-meta":"","header-main-stick-meta":"","header-below-stick-meta":"","astra-migrate-meta-layouts":"default","ast-page-background-enabled":"default","ast-page-background-meta":{"desktop":{"background-color":"var(--ast-global-color-4)","background-image":"","background-repeat":"repeat","background-position":"center center","background-size":"auto","background-attachment":"scroll","background-type":"","background-media":"","overlay-type":"","overlay-color":"","overlay-opacity":"","overlay-gradient":""},"tablet":{"background-color":"","background-image":"","background-repeat":"repeat","background-position":"center center","background-size":"auto","background-attachment":"scroll","background-type":"","background-media":"","overlay-type":"","overlay-color":"","overlay-opacity":"","overlay-gradient":""},"mobile":{"background-color":"","background-image":"","background-repeat":"repeat","background-position":"center center","background-size":"auto","background-attachment":"scroll","background-type":"","background-media":"","overlay-type":"","overlay-color":"","overlay-opacity":"","overlay-gradient":""}},"ast-content-background-meta":{"desktop":{"background-color":"var(--ast-global-color-5)","background-image":"","background-repeat":"repeat","background-position":"center center","background-size":"auto","background-attachment":"scroll","background-type":"","background-media":"","overlay-type":"","overlay-color":"","overlay-opacity":"","overlay-gradient":""},"tablet":{"background-color":"var(--ast-global-color-5)","background-image":"","background-repeat":"repeat","background-position":"center center","background-size":"auto","background-attachment":"scroll","background-type":"","background-media":"","overlay-type":"","overlay-color":"","overlay-opacity":"","overlay-gradient":""},"mobile":{"background-color":"var(--ast-global-color-5)","background-image":"","background-repeat":"repeat","background-position":"center center","background-size":"auto","background-attachment":"scroll","background-type":"","background-media":"","overlay-type":"","overlay-color":"","overlay-opacity":"","overlay-gradient":""}},"ngg_post_thumbnail":0,"footnotes":""},"class_list":["post-1141","page","type-page","status-publish","hentry"],"_links":{"self":[{"href":"https:\/\/musgerbil.dk\/index.php?rest_route=\/wp\/v2\/pages\/1141"}],"collection":[{"href":"https:\/\/musgerbil.dk\/index.php?rest_route=\/wp\/v2\/pages"}],"about":[{"href":"https:\/\/musgerbil.dk\/index.php?rest_route=\/wp\/v2\/types\/page"}],"author":[{"embeddable":true,"href":"https:\/\/musgerbil.dk\/index.php?rest_route=\/wp\/v2\/users\/1"}],"replies":[{"embeddable":true,"href":"https:\/\/musgerbil.dk\/index.php?rest_route=%2Fwp%2Fv2%2Fcomments&post=1141"}],"version-history":[{"count":14,"href":"https:\/\/musgerbil.dk\/index.php?rest_route=\/wp\/v2\/pages\/1141\/revisions"}],"predecessor-version":[{"id":9639,"href":"https:\/\/musgerbil.dk\/index.php?rest_route=\/wp\/v2\/pages\/1141\/revisions\/9639"}],"up":[{"embeddable":true,"href":"https:\/\/musgerbil.dk\/index.php?rest_route=\/wp\/v2\/pages\/150"}],"wp:attachment":[{"href":"https:\/\/musgerbil.dk\/index.php?rest_route=%2Fwp%2Fv2%2Fmedia&parent=1141"}],"curies":[{"name":"wp","href":"https:\/\/api.w.org\/{rel}","templated":true}]}}