{"id":1139,"date":"2014-04-11T07:23:27","date_gmt":"2014-04-11T07:23:27","guid":{"rendered":"http:\/\/musgerbil.dk\/?page_id=1139"},"modified":"2022-02-17T23:49:07","modified_gmt":"2022-02-17T22:49:07","slug":"brindle-mus","status":"publish","type":"page","link":"https:\/\/musgerbil.dk\/?page_id=1139","title":{"rendered":"Brindle &#8211; Mus"},"content":{"rendered":"<p><span style=\"text-decoration: underline\"><strong>Standard mangler &#8211; Forel\u00f8big beskrivelse<br \/>\n<\/strong><\/span><\/p>\n<p><strong>Genetik: <\/strong>Mo(br)_ &#8211; K\u00f8nsbundet til X kromosomet, kun hunner er levedygtige.<br \/>\n<strong> Farve: <\/strong>F\u00f8lger standarden for farven<br \/>\n<strong> Aftegning<\/strong>: J\u00e6vnt fordelte striber over hele kroppen samt hoved, mave og ben. Striberne skal fremst\u00e5 som v\u00e6rende fortyndet og lysere end grundfarven.<br \/>\n<strong> Hale: <\/strong>Grundfarve<br \/>\n<strong> F\u00f8dder:<\/strong> Grundfarve<br \/>\n<strong> \u00d8jne: <\/strong>Pink eyed eller Dark eyed afh\u00e6ngig af grundfarven.<br \/>\n<strong>\u00d8rer:<\/strong> Afh\u00e6nger af grundfarve<br \/>\n<strong> Almindelige fejl:<\/strong> Uj\u00e6vnt fordelte stribers og for lidt striber. Manglende striber under maven.<strong><br \/>\n<\/strong><\/p>\n<p><span style=\"text-decoration: underline\"><strong>V\u00e6r s\u00e6rlig opm\u00e6rksom p\u00e5<\/strong><\/span>: Mo(br)_ &#8211; K\u00f8nsbundet til X kromosomet, kun hunner er levedygtig. Brindle hanner d\u00f8r inden afv\u00e6nning af manglende evne til at optage kobber.<\/p>\n<p>L\u00e6s om opdr\u00e6t af europ\u00e6isk brindle &#8211; <a href=\"https:\/\/musgerbil.dk\/?p=8248\">Her<\/a><\/p>\n<p><strong>Udstillingsklasse<\/strong>: K\u00e6ledyr (er endnu ikke godkendt i Sj\u00e6lden Variant eller Standard)<\/p>\nngg_shortcode_0_placeholder\n","protected":false},"excerpt":{"rendered":"<p>Standard mangler &#8211; Forel\u00f8big beskrivelse Genetik: Mo(br)_ &#8211; K\u00f8nsbundet til X kromosomet, kun hunner er levedygtige. Farve: F\u00f8lger standarden for farven Aftegning: J\u00e6vnt fordelte striber over hele kroppen samt hoved, [&hellip;]<\/p>\n","protected":false},"author":1,"featured_media":0,"parent":150,"menu_order":0,"comment_status":"closed","ping_status":"closed","template":"","meta":{"site-sidebar-layout":"default","site-content-layout":"","ast-site-content-layout":"","site-content-style":"default","site-sidebar-style":"default","ast-global-header-display":"","ast-banner-title-visibility":"","ast-main-header-display":"","ast-hfb-above-header-display":"","ast-hfb-below-header-display":"","ast-hfb-mobile-header-display":"","site-post-title":"","ast-breadcrumbs-content":"","ast-featured-img":"","footer-sml-layout":"","theme-transparent-header-meta":"","adv-header-id-meta":"","stick-header-meta":"","header-above-stick-meta":"","header-main-stick-meta":"","header-below-stick-meta":"","astra-migrate-meta-layouts":"default","ast-page-background-enabled":"default","ast-page-background-meta":{"desktop":{"background-color":"var(--ast-global-color-4)","background-image":"","background-repeat":"repeat","background-position":"center center","background-size":"auto","background-attachment":"scroll","background-type":"","background-media":"","overlay-type":"","overlay-color":"","overlay-opacity":"","overlay-gradient":""},"tablet":{"background-color":"","background-image":"","background-repeat":"repeat","background-position":"center center","background-size":"auto","background-attachment":"scroll","background-type":"","background-media":"","overlay-type":"","overlay-color":"","overlay-opacity":"","overlay-gradient":""},"mobile":{"background-color":"","background-image":"","background-repeat":"repeat","background-position":"center center","background-size":"auto","background-attachment":"scroll","background-type":"","background-media":"","overlay-type":"","overlay-color":"","overlay-opacity":"","overlay-gradient":""}},"ast-content-background-meta":{"desktop":{"background-color":"var(--ast-global-color-5)","background-image":"","background-repeat":"repeat","background-position":"center center","background-size":"auto","background-attachment":"scroll","background-type":"","background-media":"","overlay-type":"","overlay-color":"","overlay-opacity":"","overlay-gradient":""},"tablet":{"background-color":"var(--ast-global-color-5)","background-image":"","background-repeat":"repeat","background-position":"center center","background-size":"auto","background-attachment":"scroll","background-type":"","background-media":"","overlay-type":"","overlay-color":"","overlay-opacity":"","overlay-gradient":""},"mobile":{"background-color":"var(--ast-global-color-5)","background-image":"","background-repeat":"repeat","background-position":"center center","background-size":"auto","background-attachment":"scroll","background-type":"","background-media":"","overlay-type":"","overlay-color":"","overlay-opacity":"","overlay-gradient":""}},"ngg_post_thumbnail":0,"footnotes":""},"class_list":["post-1139","page","type-page","status-publish","hentry"],"_links":{"self":[{"href":"https:\/\/musgerbil.dk\/index.php?rest_route=\/wp\/v2\/pages\/1139"}],"collection":[{"href":"https:\/\/musgerbil.dk\/index.php?rest_route=\/wp\/v2\/pages"}],"about":[{"href":"https:\/\/musgerbil.dk\/index.php?rest_route=\/wp\/v2\/types\/page"}],"author":[{"embeddable":true,"href":"https:\/\/musgerbil.dk\/index.php?rest_route=\/wp\/v2\/users\/1"}],"replies":[{"embeddable":true,"href":"https:\/\/musgerbil.dk\/index.php?rest_route=%2Fwp%2Fv2%2Fcomments&post=1139"}],"version-history":[{"count":18,"href":"https:\/\/musgerbil.dk\/index.php?rest_route=\/wp\/v2\/pages\/1139\/revisions"}],"predecessor-version":[{"id":10977,"href":"https:\/\/musgerbil.dk\/index.php?rest_route=\/wp\/v2\/pages\/1139\/revisions\/10977"}],"up":[{"embeddable":true,"href":"https:\/\/musgerbil.dk\/index.php?rest_route=\/wp\/v2\/pages\/150"}],"wp:attachment":[{"href":"https:\/\/musgerbil.dk\/index.php?rest_route=%2Fwp%2Fv2%2Fmedia&parent=1139"}],"curies":[{"name":"wp","href":"https:\/\/api.w.org\/{rel}","templated":true}]}}