{"id":1137,"date":"2014-04-11T07:23:05","date_gmt":"2014-04-11T07:23:05","guid":{"rendered":"http:\/\/musgerbil.dk\/?page_id=1137"},"modified":"2022-02-17T23:49:07","modified_gmt":"2022-02-17T22:49:07","slug":"blazed-mus","status":"publish","type":"page","link":"https:\/\/musgerbil.dk\/?page_id=1137","title":{"rendered":"Blazed &#8211; Mus"},"content":{"rendered":"<p><strong>Genetik: <\/strong>ss + W_&nbsp; eller ss + modifiers<br \/>\n<strong> Farve: <\/strong>F\u00f8lger standarden for farven<br \/>\n<strong> Aftegning:<\/strong> Symmetrisk hvid aftegning i ansigtet, som d\u00e6kker knurh\u00e5rspuderne men ikke \u00f8jnene. Aftegning skal helst slutte mellem \u00f8jnene og ikke g\u00e5 l\u00e6ngere op. Optimalt vil undersiden af musen v\u00e6re hvid.<br \/>\n<strong> Hale:<\/strong> Fra halerod til midt p\u00e5 halen, skal farven f\u00f8lge standarden for grundfarven. Resten af halen skal v\u00e6re lys hudfarvet med hvide h\u00e5r.<br \/>\n<strong> F\u00f8dder:<\/strong> Forbenene er hvide. F\u00f8dderne p\u00e5 bagbenene er hvide.<br \/>\n<strong> \u00d8jne og \u00f8rer:<\/strong> F\u00f8lger standarden for farven<br \/>\n<strong> Almindelige fejl: <\/strong>For lille\/stor blaze, asymmetrisk blaze, manglende hvid underside, hvide aftegninger andre steder p\u00e5 kroppen.<strong><br \/>\n<\/strong><\/p>\n<p><strong>Udstillingsklasse<\/strong>: K\u00e6ledyr (er endnu ikke godkendt i Sj\u00e6lden Variant eller Standard)<\/p>\nngg_shortcode_0_placeholder\n","protected":false},"excerpt":{"rendered":"<p>Genetik: ss + W_&nbsp; eller ss + modifiers Farve: F\u00f8lger standarden for farven Aftegning: Symmetrisk hvid aftegning i ansigtet, som d\u00e6kker knurh\u00e5rspuderne men ikke \u00f8jnene. Aftegning skal helst slutte mellem [&hellip;]<\/p>\n","protected":false},"author":1,"featured_media":0,"parent":150,"menu_order":0,"comment_status":"closed","ping_status":"closed","template":"","meta":{"site-sidebar-layout":"default","site-content-layout":"","ast-site-content-layout":"","site-content-style":"default","site-sidebar-style":"default","ast-global-header-display":"","ast-banner-title-visibility":"","ast-main-header-display":"","ast-hfb-above-header-display":"","ast-hfb-below-header-display":"","ast-hfb-mobile-header-display":"","site-post-title":"","ast-breadcrumbs-content":"","ast-featured-img":"","footer-sml-layout":"","theme-transparent-header-meta":"","adv-header-id-meta":"","stick-header-meta":"","header-above-stick-meta":"","header-main-stick-meta":"","header-below-stick-meta":"","astra-migrate-meta-layouts":"default","ast-page-background-enabled":"default","ast-page-background-meta":{"desktop":{"background-color":"var(--ast-global-color-4)","background-image":"","background-repeat":"repeat","background-position":"center center","background-size":"auto","background-attachment":"scroll","background-type":"","background-media":"","overlay-type":"","overlay-color":"","overlay-opacity":"","overlay-gradient":""},"tablet":{"background-color":"","background-image":"","background-repeat":"repeat","background-position":"center center","background-size":"auto","background-attachment":"scroll","background-type":"","background-media":"","overlay-type":"","overlay-color":"","overlay-opacity":"","overlay-gradient":""},"mobile":{"background-color":"","background-image":"","background-repeat":"repeat","background-position":"center center","background-size":"auto","background-attachment":"scroll","background-type":"","background-media":"","overlay-type":"","overlay-color":"","overlay-opacity":"","overlay-gradient":""}},"ast-content-background-meta":{"desktop":{"background-color":"var(--ast-global-color-5)","background-image":"","background-repeat":"repeat","background-position":"center center","background-size":"auto","background-attachment":"scroll","background-type":"","background-media":"","overlay-type":"","overlay-color":"","overlay-opacity":"","overlay-gradient":""},"tablet":{"background-color":"var(--ast-global-color-5)","background-image":"","background-repeat":"repeat","background-position":"center center","background-size":"auto","background-attachment":"scroll","background-type":"","background-media":"","overlay-type":"","overlay-color":"","overlay-opacity":"","overlay-gradient":""},"mobile":{"background-color":"var(--ast-global-color-5)","background-image":"","background-repeat":"repeat","background-position":"center center","background-size":"auto","background-attachment":"scroll","background-type":"","background-media":"","overlay-type":"","overlay-color":"","overlay-opacity":"","overlay-gradient":""}},"ngg_post_thumbnail":0,"footnotes":""},"class_list":["post-1137","page","type-page","status-publish","hentry"],"_links":{"self":[{"href":"https:\/\/musgerbil.dk\/index.php?rest_route=\/wp\/v2\/pages\/1137"}],"collection":[{"href":"https:\/\/musgerbil.dk\/index.php?rest_route=\/wp\/v2\/pages"}],"about":[{"href":"https:\/\/musgerbil.dk\/index.php?rest_route=\/wp\/v2\/types\/page"}],"author":[{"embeddable":true,"href":"https:\/\/musgerbil.dk\/index.php?rest_route=\/wp\/v2\/users\/1"}],"replies":[{"embeddable":true,"href":"https:\/\/musgerbil.dk\/index.php?rest_route=%2Fwp%2Fv2%2Fcomments&post=1137"}],"version-history":[{"count":13,"href":"https:\/\/musgerbil.dk\/index.php?rest_route=\/wp\/v2\/pages\/1137\/revisions"}],"predecessor-version":[{"id":10017,"href":"https:\/\/musgerbil.dk\/index.php?rest_route=\/wp\/v2\/pages\/1137\/revisions\/10017"}],"up":[{"embeddable":true,"href":"https:\/\/musgerbil.dk\/index.php?rest_route=\/wp\/v2\/pages\/150"}],"wp:attachment":[{"href":"https:\/\/musgerbil.dk\/index.php?rest_route=%2Fwp%2Fv2%2Fmedia&parent=1137"}],"curies":[{"name":"wp","href":"https:\/\/api.w.org\/{rel}","templated":true}]}}