{"id":1127,"date":"2014-04-11T07:21:00","date_gmt":"2014-04-11T07:21:00","guid":{"rendered":"http:\/\/musgerbil.dk\/?page_id=1127"},"modified":"2022-02-17T23:49:07","modified_gmt":"2022-02-17T22:49:07","slug":"fox-mus","status":"publish","type":"page","link":"https:\/\/musgerbil.dk\/?page_id=1127","title":{"rendered":"Fox &#8211; Mus"},"content":{"rendered":"<p><strong>Genetik agouti\/ticked Fox<\/strong>: Aa(t) c(_)c(_)&nbsp;<br \/>\n<strong>Genetik<\/strong> <strong>self Fox: <\/strong>a(t)_ c(_)c(_)<br \/>\n<strong>Grundfarve<\/strong>: Som topfarvens standard.<br \/>\n<strong>Mave<\/strong>: En ren, klar hvid markering, som l\u00f8ber fra musens hage, ned over brystet, maven og indersiden af for- og bagben. Ydersiden af for- og bagben som topfarven. Moderat, hvid ticking langs flankerne.<br \/>\n<strong>Hale<\/strong>: Svarende til topfarvens standard<br \/>\n<strong>F\u00f8dder<\/strong>: Ren, klar hvid p\u00e5 indersiden, som topfarven p\u00e5 ydersiden. Kl\u00f8r og tr\u00e6depuder lyst hudfarvede p\u00e5 indersiden, svarende til topfarven p\u00e5 ydersiden.<br \/>\n<strong>\u00d8jne: Sorte<br \/>\n\u00d8rer<\/strong>: Som standardens grundfarve. Dog kan lysere \u00f8rer forekomme. Hvide h\u00e5r bag \u00f8rer er almindeligt forekommende, og kan accepteres i mindre omfang.<br \/>\n<strong>Almindelige fejl<\/strong>: Gullig\/tan tone i kanten af den hvide markering. Hvide h\u00e5r i topfarven og halerod. Helt hvide f\u00f8dder. Massiv forekomst af hvide h\u00e5r bag \u00f8rer. Sv\u00e6r hvid ticking langs flankerne.<\/p>\n<p><strong>Udstillingsvariant:<\/strong> Standard, Tan \/ Fox<\/p>\n<p>&nbsp;<\/p>\nngg_shortcode_0_placeholder\n","protected":false},"excerpt":{"rendered":"<p>Genetik agouti\/ticked Fox: Aa(t) c(_)c(_)&nbsp; Genetik self Fox: a(t)_ c(_)c(_) Grundfarve: Som topfarvens standard. Mave: En ren, klar hvid markering, som l\u00f8ber fra musens hage, ned over brystet, maven og [&hellip;]<\/p>\n","protected":false},"author":1,"featured_media":0,"parent":150,"menu_order":0,"comment_status":"closed","ping_status":"closed","template":"","meta":{"site-sidebar-layout":"default","site-content-layout":"","ast-site-content-layout":"","site-content-style":"default","site-sidebar-style":"default","ast-global-header-display":"","ast-banner-title-visibility":"","ast-main-header-display":"","ast-hfb-above-header-display":"","ast-hfb-below-header-display":"","ast-hfb-mobile-header-display":"","site-post-title":"","ast-breadcrumbs-content":"","ast-featured-img":"","footer-sml-layout":"","theme-transparent-header-meta":"","adv-header-id-meta":"","stick-header-meta":"","header-above-stick-meta":"","header-main-stick-meta":"","header-below-stick-meta":"","astra-migrate-meta-layouts":"default","ast-page-background-enabled":"default","ast-page-background-meta":{"desktop":{"background-color":"var(--ast-global-color-4)","background-image":"","background-repeat":"repeat","background-position":"center center","background-size":"auto","background-attachment":"scroll","background-type":"","background-media":"","overlay-type":"","overlay-color":"","overlay-opacity":"","overlay-gradient":""},"tablet":{"background-color":"","background-image":"","background-repeat":"repeat","background-position":"center center","background-size":"auto","background-attachment":"scroll","background-type":"","background-media":"","overlay-type":"","overlay-color":"","overlay-opacity":"","overlay-gradient":""},"mobile":{"background-color":"","background-image":"","background-repeat":"repeat","background-position":"center center","background-size":"auto","background-attachment":"scroll","background-type":"","background-media":"","overlay-type":"","overlay-color":"","overlay-opacity":"","overlay-gradient":""}},"ast-content-background-meta":{"desktop":{"background-color":"var(--ast-global-color-5)","background-image":"","background-repeat":"repeat","background-position":"center center","background-size":"auto","background-attachment":"scroll","background-type":"","background-media":"","overlay-type":"","overlay-color":"","overlay-opacity":"","overlay-gradient":""},"tablet":{"background-color":"var(--ast-global-color-5)","background-image":"","background-repeat":"repeat","background-position":"center center","background-size":"auto","background-attachment":"scroll","background-type":"","background-media":"","overlay-type":"","overlay-color":"","overlay-opacity":"","overlay-gradient":""},"mobile":{"background-color":"var(--ast-global-color-5)","background-image":"","background-repeat":"repeat","background-position":"center center","background-size":"auto","background-attachment":"scroll","background-type":"","background-media":"","overlay-type":"","overlay-color":"","overlay-opacity":"","overlay-gradient":""}},"ngg_post_thumbnail":0,"footnotes":""},"class_list":["post-1127","page","type-page","status-publish","hentry"],"_links":{"self":[{"href":"https:\/\/musgerbil.dk\/index.php?rest_route=\/wp\/v2\/pages\/1127"}],"collection":[{"href":"https:\/\/musgerbil.dk\/index.php?rest_route=\/wp\/v2\/pages"}],"about":[{"href":"https:\/\/musgerbil.dk\/index.php?rest_route=\/wp\/v2\/types\/page"}],"author":[{"embeddable":true,"href":"https:\/\/musgerbil.dk\/index.php?rest_route=\/wp\/v2\/users\/1"}],"replies":[{"embeddable":true,"href":"https:\/\/musgerbil.dk\/index.php?rest_route=%2Fwp%2Fv2%2Fcomments&post=1127"}],"version-history":[{"count":19,"href":"https:\/\/musgerbil.dk\/index.php?rest_route=\/wp\/v2\/pages\/1127\/revisions"}],"predecessor-version":[{"id":9460,"href":"https:\/\/musgerbil.dk\/index.php?rest_route=\/wp\/v2\/pages\/1127\/revisions\/9460"}],"up":[{"embeddable":true,"href":"https:\/\/musgerbil.dk\/index.php?rest_route=\/wp\/v2\/pages\/150"}],"wp:attachment":[{"href":"https:\/\/musgerbil.dk\/index.php?rest_route=%2Fwp%2Fv2%2Fmedia&parent=1127"}],"curies":[{"name":"wp","href":"https:\/\/api.w.org\/{rel}","templated":true}]}}