{"id":1110,"date":"2014-04-11T07:06:50","date_gmt":"2014-04-11T07:06:50","guid":{"rendered":"http:\/\/musgerbil.dk\/?page_id=1110"},"modified":"2022-02-17T23:49:07","modified_gmt":"2022-02-17T22:49:07","slug":"siamese-blue-point-mus","status":"publish","type":"page","link":"https:\/\/musgerbil.dk\/?page_id=1110","title":{"rendered":"Bluepoint siamese &#8211; Mus"},"content":{"rendered":"<p><strong>Genetik<\/strong>: aa c(h)c(h) dd (el. lnln)<br \/>\n<strong>Kropsfarve<\/strong>: Lys s\u00f8lvbl\u00e5 kropsfarve.<br \/>\n<strong>Points: <\/strong>Den \u00f8nskede point nuance er som en self blue. Points p\u00e5 snude\/ansigt som str\u00e6kker sig op til \u00f8jnene, p\u00e5 \u00f8rer samt ben\/f\u00f8dder og halerod.<br \/>\n<strong>Hale<\/strong>: Bl\u00e5lig. H\u00e5rene p\u00e5 halen skal v\u00e6re m\u00f8rkt bl\u00e5, som de \u00f8vrige points.<br \/>\n<strong>F\u00f8dder<\/strong>: Pelsen m\u00f8rkt bl\u00e5, som de \u00f8vrige points. Kl\u00f8r og tr\u00e6depuder lyse.<br \/>\n<strong>\u00d8jne<\/strong>: M\u00f8rker\u00f8de (ruby)<br \/>\n<strong>\u00d8rer<\/strong>: M\u00f8rkt bl\u00e5.<br \/>\n<strong>Almindelige fejl<\/strong>: Svage\/manglende points i hoved, p\u00e5 f\u00f8dder og hale. Uj\u00e6vn kropsfarve samt sodning.<\/p>\n<p><strong>Udstillingsvariant:<\/strong> Standard, Pointed<\/p>\nngg_shortcode_0_placeholder\n","protected":false},"excerpt":{"rendered":"<p>Genetik: aa c(h)c(h) dd (el. lnln) Kropsfarve: Lys s\u00f8lvbl\u00e5 kropsfarve. Points: Den \u00f8nskede point nuance er som en self blue. Points p\u00e5 snude\/ansigt som str\u00e6kker sig op til \u00f8jnene, p\u00e5 [&hellip;]<\/p>\n","protected":false},"author":1,"featured_media":0,"parent":150,"menu_order":0,"comment_status":"closed","ping_status":"closed","template":"","meta":{"site-sidebar-layout":"default","site-content-layout":"","ast-site-content-layout":"","site-content-style":"default","site-sidebar-style":"default","ast-global-header-display":"","ast-banner-title-visibility":"","ast-main-header-display":"","ast-hfb-above-header-display":"","ast-hfb-below-header-display":"","ast-hfb-mobile-header-display":"","site-post-title":"","ast-breadcrumbs-content":"","ast-featured-img":"","footer-sml-layout":"","theme-transparent-header-meta":"","adv-header-id-meta":"","stick-header-meta":"","header-above-stick-meta":"","header-main-stick-meta":"","header-below-stick-meta":"","astra-migrate-meta-layouts":"default","ast-page-background-enabled":"default","ast-page-background-meta":{"desktop":{"background-color":"var(--ast-global-color-4)","background-image":"","background-repeat":"repeat","background-position":"center center","background-size":"auto","background-attachment":"scroll","background-type":"","background-media":"","overlay-type":"","overlay-color":"","overlay-opacity":"","overlay-gradient":""},"tablet":{"background-color":"","background-image":"","background-repeat":"repeat","background-position":"center center","background-size":"auto","background-attachment":"scroll","background-type":"","background-media":"","overlay-type":"","overlay-color":"","overlay-opacity":"","overlay-gradient":""},"mobile":{"background-color":"","background-image":"","background-repeat":"repeat","background-position":"center center","background-size":"auto","background-attachment":"scroll","background-type":"","background-media":"","overlay-type":"","overlay-color":"","overlay-opacity":"","overlay-gradient":""}},"ast-content-background-meta":{"desktop":{"background-color":"var(--ast-global-color-5)","background-image":"","background-repeat":"repeat","background-position":"center center","background-size":"auto","background-attachment":"scroll","background-type":"","background-media":"","overlay-type":"","overlay-color":"","overlay-opacity":"","overlay-gradient":""},"tablet":{"background-color":"var(--ast-global-color-5)","background-image":"","background-repeat":"repeat","background-position":"center center","background-size":"auto","background-attachment":"scroll","background-type":"","background-media":"","overlay-type":"","overlay-color":"","overlay-opacity":"","overlay-gradient":""},"mobile":{"background-color":"var(--ast-global-color-5)","background-image":"","background-repeat":"repeat","background-position":"center center","background-size":"auto","background-attachment":"scroll","background-type":"","background-media":"","overlay-type":"","overlay-color":"","overlay-opacity":"","overlay-gradient":""}},"ngg_post_thumbnail":0,"footnotes":""},"class_list":["post-1110","page","type-page","status-publish","hentry"],"_links":{"self":[{"href":"https:\/\/musgerbil.dk\/index.php?rest_route=\/wp\/v2\/pages\/1110"}],"collection":[{"href":"https:\/\/musgerbil.dk\/index.php?rest_route=\/wp\/v2\/pages"}],"about":[{"href":"https:\/\/musgerbil.dk\/index.php?rest_route=\/wp\/v2\/types\/page"}],"author":[{"embeddable":true,"href":"https:\/\/musgerbil.dk\/index.php?rest_route=\/wp\/v2\/users\/1"}],"replies":[{"embeddable":true,"href":"https:\/\/musgerbil.dk\/index.php?rest_route=%2Fwp%2Fv2%2Fcomments&post=1110"}],"version-history":[{"count":12,"href":"https:\/\/musgerbil.dk\/index.php?rest_route=\/wp\/v2\/pages\/1110\/revisions"}],"predecessor-version":[{"id":9560,"href":"https:\/\/musgerbil.dk\/index.php?rest_route=\/wp\/v2\/pages\/1110\/revisions\/9560"}],"up":[{"embeddable":true,"href":"https:\/\/musgerbil.dk\/index.php?rest_route=\/wp\/v2\/pages\/150"}],"wp:attachment":[{"href":"https:\/\/musgerbil.dk\/index.php?rest_route=%2Fwp%2Fv2%2Fmedia&parent=1110"}],"curies":[{"name":"wp","href":"https:\/\/api.w.org\/{rel}","templated":true}]}}