{"id":1106,"date":"2014-04-11T07:05:58","date_gmt":"2014-04-11T07:05:58","guid":{"rendered":"http:\/\/musgerbil.dk\/?page_id=1106"},"modified":"2022-02-17T23:49:07","modified_gmt":"2022-02-17T22:49:07","slug":"himalaya-mus","status":"publish","type":"page","link":"https:\/\/musgerbil.dk\/?page_id=1106","title":{"rendered":"Himalaya &#8211; Mus"},"content":{"rendered":"<p><strong>Genetik<\/strong>: aa c(h)c<br \/>\n<strong>Kropsfarve<\/strong>: S\u00e5 hvid som muligt.<br \/>\n<strong>Points: <\/strong>Den \u00f8nskede point nuance er som m\u00f8rk chokolade. Points p\u00e5 snude\/ansigt som str\u00e6kker sig op til \u00f8jnene, p\u00e5 \u00f8rer samt ben\/f\u00f8dder og halerod.<br \/>\n<strong>Hale<\/strong>: Hudfarvet. H\u00e5rene p\u00e5 halen brune, som de \u00f8vrige points.<br \/>\n<strong>F\u00f8dder<\/strong>: Pelsen brun, som de \u00f8vrige points. Kl\u00f8r og tr\u00e6depuder lyse.<br \/>\n<strong>\u00d8jne<\/strong>: R\u00f8de (pink). M\u00f8rker\u00f8de (ruby) kan forekomme og betragtes ikke som en fejl.<br \/>\n<strong>\u00d8rer<\/strong>: Brune, som de \u00f8vrige points.<br \/>\n<strong>Almindelige fejl<\/strong>: Svage\/manglende points i hoved, p\u00e5 f\u00f8dder og hale. Uj\u00e6vn kropsfarve samt sodning. For m\u00f8rk kropsfarve (\u00f8nskes hvid og ikke blot lys)<\/p>\n<p><strong>Udstillingsvariant:<\/strong> Standard, Pointed<\/p>\nngg_shortcode_0_placeholder\n","protected":false},"excerpt":{"rendered":"<p>Genetik: aa c(h)c Kropsfarve: S\u00e5 hvid som muligt. Points: Den \u00f8nskede point nuance er som m\u00f8rk chokolade. Points p\u00e5 snude\/ansigt som str\u00e6kker sig op til \u00f8jnene, p\u00e5 \u00f8rer samt ben\/f\u00f8dder [&hellip;]<\/p>\n","protected":false},"author":1,"featured_media":0,"parent":150,"menu_order":0,"comment_status":"closed","ping_status":"closed","template":"","meta":{"site-sidebar-layout":"default","site-content-layout":"","ast-site-content-layout":"","site-content-style":"default","site-sidebar-style":"default","ast-global-header-display":"","ast-banner-title-visibility":"","ast-main-header-display":"","ast-hfb-above-header-display":"","ast-hfb-below-header-display":"","ast-hfb-mobile-header-display":"","site-post-title":"","ast-breadcrumbs-content":"","ast-featured-img":"","footer-sml-layout":"","theme-transparent-header-meta":"","adv-header-id-meta":"","stick-header-meta":"","header-above-stick-meta":"","header-main-stick-meta":"","header-below-stick-meta":"","astra-migrate-meta-layouts":"default","ast-page-background-enabled":"default","ast-page-background-meta":{"desktop":{"background-color":"var(--ast-global-color-4)","background-image":"","background-repeat":"repeat","background-position":"center center","background-size":"auto","background-attachment":"scroll","background-type":"","background-media":"","overlay-type":"","overlay-color":"","overlay-opacity":"","overlay-gradient":""},"tablet":{"background-color":"","background-image":"","background-repeat":"repeat","background-position":"center center","background-size":"auto","background-attachment":"scroll","background-type":"","background-media":"","overlay-type":"","overlay-color":"","overlay-opacity":"","overlay-gradient":""},"mobile":{"background-color":"","background-image":"","background-repeat":"repeat","background-position":"center center","background-size":"auto","background-attachment":"scroll","background-type":"","background-media":"","overlay-type":"","overlay-color":"","overlay-opacity":"","overlay-gradient":""}},"ast-content-background-meta":{"desktop":{"background-color":"var(--ast-global-color-5)","background-image":"","background-repeat":"repeat","background-position":"center center","background-size":"auto","background-attachment":"scroll","background-type":"","background-media":"","overlay-type":"","overlay-color":"","overlay-opacity":"","overlay-gradient":""},"tablet":{"background-color":"var(--ast-global-color-5)","background-image":"","background-repeat":"repeat","background-position":"center center","background-size":"auto","background-attachment":"scroll","background-type":"","background-media":"","overlay-type":"","overlay-color":"","overlay-opacity":"","overlay-gradient":""},"mobile":{"background-color":"var(--ast-global-color-5)","background-image":"","background-repeat":"repeat","background-position":"center center","background-size":"auto","background-attachment":"scroll","background-type":"","background-media":"","overlay-type":"","overlay-color":"","overlay-opacity":"","overlay-gradient":""}},"ngg_post_thumbnail":0,"footnotes":""},"class_list":["post-1106","page","type-page","status-publish","hentry"],"_links":{"self":[{"href":"https:\/\/musgerbil.dk\/index.php?rest_route=\/wp\/v2\/pages\/1106"}],"collection":[{"href":"https:\/\/musgerbil.dk\/index.php?rest_route=\/wp\/v2\/pages"}],"about":[{"href":"https:\/\/musgerbil.dk\/index.php?rest_route=\/wp\/v2\/types\/page"}],"author":[{"embeddable":true,"href":"https:\/\/musgerbil.dk\/index.php?rest_route=\/wp\/v2\/users\/1"}],"replies":[{"embeddable":true,"href":"https:\/\/musgerbil.dk\/index.php?rest_route=%2Fwp%2Fv2%2Fcomments&post=1106"}],"version-history":[{"count":11,"href":"https:\/\/musgerbil.dk\/index.php?rest_route=\/wp\/v2\/pages\/1106\/revisions"}],"predecessor-version":[{"id":9556,"href":"https:\/\/musgerbil.dk\/index.php?rest_route=\/wp\/v2\/pages\/1106\/revisions\/9556"}],"up":[{"embeddable":true,"href":"https:\/\/musgerbil.dk\/index.php?rest_route=\/wp\/v2\/pages\/150"}],"wp:attachment":[{"href":"https:\/\/musgerbil.dk\/index.php?rest_route=%2Fwp%2Fv2%2Fmedia&parent=1106"}],"curies":[{"name":"wp","href":"https:\/\/api.w.org\/{rel}","templated":true}]}}