{"id":1102,"date":"2014-04-11T07:05:00","date_gmt":"2014-04-11T07:05:00","guid":{"rendered":"http:\/\/musgerbil.dk\/?page_id=1102"},"modified":"2022-02-17T23:49:07","modified_gmt":"2022-02-17T22:49:07","slug":"burmese-mus","status":"publish","type":"page","link":"https:\/\/musgerbil.dk\/?page_id=1102","title":{"rendered":"Burmese &#8211; Mus"},"content":{"rendered":"<p><strong>Genetik<\/strong>: aa c(ch)c(h)<br \/>\n<strong>Kropsfarve<\/strong>: Varm, dyb brun tone som m\u00f8rk chokolade.<br \/>\n<strong>Points:<\/strong> Den \u00f8nskede point nuance er som en self sepia. Points p\u00e5 snude\/ansigt som str\u00e6kker sig op til \u00f8jnene, p\u00e5 \u00f8rer samt ben\/f\u00f8dder og halerod.<br \/>\n<strong>Hale<\/strong>: M\u00f8rk brun. H\u00e5rerne skal v\u00e6re m\u00f8rkt brune.<br \/>\n<strong>F\u00f8dder<\/strong>: Pelsen m\u00f8rkt brun som de \u00f8vrige points. Tr\u00e6depuder og kl\u00f8r m\u00f8rkt brune.<br \/>\n<strong>\u00d8jne<\/strong>: Sorte.<br \/>\n<strong>\u00d8rer<\/strong>: M\u00f8rkt brune.<br \/>\n<strong>Almindelige fejl<\/strong>: For lys eller m\u00f8rk kropsfarve. Svage eller helt manglende points. Sodning i kropsfarven. Lyse underside\/mave. Hvide h\u00e5r ved genitalier.<\/p>\n<p><strong>Udstillingsvariant:<\/strong> Standard, Pointed<\/p>\nngg_shortcode_0_placeholder\n","protected":false},"excerpt":{"rendered":"<p>Genetik: aa c(ch)c(h) Kropsfarve: Varm, dyb brun tone som m\u00f8rk chokolade. Points: Den \u00f8nskede point nuance er som en self sepia. Points p\u00e5 snude\/ansigt som str\u00e6kker sig op til \u00f8jnene, [&hellip;]<\/p>\n","protected":false},"author":1,"featured_media":0,"parent":150,"menu_order":0,"comment_status":"closed","ping_status":"closed","template":"","meta":{"site-sidebar-layout":"default","site-content-layout":"","ast-site-content-layout":"","site-content-style":"default","site-sidebar-style":"default","ast-global-header-display":"","ast-banner-title-visibility":"","ast-main-header-display":"","ast-hfb-above-header-display":"","ast-hfb-below-header-display":"","ast-hfb-mobile-header-display":"","site-post-title":"","ast-breadcrumbs-content":"","ast-featured-img":"","footer-sml-layout":"","theme-transparent-header-meta":"","adv-header-id-meta":"","stick-header-meta":"","header-above-stick-meta":"","header-main-stick-meta":"","header-below-stick-meta":"","astra-migrate-meta-layouts":"default","ast-page-background-enabled":"default","ast-page-background-meta":{"desktop":{"background-color":"var(--ast-global-color-4)","background-image":"","background-repeat":"repeat","background-position":"center center","background-size":"auto","background-attachment":"scroll","background-type":"","background-media":"","overlay-type":"","overlay-color":"","overlay-opacity":"","overlay-gradient":""},"tablet":{"background-color":"","background-image":"","background-repeat":"repeat","background-position":"center center","background-size":"auto","background-attachment":"scroll","background-type":"","background-media":"","overlay-type":"","overlay-color":"","overlay-opacity":"","overlay-gradient":""},"mobile":{"background-color":"","background-image":"","background-repeat":"repeat","background-position":"center center","background-size":"auto","background-attachment":"scroll","background-type":"","background-media":"","overlay-type":"","overlay-color":"","overlay-opacity":"","overlay-gradient":""}},"ast-content-background-meta":{"desktop":{"background-color":"var(--ast-global-color-5)","background-image":"","background-repeat":"repeat","background-position":"center center","background-size":"auto","background-attachment":"scroll","background-type":"","background-media":"","overlay-type":"","overlay-color":"","overlay-opacity":"","overlay-gradient":""},"tablet":{"background-color":"var(--ast-global-color-5)","background-image":"","background-repeat":"repeat","background-position":"center center","background-size":"auto","background-attachment":"scroll","background-type":"","background-media":"","overlay-type":"","overlay-color":"","overlay-opacity":"","overlay-gradient":""},"mobile":{"background-color":"var(--ast-global-color-5)","background-image":"","background-repeat":"repeat","background-position":"center center","background-size":"auto","background-attachment":"scroll","background-type":"","background-media":"","overlay-type":"","overlay-color":"","overlay-opacity":"","overlay-gradient":""}},"ngg_post_thumbnail":0,"footnotes":""},"class_list":["post-1102","page","type-page","status-publish","hentry"],"_links":{"self":[{"href":"https:\/\/musgerbil.dk\/index.php?rest_route=\/wp\/v2\/pages\/1102"}],"collection":[{"href":"https:\/\/musgerbil.dk\/index.php?rest_route=\/wp\/v2\/pages"}],"about":[{"href":"https:\/\/musgerbil.dk\/index.php?rest_route=\/wp\/v2\/types\/page"}],"author":[{"embeddable":true,"href":"https:\/\/musgerbil.dk\/index.php?rest_route=\/wp\/v2\/users\/1"}],"replies":[{"embeddable":true,"href":"https:\/\/musgerbil.dk\/index.php?rest_route=%2Fwp%2Fv2%2Fcomments&post=1102"}],"version-history":[{"count":10,"href":"https:\/\/musgerbil.dk\/index.php?rest_route=\/wp\/v2\/pages\/1102\/revisions"}],"predecessor-version":[{"id":9551,"href":"https:\/\/musgerbil.dk\/index.php?rest_route=\/wp\/v2\/pages\/1102\/revisions\/9551"}],"up":[{"embeddable":true,"href":"https:\/\/musgerbil.dk\/index.php?rest_route=\/wp\/v2\/pages\/150"}],"wp:attachment":[{"href":"https:\/\/musgerbil.dk\/index.php?rest_route=%2Fwp%2Fv2%2Fmedia&parent=1102"}],"curies":[{"name":"wp","href":"https:\/\/api.w.org\/{rel}","templated":true}]}}