{"id":1086,"date":"2014-04-11T07:00:29","date_gmt":"2014-04-11T07:00:29","guid":{"rendered":"http:\/\/musgerbil.dk\/?page_id=1086"},"modified":"2022-02-17T23:49:07","modified_gmt":"2022-02-17T22:49:07","slug":"chinchilla-mus","status":"publish","type":"page","link":"https:\/\/musgerbil.dk\/?page_id=1086","title":{"rendered":"Chinchilla &#8211; Mus"},"content":{"rendered":"<p><strong>Genetik<\/strong>: Aa(t) c(ch)c(ch)<br \/>\n<strong>Grundfarve<\/strong>: Farven skal v\u00e6re s\u00e5 t\u00e6t p\u00e5 den \u00e6gte chinchilla farve som muligt med en skiffergr\u00e5 underpels og sort ticking.<br \/>\n<strong>Mave<\/strong>: Maven skal v\u00e6re hvid\/fox<br \/>\n<strong>Hale<\/strong>: M\u00f8rk gr\u00e5lig hudfarve<br \/>\n<strong>F\u00f8dder<\/strong>: Pelsen p\u00e5 f\u00f8dderne er hvide. Tr\u00e6depuder er lyse\/hudfarvede og kl\u00f8erne lyse.<br \/>\n<strong>\u00d8jne<\/strong>: Sorte<br \/>\n<strong>\u00d8rer<\/strong>: Hudfarvet<br \/>\n<strong>Almindelige&nbsp;fejl<\/strong>: Plamager med fejltoning i pelsen. Tydeligt brunligt sk\u00e6r<\/p>\n<p><strong>Udstillingsvariant:<\/strong> Sj\u00e6lden Variant<\/p>\nngg_shortcode_0_placeholder\n","protected":false},"excerpt":{"rendered":"<p>Genetik: Aa(t) c(ch)c(ch) Grundfarve: Farven skal v\u00e6re s\u00e5 t\u00e6t p\u00e5 den \u00e6gte chinchilla farve som muligt med en skiffergr\u00e5 underpels og sort ticking. Mave: Maven skal v\u00e6re hvid\/fox Hale: M\u00f8rk [&hellip;]<\/p>\n","protected":false},"author":1,"featured_media":0,"parent":150,"menu_order":0,"comment_status":"closed","ping_status":"closed","template":"","meta":{"site-sidebar-layout":"default","site-content-layout":"","ast-site-content-layout":"","site-content-style":"default","site-sidebar-style":"default","ast-global-header-display":"","ast-banner-title-visibility":"","ast-main-header-display":"","ast-hfb-above-header-display":"","ast-hfb-below-header-display":"","ast-hfb-mobile-header-display":"","site-post-title":"","ast-breadcrumbs-content":"","ast-featured-img":"","footer-sml-layout":"","theme-transparent-header-meta":"","adv-header-id-meta":"","stick-header-meta":"","header-above-stick-meta":"","header-main-stick-meta":"","header-below-stick-meta":"","astra-migrate-meta-layouts":"default","ast-page-background-enabled":"default","ast-page-background-meta":{"desktop":{"background-color":"var(--ast-global-color-4)","background-image":"","background-repeat":"repeat","background-position":"center center","background-size":"auto","background-attachment":"scroll","background-type":"","background-media":"","overlay-type":"","overlay-color":"","overlay-opacity":"","overlay-gradient":""},"tablet":{"background-color":"","background-image":"","background-repeat":"repeat","background-position":"center center","background-size":"auto","background-attachment":"scroll","background-type":"","background-media":"","overlay-type":"","overlay-color":"","overlay-opacity":"","overlay-gradient":""},"mobile":{"background-color":"","background-image":"","background-repeat":"repeat","background-position":"center center","background-size":"auto","background-attachment":"scroll","background-type":"","background-media":"","overlay-type":"","overlay-color":"","overlay-opacity":"","overlay-gradient":""}},"ast-content-background-meta":{"desktop":{"background-color":"var(--ast-global-color-5)","background-image":"","background-repeat":"repeat","background-position":"center center","background-size":"auto","background-attachment":"scroll","background-type":"","background-media":"","overlay-type":"","overlay-color":"","overlay-opacity":"","overlay-gradient":""},"tablet":{"background-color":"var(--ast-global-color-5)","background-image":"","background-repeat":"repeat","background-position":"center center","background-size":"auto","background-attachment":"scroll","background-type":"","background-media":"","overlay-type":"","overlay-color":"","overlay-opacity":"","overlay-gradient":""},"mobile":{"background-color":"var(--ast-global-color-5)","background-image":"","background-repeat":"repeat","background-position":"center center","background-size":"auto","background-attachment":"scroll","background-type":"","background-media":"","overlay-type":"","overlay-color":"","overlay-opacity":"","overlay-gradient":""}},"ngg_post_thumbnail":0,"footnotes":""},"class_list":["post-1086","page","type-page","status-publish","hentry"],"_links":{"self":[{"href":"https:\/\/musgerbil.dk\/index.php?rest_route=\/wp\/v2\/pages\/1086"}],"collection":[{"href":"https:\/\/musgerbil.dk\/index.php?rest_route=\/wp\/v2\/pages"}],"about":[{"href":"https:\/\/musgerbil.dk\/index.php?rest_route=\/wp\/v2\/types\/page"}],"author":[{"embeddable":true,"href":"https:\/\/musgerbil.dk\/index.php?rest_route=\/wp\/v2\/users\/1"}],"replies":[{"embeddable":true,"href":"https:\/\/musgerbil.dk\/index.php?rest_route=%2Fwp%2Fv2%2Fcomments&post=1086"}],"version-history":[{"count":9,"href":"https:\/\/musgerbil.dk\/index.php?rest_route=\/wp\/v2\/pages\/1086\/revisions"}],"predecessor-version":[{"id":9608,"href":"https:\/\/musgerbil.dk\/index.php?rest_route=\/wp\/v2\/pages\/1086\/revisions\/9608"}],"up":[{"embeddable":true,"href":"https:\/\/musgerbil.dk\/index.php?rest_route=\/wp\/v2\/pages\/150"}],"wp:attachment":[{"href":"https:\/\/musgerbil.dk\/index.php?rest_route=%2Fwp%2Fv2%2Fmedia&parent=1086"}],"curies":[{"name":"wp","href":"https:\/\/api.w.org\/{rel}","templated":true}]}}