{"id":1084,"date":"2014-04-11T07:00:05","date_gmt":"2014-04-11T07:00:05","guid":{"rendered":"http:\/\/musgerbil.dk\/?page_id=1084"},"modified":"2022-02-17T23:49:07","modified_gmt":"2022-02-17T22:49:07","slug":"blue-agouti-mus","status":"publish","type":"page","link":"https:\/\/musgerbil.dk\/?page_id=1084","title":{"rendered":"Blue Agouti &#8211; Mus"},"content":{"rendered":"<p><strong>Genetik<\/strong>: AA dd \/ Aa dd (kan laves med leaden\/lnln men anbefales ikke)<br \/>\n<strong>Grundfarve<\/strong>: Farven skal v\u00e6re en gul-orange nuance med tydelig bl\u00e5 ticking. Underfarven skal bl\u00e5. Udover den bl\u00e5 farve p\u00e5 hvert h\u00e5rstr\u00e5 skal der ligeledes v\u00e6re tydelig &#8220;agouti farve\/b\u00e5ndfarve&#8221;, som vil fremst\u00e5 som en gul-orange farve. Laves blue agouti med leaden\/lnln i stedet for blue\/dd vil farven fremst\u00e5 for brun\/r\u00f8d, da leaden ikke afbleger\/diluter den r\u00f8dlige b\u00e5ndfarve som diluted\/dd g\u00f8r.<br \/>\n<strong>Mave<\/strong>: Maven skal v\u00e6re samme farve som toppen blot lysere.<br \/>\n<strong>Hale<\/strong>: Halen fremst\u00e5r bl\u00e5. H\u00e5rene p\u00e5 halen er bl\u00e5.<br \/>\n<strong>F\u00f8dder<\/strong>: Pelsen har samme farve som grundfarven. Tr\u00e6depuder og kl\u00f8er er kolde\/bl\u00e5lige.<br \/>\n<strong>\u00d8jne<\/strong>: Sorte<br \/>\n<strong>\u00d8rer<\/strong>: Bl\u00e5<br \/>\n<strong>Almindelige&nbsp;fejl<\/strong>: Umbrous. Farven fremst\u00e5r ofte for brun med manglende tydelig bl\u00e5 ticking og tone.<\/p>\n<p><strong>Udstillingsvariant:<\/strong> Sj\u00e6lden Variant<\/p>\nngg_shortcode_0_placeholder\n","protected":false},"excerpt":{"rendered":"<p>Genetik: AA dd \/ Aa dd (kan laves med leaden\/lnln men anbefales ikke) Grundfarve: Farven skal v\u00e6re en gul-orange nuance med tydelig bl\u00e5 ticking. Underfarven skal bl\u00e5. Udover den bl\u00e5 [&hellip;]<\/p>\n","protected":false},"author":1,"featured_media":0,"parent":150,"menu_order":0,"comment_status":"closed","ping_status":"closed","template":"","meta":{"site-sidebar-layout":"default","site-content-layout":"","ast-site-content-layout":"","site-content-style":"default","site-sidebar-style":"default","ast-global-header-display":"","ast-banner-title-visibility":"","ast-main-header-display":"","ast-hfb-above-header-display":"","ast-hfb-below-header-display":"","ast-hfb-mobile-header-display":"","site-post-title":"","ast-breadcrumbs-content":"","ast-featured-img":"","footer-sml-layout":"","theme-transparent-header-meta":"","adv-header-id-meta":"","stick-header-meta":"","header-above-stick-meta":"","header-main-stick-meta":"","header-below-stick-meta":"","astra-migrate-meta-layouts":"default","ast-page-background-enabled":"default","ast-page-background-meta":{"desktop":{"background-color":"var(--ast-global-color-4)","background-image":"","background-repeat":"repeat","background-position":"center center","background-size":"auto","background-attachment":"scroll","background-type":"","background-media":"","overlay-type":"","overlay-color":"","overlay-opacity":"","overlay-gradient":""},"tablet":{"background-color":"","background-image":"","background-repeat":"repeat","background-position":"center center","background-size":"auto","background-attachment":"scroll","background-type":"","background-media":"","overlay-type":"","overlay-color":"","overlay-opacity":"","overlay-gradient":""},"mobile":{"background-color":"","background-image":"","background-repeat":"repeat","background-position":"center center","background-size":"auto","background-attachment":"scroll","background-type":"","background-media":"","overlay-type":"","overlay-color":"","overlay-opacity":"","overlay-gradient":""}},"ast-content-background-meta":{"desktop":{"background-color":"var(--ast-global-color-5)","background-image":"","background-repeat":"repeat","background-position":"center center","background-size":"auto","background-attachment":"scroll","background-type":"","background-media":"","overlay-type":"","overlay-color":"","overlay-opacity":"","overlay-gradient":""},"tablet":{"background-color":"var(--ast-global-color-5)","background-image":"","background-repeat":"repeat","background-position":"center center","background-size":"auto","background-attachment":"scroll","background-type":"","background-media":"","overlay-type":"","overlay-color":"","overlay-opacity":"","overlay-gradient":""},"mobile":{"background-color":"var(--ast-global-color-5)","background-image":"","background-repeat":"repeat","background-position":"center center","background-size":"auto","background-attachment":"scroll","background-type":"","background-media":"","overlay-type":"","overlay-color":"","overlay-opacity":"","overlay-gradient":""}},"ngg_post_thumbnail":0,"footnotes":""},"class_list":["post-1084","page","type-page","status-publish","hentry"],"_links":{"self":[{"href":"https:\/\/musgerbil.dk\/index.php?rest_route=\/wp\/v2\/pages\/1084"}],"collection":[{"href":"https:\/\/musgerbil.dk\/index.php?rest_route=\/wp\/v2\/pages"}],"about":[{"href":"https:\/\/musgerbil.dk\/index.php?rest_route=\/wp\/v2\/types\/page"}],"author":[{"embeddable":true,"href":"https:\/\/musgerbil.dk\/index.php?rest_route=\/wp\/v2\/users\/1"}],"replies":[{"embeddable":true,"href":"https:\/\/musgerbil.dk\/index.php?rest_route=%2Fwp%2Fv2%2Fcomments&post=1084"}],"version-history":[{"count":9,"href":"https:\/\/musgerbil.dk\/index.php?rest_route=\/wp\/v2\/pages\/1084\/revisions"}],"predecessor-version":[{"id":9606,"href":"https:\/\/musgerbil.dk\/index.php?rest_route=\/wp\/v2\/pages\/1084\/revisions\/9606"}],"up":[{"embeddable":true,"href":"https:\/\/musgerbil.dk\/index.php?rest_route=\/wp\/v2\/pages\/150"}],"wp:attachment":[{"href":"https:\/\/musgerbil.dk\/index.php?rest_route=%2Fwp%2Fv2%2Fmedia&parent=1084"}],"curies":[{"name":"wp","href":"https:\/\/api.w.org\/{rel}","templated":true}]}}