{"id":10652,"date":"2019-11-09T21:42:16","date_gmt":"2019-11-09T20:42:16","guid":{"rendered":"http:\/\/musgerbil.dk\/?page_id=10652"},"modified":"2022-02-17T23:48:46","modified_gmt":"2022-02-17T22:48:46","slug":"udstillede-varianter-i-2019","status":"publish","type":"page","link":"https:\/\/musgerbil.dk\/?page_id=10652","title":{"rendered":"Udstillede varianter i 2019"},"content":{"rendered":"\n<p>Op\/nedrykning bliver ikke aktuelt i 2019 pga. manglende dommerkapacitet. Da vi pt. kun har en standarddommer, har hun ikke selv haft mulighed for at udstille og det vil ikke v\u00e6re retf\u00e6rdigt at rykke varianter p\u00e5 det grundlag. <br>Her listes alligevel de varianter, der har v\u00e6ret udstillet i 2019. Tallet f\u00f8r \/ viser antallet ialt og tallet efter \/ viser hvor mange ud af de udstillede dyr, der har opn\u00e5et 87 point eller derover.<br>Se mere om op\/nedrykning <a href=\"https:\/\/musgerbil.dk\/?page_id=9218\">HER<\/a><\/p>\n\n\n\n<table class=\"wp-block-table\"><tbody><tr><td><strong>Standard varianter:<\/strong><\/td><td><\/td><\/tr><tr><td>Agouti<\/td><td> 0\/0 <\/td><\/tr><tr><td>Argente<\/td><td> 0\/0 <\/td><\/tr><tr><td>Cinnamon<\/td><td> 0\/0 <\/td><\/tr><tr><td>Beige<\/td><td>0\/0<\/td><\/tr><tr><td>Black<\/td><td>1\/0<\/td><\/tr><tr><td>Blue<\/td><td>2\/1<\/td><\/tr><tr><td>Bone<\/td><td>2\/2<\/td><\/tr><tr><td>Champagne<\/td><td>0\/0<\/td><\/tr><tr><td>Chocolate<\/td><td>2\/0<\/td><\/tr><tr><td>Dove<\/td><td>0\/0<\/td><\/tr><tr><td>Pink eyed white<\/td><td>2\/2<\/td><\/tr><tr><td> Burmese <\/td><td> 0\/0 <\/td><\/tr><tr><td> Blue burmese <\/td><td> 0\/0 <\/td><\/tr><tr><td> Colourpoint beige <\/td><td> 0\/0 <\/td><\/tr><tr><td>Colourpoint smoke<\/td><td>1\/1<\/td><\/tr><tr><td>Himalaya<\/td><td>0\/0<\/td><\/tr><tr><td>Bluepoint himalaya<\/td><td>0\/0<\/td><\/tr><tr><td>Sealpoint siamese<\/td><td>4\/2<\/td><\/tr><tr><td>Bluepoint siamese<\/td><td>3\/2<\/td><\/tr><tr><td>Tan<\/td><td>8\/3<\/td><\/tr><tr><td>Fox<\/td><td>0\/0<\/td><\/tr><tr><td>Banded<\/td><td>3\/0<\/td><\/tr><tr><td>Hereford<\/td><td>1\/0<\/td><\/tr><tr><td>Satin (Blue)<\/td><td>1\/0<\/td><\/tr><tr><td><strong>Sj\u00e6ldne varianter:<\/strong><\/td><td><\/td><\/tr><tr><td>Smoke<\/td><td>2\/2<\/td><\/tr><tr><td>Splashed<\/td><td>3\/3<\/td><\/tr><tr><td>Fuzzy<\/td><td>1\/0<\/td><\/tr><tr><td>Texel<\/td><td>1\/0<\/td><\/tr><tr><td>Langh\u00e5r<\/td><td>1\/0<\/td><\/tr><tr><td>Astrex<\/td><td>1\/0<\/td><\/tr><tr><td>Lilac<\/td><td>1\/1<\/td><\/tr><\/tbody><\/table>\n","protected":false},"excerpt":{"rendered":"<p>Op\/nedrykning bliver ikke aktuelt i 2019 pga. manglende dommerkapacitet. Da vi pt. kun har en standarddommer, har hun ikke selv haft mulighed for at udstille og det vil ikke v\u00e6re [&hellip;]<\/p>\n","protected":false},"author":114,"featured_media":0,"parent":0,"menu_order":0,"comment_status":"closed","ping_status":"closed","template":"","meta":{"site-sidebar-layout":"default","site-content-layout":"","ast-site-content-layout":"","site-content-style":"default","site-sidebar-style":"default","ast-global-header-display":"","ast-banner-title-visibility":"","ast-main-header-display":"","ast-hfb-above-header-display":"","ast-hfb-below-header-display":"","ast-hfb-mobile-header-display":"","site-post-title":"","ast-breadcrumbs-content":"","ast-featured-img":"","footer-sml-layout":"","theme-transparent-header-meta":"","adv-header-id-meta":"","stick-header-meta":"","header-above-stick-meta":"","header-main-stick-meta":"","header-below-stick-meta":"","astra-migrate-meta-layouts":"default","ast-page-background-enabled":"default","ast-page-background-meta":{"desktop":{"background-color":"var(--ast-global-color-4)","background-image":"","background-repeat":"repeat","background-position":"center center","background-size":"auto","background-attachment":"scroll","background-type":"","background-media":"","overlay-type":"","overlay-color":"","overlay-opacity":"","overlay-gradient":""},"tablet":{"background-color":"","background-image":"","background-repeat":"repeat","background-position":"center center","background-size":"auto","background-attachment":"scroll","background-type":"","background-media":"","overlay-type":"","overlay-color":"","overlay-opacity":"","overlay-gradient":""},"mobile":{"background-color":"","background-image":"","background-repeat":"repeat","background-position":"center center","background-size":"auto","background-attachment":"scroll","background-type":"","background-media":"","overlay-type":"","overlay-color":"","overlay-opacity":"","overlay-gradient":""}},"ast-content-background-meta":{"desktop":{"background-color":"var(--ast-global-color-5)","background-image":"","background-repeat":"repeat","background-position":"center center","background-size":"auto","background-attachment":"scroll","background-type":"","background-media":"","overlay-type":"","overlay-color":"","overlay-opacity":"","overlay-gradient":""},"tablet":{"background-color":"var(--ast-global-color-5)","background-image":"","background-repeat":"repeat","background-position":"center center","background-size":"auto","background-attachment":"scroll","background-type":"","background-media":"","overlay-type":"","overlay-color":"","overlay-opacity":"","overlay-gradient":""},"mobile":{"background-color":"var(--ast-global-color-5)","background-image":"","background-repeat":"repeat","background-position":"center center","background-size":"auto","background-attachment":"scroll","background-type":"","background-media":"","overlay-type":"","overlay-color":"","overlay-opacity":"","overlay-gradient":""}},"ngg_post_thumbnail":0,"footnotes":""},"class_list":["post-10652","page","type-page","status-publish","hentry"],"_links":{"self":[{"href":"https:\/\/musgerbil.dk\/index.php?rest_route=\/wp\/v2\/pages\/10652"}],"collection":[{"href":"https:\/\/musgerbil.dk\/index.php?rest_route=\/wp\/v2\/pages"}],"about":[{"href":"https:\/\/musgerbil.dk\/index.php?rest_route=\/wp\/v2\/types\/page"}],"author":[{"embeddable":true,"href":"https:\/\/musgerbil.dk\/index.php?rest_route=\/wp\/v2\/users\/114"}],"replies":[{"embeddable":true,"href":"https:\/\/musgerbil.dk\/index.php?rest_route=%2Fwp%2Fv2%2Fcomments&post=10652"}],"version-history":[{"count":3,"href":"https:\/\/musgerbil.dk\/index.php?rest_route=\/wp\/v2\/pages\/10652\/revisions"}],"predecessor-version":[{"id":10656,"href":"https:\/\/musgerbil.dk\/index.php?rest_route=\/wp\/v2\/pages\/10652\/revisions\/10656"}],"wp:attachment":[{"href":"https:\/\/musgerbil.dk\/index.php?rest_route=%2Fwp%2Fv2%2Fmedia&parent=10652"}],"curies":[{"name":"wp","href":"https:\/\/api.w.org\/{rel}","templated":true}]}}