{"id":10460,"date":"2019-05-24T11:37:43","date_gmt":"2019-05-24T09:37:43","guid":{"rendered":"http:\/\/musgerbil.dk\/?page_id=10460"},"modified":"2022-02-17T23:48:46","modified_gmt":"2022-02-17T22:48:46","slug":"vejledning-til-ansoegning-af-stamtavler","status":"publish","type":"page","link":"https:\/\/musgerbil.dk\/?page_id=10460","title":{"rendered":"Vejledning til ans\u00f8gning af stamtavler"},"content":{"rendered":"\n<p><a href=\"https:\/\/musgerbil.dk\/?page_id=362\" target=\"_blank\" rel=\"noreferrer noopener\">Reglerne for Stambogsf\u00f8ring <\/a>skal altid overholdes.<br>Derudover er der disse f\u00e6lles retningslinjer for ans\u00f8gning af stamtavler, uanset art, der altid skal overholdes:<\/p>\n\n\n\n<ul class=\"wp-block-list\"><li>Det fulde navn er inkl. opdr\u00e6tternavn, hvis dette forefindes.<\/li><li>Hunner skrives f\u00f8r hanner i en kuld ans\u00f8gning.<\/li><li>Angivelse af variant, aftegn og pels skal altid f\u00f8lge foreningens navngivning af disse.          Se mere p\u00e5 siderne om Farver og gener.  <a rel=\"noreferrer noopener\" aria-label=\" (\u00e5bner i en ny fane)\" href=\"https:\/\/musgerbil.dk\/?page_id=150\" target=\"_blank\">Mus<\/a>  <a rel=\"noreferrer noopener\" aria-label=\" (\u00e5bner i en ny fane)\" href=\"https:\/\/musgerbil.dk\/?page_id=152\" target=\"_blank\">\u00d8rkenrotter<\/a><\/li><li>Genkoder skrives i alfabetisk r\u00e6kkef\u00f8lge<\/li><li>Variant betegnelse starter med stort, hvis der er flere ord i selve variant beskrivelsen, skrives efter f\u00f8lgende ord med sm\u00e5t. Pelstype beskrivelse starter derefter med stort og er den flere ord i denne skrives de med sm\u00e5t, bortset fra forkortelser.<\/li><li>Forkortelser (mus) bruges kun for \u00f8jenfarve, langh\u00e5r og korth\u00e5r: PE for pink eyed (Kun relevant ved Pink eyed White, Pink eyed Bone og Pink eyed Recessive yellow) og DE for dark eyed (DE er kun relevant for Dark eyed White). PE og DE skrives\u00a0 <strong>ikke <\/strong>ved varianter, hvor \u00f8jenfarven giver sig selv. Sh (Shorthair) skrives til sidst efter farvevariant ved alle mus med alm. korth\u00e5rspels (ved satin: Satin Sh) og Lh (Longhair) p\u00e5 samme m\u00e5de (ved satin: Satin Lh)<\/li><li>Eksempler: &#8220;Colourpoint beige Satin Lh&#8221;, Black Satin texel&#8221;, PE White texel, &#8220;PE Recessive yellow Sh&#8221;, DE White Sh&#8221;.<\/li><li>Genkoder skrives alfabetisk med mellemrum mellem hver genpar. Gener med \u201coph\u00e6vede\u201d bogstaver skrives i parentes f.eks. a(t)a og cc(h). Dette p\u00e5 grund af begr\u00e6nsninger i stambogs-software og med _ (underscore) for ukendte gener (mulige b\u00e6rergener) f.eks. Aa Cc(h) Dd P_<\/li><li>Eksempler p\u00e5 korrekt skrevet varianter med genkoder (og b\u00e6rer gener):<br>Black Sh (b\u00e6rer Blue og m\u00e5ske Chocolate) &#8211; aa B_ Dd<br>Colourpoint beige Texel (b\u00e6rer Recessive yellow) &#8211; aa c(e)c(h) Ee gogo Re_<br>Blue Sh (b\u00e6rer Siamese og m\u00e5ske Satin) &#8211; aa Cc(h) dd Sa_<\/li><li>Skriv kun de gener, som er relevante. Findes der ikke en kendt genkode for din art\/variant s\u00e5 lad feltet st\u00e5 blank eller skriv ?.<\/li><li>Et navn kan kun figurere i systemet \u00e9n gang. Tjek gerne Stambogen inden I ans\u00f8ger om navnet \u2013 er navnet allerede registreret og dette ans\u00f8ges alligevel, vil der komme en tal bagp\u00e5 f.eks. Bamse, Bamse (1), Bamse (2) osv..<\/li><li>RETTELSER sendes via email evt. via formularen: Skriv de korrekte oplysninger ind og p\u00e5f\u00f8r &#8220;Rettelse&#8221; i &#8220;Besked til stambogsf\u00f8rer&#8221;<\/li><li>Tilladte rettelser: K\u00f8n, Farve, aftegn, pelstype og Genkode.<\/li><li>Hvis der \u00f8nskes PDF filer af stamtavlerne tilsendt p\u00e5 email, krydses dette af ved ans\u00f8gning, der kan dog ogs\u00e5 altid tilsendes opdaterede PDF filer ved kontakt til stambogskontoret via email.<\/li><li>Stambogskontoret st\u00e5r altid til r\u00e5dighed, hvis du har brug for hj\u00e6lp eller har sp\u00f8rgsm\u00e5l til stambogsf\u00f8ring.<\/li><\/ul>\n","protected":false},"excerpt":{"rendered":"<p>Reglerne for Stambogsf\u00f8ring skal altid overholdes.Derudover er der disse f\u00e6lles retningslinjer for ans\u00f8gning af stamtavler, uanset art, der altid skal overholdes: Det fulde navn er inkl. opdr\u00e6tternavn, hvis dette forefindes. [&hellip;]<\/p>\n","protected":false},"author":114,"featured_media":0,"parent":36,"menu_order":0,"comment_status":"closed","ping_status":"closed","template":"","meta":{"site-sidebar-layout":"default","site-content-layout":"","ast-site-content-layout":"","site-content-style":"default","site-sidebar-style":"default","ast-global-header-display":"","ast-banner-title-visibility":"","ast-main-header-display":"","ast-hfb-above-header-display":"","ast-hfb-below-header-display":"","ast-hfb-mobile-header-display":"","site-post-title":"","ast-breadcrumbs-content":"","ast-featured-img":"","footer-sml-layout":"","theme-transparent-header-meta":"","adv-header-id-meta":"","stick-header-meta":"","header-above-stick-meta":"","header-main-stick-meta":"","header-below-stick-meta":"","astra-migrate-meta-layouts":"default","ast-page-background-enabled":"default","ast-page-background-meta":{"desktop":{"background-color":"var(--ast-global-color-4)","background-image":"","background-repeat":"repeat","background-position":"center center","background-size":"auto","background-attachment":"scroll","background-type":"","background-media":"","overlay-type":"","overlay-color":"","overlay-opacity":"","overlay-gradient":""},"tablet":{"background-color":"","background-image":"","background-repeat":"repeat","background-position":"center center","background-size":"auto","background-attachment":"scroll","background-type":"","background-media":"","overlay-type":"","overlay-color":"","overlay-opacity":"","overlay-gradient":""},"mobile":{"background-color":"","background-image":"","background-repeat":"repeat","background-position":"center center","background-size":"auto","background-attachment":"scroll","background-type":"","background-media":"","overlay-type":"","overlay-color":"","overlay-opacity":"","overlay-gradient":""}},"ast-content-background-meta":{"desktop":{"background-color":"var(--ast-global-color-5)","background-image":"","background-repeat":"repeat","background-position":"center center","background-size":"auto","background-attachment":"scroll","background-type":"","background-media":"","overlay-type":"","overlay-color":"","overlay-opacity":"","overlay-gradient":""},"tablet":{"background-color":"var(--ast-global-color-5)","background-image":"","background-repeat":"repeat","background-position":"center center","background-size":"auto","background-attachment":"scroll","background-type":"","background-media":"","overlay-type":"","overlay-color":"","overlay-opacity":"","overlay-gradient":""},"mobile":{"background-color":"var(--ast-global-color-5)","background-image":"","background-repeat":"repeat","background-position":"center center","background-size":"auto","background-attachment":"scroll","background-type":"","background-media":"","overlay-type":"","overlay-color":"","overlay-opacity":"","overlay-gradient":""}},"ngg_post_thumbnail":0,"footnotes":""},"class_list":["post-10460","page","type-page","status-publish","hentry"],"_links":{"self":[{"href":"https:\/\/musgerbil.dk\/index.php?rest_route=\/wp\/v2\/pages\/10460"}],"collection":[{"href":"https:\/\/musgerbil.dk\/index.php?rest_route=\/wp\/v2\/pages"}],"about":[{"href":"https:\/\/musgerbil.dk\/index.php?rest_route=\/wp\/v2\/types\/page"}],"author":[{"embeddable":true,"href":"https:\/\/musgerbil.dk\/index.php?rest_route=\/wp\/v2\/users\/114"}],"replies":[{"embeddable":true,"href":"https:\/\/musgerbil.dk\/index.php?rest_route=%2Fwp%2Fv2%2Fcomments&post=10460"}],"version-history":[{"count":9,"href":"https:\/\/musgerbil.dk\/index.php?rest_route=\/wp\/v2\/pages\/10460\/revisions"}],"predecessor-version":[{"id":10547,"href":"https:\/\/musgerbil.dk\/index.php?rest_route=\/wp\/v2\/pages\/10460\/revisions\/10547"}],"up":[{"embeddable":true,"href":"https:\/\/musgerbil.dk\/index.php?rest_route=\/wp\/v2\/pages\/36"}],"wp:attachment":[{"href":"https:\/\/musgerbil.dk\/index.php?rest_route=%2Fwp%2Fv2%2Fmedia&parent=10460"}],"curies":[{"name":"wp","href":"https:\/\/api.w.org\/{rel}","templated":true}]}}